{"id":22158,"date":"2021-10-09T11:31:56","date_gmt":"2021-10-09T10:31:56","guid":{"rendered":"https:\/\/idealpesca.com\/loja\/produto\/mesa-de-iscos-kit-braco-simplesbandeja-adc\/"},"modified":"2026-05-15T19:43:13","modified_gmt":"2026-05-15T18:43:13","slug":"mesa-de-iscos-kit-braco-simplesbandeja-adc","status":"publish","type":"product","link":"https:\/\/idealpesca.com\/loja\/produto\/mesa-de-iscos-kit-braco-simplesbandeja-adc\/","title":{"rendered":"MESA de iscos Kit Bra\u00e7o simples+Bandeja ADC"},"content":{"rendered":"<div id=\"description\" class=\"tab-pane fade in active\">\n<div class=\"product-description\">\n<p>Kit perfeito para colocar nos espetos de praia normais, mudando de maneira r\u00e1pida e f\u00e1cil o encaixe dos suportes de praia podes juntar ao suporte de praia um bra\u00e7o simples com\u00a0 uma bandeja de competi\u00e7\u00e3o air box.<\/p>\n<p>O kit tem os seguintes elementos:<\/p>\n<p>-pe\u00e7as com encaixe para bra\u00e7o simples;<\/p>\n<p>-Bra\u00e7o simples;<\/p>\n<p>-Bandeija air box competi\u00e7\u00e3o ADC;<\/p>\n<p>\u00a0<\/p>\n<\/div>\n<\/div>\n<p><strong><span style=\"font-size: large;color: #000000\">\u00a0<\/span><\/strong><\/p>\n<p><strong><span style=\"font-size: large;color: #000000\">&#8211; Espeto vendido em separado;<\/span><\/strong><\/p>\n","protected":false},"excerpt":{"rendered":"<p>Kit perfeito para colocar nos espetos de praia normais, mudando de maneira r\u00e1pida e f\u00e1cil o encaixe dos suportes de praia podes juntar ao suporte de praia um bra\u00e7o simples com\u00a0 uma bandeja de competi\u00e7\u00e3o air box. O kit tem os seguintes elementos: -pe\u00e7as com encaixe para bra\u00e7o simples; -Bra\u00e7o simples; -Bandeija air box competi\u00e7\u00e3o [&hellip;]<\/p>\n","protected":false},"featured_media":27947,"comment_status":"open","ping_status":"closed","template":"","meta":[],"product_brand":[],"product_cat":[210],"product_tag":[],"class_list":{"0":"post-22158","1":"product","2":"type-product","3":"status-publish","4":"has-post-thumbnail","6":"product_cat-160000-carros-de-pesca-espetos-tripes-e-tabuleiros-de-pesca","8":"first","9":"instock","10":"taxable","11":"shipping-taxable","12":"purchasable","13":"product-type-simple"},"_links":{"self":[{"href":"https:\/\/idealpesca.com\/loja\/wp-json\/wp\/v2\/product\/22158","targetHints":{"allow":["GET"]}}],"collection":[{"href":"https:\/\/idealpesca.com\/loja\/wp-json\/wp\/v2\/product"}],"about":[{"href":"https:\/\/idealpesca.com\/loja\/wp-json\/wp\/v2\/types\/product"}],"replies":[{"embeddable":true,"href":"https:\/\/idealpesca.com\/loja\/wp-json\/wp\/v2\/comments?post=22158"}],"wp:featuredmedia":[{"embeddable":true,"href":"https:\/\/idealpesca.com\/loja\/wp-json\/wp\/v2\/media\/27947"}],"wp:attachment":[{"href":"https:\/\/idealpesca.com\/loja\/wp-json\/wp\/v2\/media?parent=22158"}],"wp:term":[{"taxonomy":"product_brand","embeddable":true,"href":"https:\/\/idealpesca.com\/loja\/wp-json\/wp\/v2\/product_brand?post=22158"},{"taxonomy":"product_cat","embeddable":true,"href":"https:\/\/idealpesca.com\/loja\/wp-json\/wp\/v2\/product_cat?post=22158"},{"taxonomy":"product_tag","embeddable":true,"href":"https:\/\/idealpesca.com\/loja\/wp-json\/wp\/v2\/product_tag?post=22158"}],"curies":[{"name":"wp","href":"https:\/\/api.w.org\/{rel}","templated":true}]}}