{"id":2214,"date":"2026-03-20T12:22:51","date_gmt":"2026-03-20T12:22:51","guid":{"rendered":"https:\/\/idealpesca.com\/loja\/produto\/zagaia-vega-chikabala-150gr\/"},"modified":"2026-03-20T23:59:37","modified_gmt":"2026-03-20T23:59:37","slug":"zagaia-vega-chikabala-150gr","status":"publish","type":"product","link":"https:\/\/idealpesca.com\/loja\/produto\/zagaia-vega-chikabala-150gr\/","title":{"rendered":"ZAGAIA VEGA CHIKABALA 150GR"},"content":{"rendered":"<p><span style=\"font-size: large;color: #000000\"><strong>Tamanho:<\/strong> 100mm\u00a0<\/span><\/p>\n<p><span style=\"font-size: large;color: #000000\"><strong>Peso:<\/strong> 150g\u00a0<\/span><\/p>\n<p><strong><span style=\"font-size: large;color: #000000\">A CHIKABALA \u00e9 um jig concebido para a t\u00e9cnica de jigging.\u00a0 Devido \u00e0 sua ac\u00e7\u00e3o e aos seus magn\u00edficos hologr\u00e1ficos atrai os grandes predadores.<\/span><\/strong><\/p>\n","protected":false},"excerpt":{"rendered":"<p>INCHIKU COM 150GRS<br \/>\nUV GLOW<\/p>\n","protected":false},"featured_media":5455,"comment_status":"open","ping_status":"closed","template":"","meta":[],"product_brand":[],"product_cat":[54,511],"product_tag":[],"class_list":{"0":"post-2214","1":"product","2":"type-product","3":"status-publish","4":"has-post-thumbnail","6":"product_cat-030600-zagaiascasting-jigs-inchikus-e-light-rock-fishing","7":"product_cat-030619-vega","9":"first","10":"instock","11":"taxable","12":"shipping-taxable","13":"purchasable","14":"product-type-variable"},"_links":{"self":[{"href":"https:\/\/idealpesca.com\/loja\/wp-json\/wp\/v2\/product\/2214","targetHints":{"allow":["GET"]}}],"collection":[{"href":"https:\/\/idealpesca.com\/loja\/wp-json\/wp\/v2\/product"}],"about":[{"href":"https:\/\/idealpesca.com\/loja\/wp-json\/wp\/v2\/types\/product"}],"replies":[{"embeddable":true,"href":"https:\/\/idealpesca.com\/loja\/wp-json\/wp\/v2\/comments?post=2214"}],"wp:featuredmedia":[{"embeddable":true,"href":"https:\/\/idealpesca.com\/loja\/wp-json\/wp\/v2\/media\/5455"}],"wp:attachment":[{"href":"https:\/\/idealpesca.com\/loja\/wp-json\/wp\/v2\/media?parent=2214"}],"wp:term":[{"taxonomy":"product_brand","embeddable":true,"href":"https:\/\/idealpesca.com\/loja\/wp-json\/wp\/v2\/product_brand?post=2214"},{"taxonomy":"product_cat","embeddable":true,"href":"https:\/\/idealpesca.com\/loja\/wp-json\/wp\/v2\/product_cat?post=2214"},{"taxonomy":"product_tag","embeddable":true,"href":"https:\/\/idealpesca.com\/loja\/wp-json\/wp\/v2\/product_tag?post=2214"}],"curies":[{"name":"wp","href":"https:\/\/api.w.org\/{rel}","templated":true}]}}