{"id":2212,"date":"2026-03-20T12:22:50","date_gmt":"2026-03-20T12:22:50","guid":{"rendered":"https:\/\/idealpesca.com\/loja\/produto\/colete-sv-winner-165n-iso-preto\/"},"modified":"2026-03-20T23:52:02","modified_gmt":"2026-03-20T23:52:02","slug":"colete-sv-winner-165n-iso-preto","status":"publish","type":"product","link":"https:\/\/idealpesca.com\/loja\/produto\/colete-sv-winner-165n-iso-preto\/","title":{"rendered":"Colete SV WINNER 165N ISO PRETO"},"content":{"rendered":"<p>O Baltic Winner \u00e9 o nosso modelo de entrada de gama entre os coletes salva-vidas insufl\u00e1veis. Um colete flex\u00edvel e moderno que o protege bem na maioria das situa\u00e7\u00f5es. A qualidade, a funcionalidade e o ajuste com efic\u00e1cia e facilidade s\u00e3o o testemunho de uma constru\u00e7\u00e3o Baltic. Desfrute de uma gola de l\u00e3 macia e de um tecido exterior resistente. A correia de entrepernas \u00e9 remov\u00edvel e o Baltic Winner tem uma capacidade de flutua\u00e7\u00e3o de 165N. A classifica\u00e7\u00e3o como colete salva-vidas significa que foi concebido para virar sempre o utilizador para uma posi\u00e7\u00e3o supina e manter as vias respirat\u00f3rias acima da superf\u00edcie da \u00e1gua por uma boa margem, mesmo que o utilizador tenha perdido a consci\u00eancia ou n\u00e3o saiba nadar. Ap\u00f3s cerca de tr\u00eas segundos na \u00e1gua, o Winner insufla-se automaticamente (com backup manual). O sistema de insufla\u00e7\u00e3o do colete est\u00e1 ligada a uma c\u00e2mara de ar herm\u00e9tica para m\u00e1xima funcionalidade e seguran\u00e7a. O cilindro de di\u00f3xido de carbono est\u00e1 protegido contra o aparafusamento involunt\u00e1rio, tal como em todos os coletes insufl\u00e1veis Baltic. A insufla\u00e7\u00e3o \u00e9 feita com di\u00f3xido de carbono inofensivo e de qualidade alimentar. Seguran\u00e7a m\u00e1xima Marcado pela CE e classificado como colete salva-vidas Capacidade de carga de 165N Insufla\u00e7\u00e3o autom\u00e1tica 5 anos de garantia Cinzento, azul-marinho, vermelho, preto, branco<\/p>\n<p><em><strong>&#8211; Dispon\u00edvel em vermelho, preto e azul.<\/strong><\/em><\/p>\n<p>\u00a0<\/p>\n<p><strong>Caracter\u00edsticas:\u00a0<\/strong><\/p>\n<div class=\"linha\">\n<div class=\"coluna\">\n<div class=\"label\">N\u00famero do artigo:1595-000-1<\/div>\n<\/div>\n<div class=\"coluna\">\n<div class=\"label\">Insufla\u00e7\u00e3o:Autom\u00e1tica<\/div>\n<\/div>\n<\/div>\n<div class=\"linha\">\n<div class=\"coluna\">\n<div class=\"label\">Tipo de Fivela:PVC<\/div>\n<\/div>\n<div class=\"coluna\">\n<div class=\"label\">Cor:PRETO<\/div>\n<\/div>\n<\/div>\n","protected":false},"excerpt":{"rendered":"<p>Conforto e qualidade<br \/>\nColete Salva-Vidas Insufl\u00e1vel Autom\u00e1tico com fivela de pl\u00e1stico<\/p>\n","protected":false},"featured_media":5454,"comment_status":"open","ping_status":"closed","template":"","meta":[],"product_brand":[],"product_cat":[365,254,517],"product_tag":[],"class_list":{"0":"post-2212","1":"product","2":"type-product","3":"status-publish","4":"has-post-thumbnail","6":"product_cat-100103-coletes-e-aventais","7":"product_cat-290000-equipamento-nautico-palamenta","8":"product_cat-ideal-pesca","10":"first","11":"instock","12":"taxable","13":"shipping-taxable","14":"purchasable","15":"product-type-variable"},"_links":{"self":[{"href":"https:\/\/idealpesca.com\/loja\/wp-json\/wp\/v2\/product\/2212","targetHints":{"allow":["GET"]}}],"collection":[{"href":"https:\/\/idealpesca.com\/loja\/wp-json\/wp\/v2\/product"}],"about":[{"href":"https:\/\/idealpesca.com\/loja\/wp-json\/wp\/v2\/types\/product"}],"replies":[{"embeddable":true,"href":"https:\/\/idealpesca.com\/loja\/wp-json\/wp\/v2\/comments?post=2212"}],"wp:featuredmedia":[{"embeddable":true,"href":"https:\/\/idealpesca.com\/loja\/wp-json\/wp\/v2\/media\/5454"}],"wp:attachment":[{"href":"https:\/\/idealpesca.com\/loja\/wp-json\/wp\/v2\/media?parent=2212"}],"wp:term":[{"taxonomy":"product_brand","embeddable":true,"href":"https:\/\/idealpesca.com\/loja\/wp-json\/wp\/v2\/product_brand?post=2212"},{"taxonomy":"product_cat","embeddable":true,"href":"https:\/\/idealpesca.com\/loja\/wp-json\/wp\/v2\/product_cat?post=2212"},{"taxonomy":"product_tag","embeddable":true,"href":"https:\/\/idealpesca.com\/loja\/wp-json\/wp\/v2\/product_tag?post=2212"}],"curies":[{"name":"wp","href":"https:\/\/api.w.org\/{rel}","templated":true}]}}