{"id":221,"date":"2026-03-20T12:13:04","date_gmt":"2026-03-20T12:13:04","guid":{"rendered":"https:\/\/idealpesca.com\/loja\/produto\/mochila-cinnetic-compact-high-end\/"},"modified":"2026-04-17T18:14:11","modified_gmt":"2026-04-17T17:14:11","slug":"mochila-cinnetic-compact-high-end","status":"publish","type":"product","link":"https:\/\/idealpesca.com\/loja\/produto\/mochila-cinnetic-compact-high-end\/","title":{"rendered":"Mochila CINNETIC Compact HIGH END"},"content":{"rendered":"<p><span style=\"font-size: large;color: #000000\"><strong>&#8211; A Compact High End est\u00e1 baseada na High end Professional num tamanho ligeiramente mais pequeno e com 3 caixas inclu\u00eddas. Uma mochila ideal para levar todo o material de uma jornada de pesca.<\/strong><\/span><\/p>\n<p><span style=\"font-size: large;color: #000000\"><strong>&#8211; Medidas: 35x44x21cm;<\/strong><\/span><\/p>\n<p><span style=\"font-size: large;color: #000000\"><strong>&#8211; C\u00f4r : Laranja e preto;<\/strong><\/span><\/p>\n<p><span style=\"font-size: large;color: #000000\"><strong>&#8211; Material: Oxford 420D\/600D;<\/strong><\/span><\/p>\n","protected":false},"excerpt":{"rendered":"<p>&#8211; A Compact High End est\u00e1 baseada na High end Professional num tamanho ligeiramente mais pequeno e com 3 caixas inclu\u00eddas. Uma mochila ideal para levar todo o material de uma jornada de pesca. &#8211; Medidas: 35x44x21cm; &#8211; C\u00f4r : Laranja e preto; &#8211; Material: Oxford 420D\/600D;<\/p>\n","protected":false},"featured_media":2884,"comment_status":"open","ping_status":"closed","template":"","meta":[],"product_brand":[],"product_cat":[171],"product_tag":[],"class_list":{"0":"post-221","1":"product","2":"type-product","3":"status-publish","4":"has-post-thumbnail","6":"product_cat-070000-mochilas-e-bolsas-de-pesca","8":"first","9":"outofstock","10":"taxable","11":"shipping-taxable","12":"purchasable","13":"product-type-simple"},"_links":{"self":[{"href":"https:\/\/idealpesca.com\/loja\/wp-json\/wp\/v2\/product\/221","targetHints":{"allow":["GET"]}}],"collection":[{"href":"https:\/\/idealpesca.com\/loja\/wp-json\/wp\/v2\/product"}],"about":[{"href":"https:\/\/idealpesca.com\/loja\/wp-json\/wp\/v2\/types\/product"}],"replies":[{"embeddable":true,"href":"https:\/\/idealpesca.com\/loja\/wp-json\/wp\/v2\/comments?post=221"}],"wp:featuredmedia":[{"embeddable":true,"href":"https:\/\/idealpesca.com\/loja\/wp-json\/wp\/v2\/media\/2884"}],"wp:attachment":[{"href":"https:\/\/idealpesca.com\/loja\/wp-json\/wp\/v2\/media?parent=221"}],"wp:term":[{"taxonomy":"product_brand","embeddable":true,"href":"https:\/\/idealpesca.com\/loja\/wp-json\/wp\/v2\/product_brand?post=221"},{"taxonomy":"product_cat","embeddable":true,"href":"https:\/\/idealpesca.com\/loja\/wp-json\/wp\/v2\/product_cat?post=221"},{"taxonomy":"product_tag","embeddable":true,"href":"https:\/\/idealpesca.com\/loja\/wp-json\/wp\/v2\/product_tag?post=221"}],"curies":[{"name":"wp","href":"https:\/\/api.w.org\/{rel}","templated":true}]}}