{"id":22057,"date":"2021-06-22T17:27:22","date_gmt":"2021-06-22T16:27:22","guid":{"rendered":"https:\/\/idealpesca.com\/loja\/produto\/cana-major-craft-triple-cross-tcx1002\/"},"modified":"2026-05-14T17:17:16","modified_gmt":"2026-05-14T16:17:16","slug":"cana-major-craft-triple-cross-tcx1002","status":"publish","type":"product","link":"https:\/\/idealpesca.com\/loja\/produto\/cana-major-craft-triple-cross-tcx1002\/","title":{"rendered":"Cana MAJOR CRAFT triple cross  TCX1002"},"content":{"rendered":"<div class=\"product-desc\" style=\"background-color: transparent;color: #292f38;font-family: OpenSansRegular,Arial,sans-serif;font-size: 15px;font-style: normal;font-variant: normal;font-weight: 400;letter-spacing: normal;text-align: left;text-decoration: none;text-indent: 0px;text-transform: none;white-space: normal\">\n<p style=\"font-style: normal;font-weight: 400;margin: 0px 0px 10px 0px\">&#8211; COMPRIMENTO: 3.05 MTR;<\/p>\n<p style=\"font-style: normal;font-weight: 400;margin: 0px 0px 10px 0px\">&#8211; A\u00c7\u00c3O:20-40GR; regular r\u00e1pido<\/p>\n<p style=\"font-style: normal;font-weight: 400;margin: 0px 0px 10px 0px\">&#8211; BLANK EM CARBONO ALTO MODULO;<\/p>\n<p style=\"font-style: normal;font-weight: 400;margin: 0px 0px 10px 0px\">&#8211; PASSADORES: FUJI s-sic K-SERIES FRAME;<\/p>\n<p style=\"font-style: normal;font-weight: 400;margin: 0px 0px 10px 0px\">&#8211; PORTA-CARRETOS: FUJI vss;<\/p>\n<\/div>\n<ul class=\"product-specifications\" style=\"background-color: transparent;color: #292f38;font-family: OpenSansRegular,Arial,sans-serif;font-size: 15px;font-style: normal;font-variant: normal;font-weight: 400;letter-spacing: normal;list-style-type: none;text-align: left;text-decoration: none;text-indent: 0px;text-transform: none;white-space: normal;padding: 0px;margin: 0px 0px 20px 0px\">\n<li style=\"font-family: OpenSansRegular,Arial,sans-serif;font-size: 15px;font-style: normal;font-weight: 400;left: auto;line-height: 18px;padding-bottom: 5px;padding-left: 30px;position: relative;top: auto\">\n<footer class=\"layout-footer layout-strip main-footer\" style=\"height: 369px\">\n<div class=\"layout-wrapper\">\n<div class=\"row footer-links\">\n<div class=\"col-1_1 md-1_2 lg-1_4\">\n<h5 class=\"title\">\u00a0<\/h5>\n<\/div>\n<\/div>\n<p><!-- footer-links --><\/p>\n<div class=\"footer-signature\">\n<div class=\"image\">\u00a0<\/div>\n<div class=\"text\">&lt;!&#8211; <a href=\"http:\/\/www.crossemedia.fr\/\" target=\"_blank\"><\/a> &#8211;&gt;<\/div>\n<\/div>\n<\/div>\n<p><!--.layout-wrapper --><\/footer>\n<p><!--.layout-footer --> <!-- script ie8 --><\/p>\n<div class=\"pswp\">\n<div class=\"pswp__bg\">\u00a0<\/div>\n<div class=\"pswp__scroll-wrap\">\n<div class=\"pswp__container\">\u00a0<\/div>\n<div class=\"pswp__ui pswp__ui--hidden\">\n<div class=\"pswp__top-bar\">\n<div class=\"pswp__counter\">\u00a0<\/div>\n<div class=\"pswp__preloader\">\u00a0<\/div>\n<\/div>\n<div class=\"pswp__share-modal pswp__share-modal--hidden pswp__single-tap\">\u00a0<\/div>\n<\/div>\n<\/div>\n<\/div>\n<\/li>\n<\/ul>\n","protected":false},"excerpt":{"rendered":"<p>Essencialmente concebidas para os pescadores de costa para amostras leves<\/p>\n","protected":false},"featured_media":27892,"comment_status":"open","ping_status":"closed","template":"","meta":[],"product_brand":[],"product_cat":[545,477],"product_tag":[],"class_list":{"0":"post-22057","1":"product","2":"type-product","3":"status-publish","4":"has-post-thumbnail","6":"product_cat-010200-spinning","7":"product_cat-010205-major-craft","9":"first","10":"instock","11":"taxable","12":"shipping-taxable","13":"purchasable","14":"product-type-variable"},"_links":{"self":[{"href":"https:\/\/idealpesca.com\/loja\/wp-json\/wp\/v2\/product\/22057","targetHints":{"allow":["GET"]}}],"collection":[{"href":"https:\/\/idealpesca.com\/loja\/wp-json\/wp\/v2\/product"}],"about":[{"href":"https:\/\/idealpesca.com\/loja\/wp-json\/wp\/v2\/types\/product"}],"replies":[{"embeddable":true,"href":"https:\/\/idealpesca.com\/loja\/wp-json\/wp\/v2\/comments?post=22057"}],"wp:featuredmedia":[{"embeddable":true,"href":"https:\/\/idealpesca.com\/loja\/wp-json\/wp\/v2\/media\/27892"}],"wp:attachment":[{"href":"https:\/\/idealpesca.com\/loja\/wp-json\/wp\/v2\/media?parent=22057"}],"wp:term":[{"taxonomy":"product_brand","embeddable":true,"href":"https:\/\/idealpesca.com\/loja\/wp-json\/wp\/v2\/product_brand?post=22057"},{"taxonomy":"product_cat","embeddable":true,"href":"https:\/\/idealpesca.com\/loja\/wp-json\/wp\/v2\/product_cat?post=22057"},{"taxonomy":"product_tag","embeddable":true,"href":"https:\/\/idealpesca.com\/loja\/wp-json\/wp\/v2\/product_tag?post=22057"}],"curies":[{"name":"wp","href":"https:\/\/api.w.org\/{rel}","templated":true}]}}