{"id":2205,"date":"2026-03-20T12:22:47","date_gmt":"2026-03-20T12:22:47","guid":{"rendered":"https:\/\/idealpesca.com\/loja\/produto\/oleo-spray-sigill-tubertini\/"},"modified":"2026-04-17T18:12:56","modified_gmt":"2026-04-17T17:12:56","slug":"oleo-spray-sigill-tubertini","status":"publish","type":"product","link":"https:\/\/idealpesca.com\/loja\/produto\/oleo-spray-sigill-tubertini\/","title":{"rendered":"OLEO SPRAY SIGILL TUBERTINI"},"content":{"rendered":"<p>\u00a0<\/p>\n<p><span style=\"font-size: large;color: #000000\"><strong>&#8211; Ajuda a prevenir da corros\u00e3o e a acumula\u00e7\u00e3o de sal;<\/strong><\/span><\/p>\n<p><span style=\"font-size: large;color: #000000\"><strong>&#8211; Para o exterior dos carretos;<\/strong><\/span><\/p>\n<p><span style=\"font-size: large;color: #000000\"><strong>&#8211; embalagem de 200 ml.;<\/strong><\/span><\/p>\n","protected":false},"excerpt":{"rendered":"<p>Ideal para limpar carretos de \u00e1gua salgada<\/p>\n","protected":false},"featured_media":5448,"comment_status":"open","ping_status":"closed","template":"","meta":[],"product_brand":[],"product_cat":[208],"product_tag":[],"class_list":{"0":"post-2205","1":"product","2":"type-product","3":"status-publish","4":"has-post-thumbnail","6":"product_cat-210000-oleos-massas-lubrificantes-colas","8":"first","9":"outofstock","10":"taxable","11":"shipping-taxable","12":"product-type-variable"},"_links":{"self":[{"href":"https:\/\/idealpesca.com\/loja\/wp-json\/wp\/v2\/product\/2205","targetHints":{"allow":["GET"]}}],"collection":[{"href":"https:\/\/idealpesca.com\/loja\/wp-json\/wp\/v2\/product"}],"about":[{"href":"https:\/\/idealpesca.com\/loja\/wp-json\/wp\/v2\/types\/product"}],"replies":[{"embeddable":true,"href":"https:\/\/idealpesca.com\/loja\/wp-json\/wp\/v2\/comments?post=2205"}],"wp:featuredmedia":[{"embeddable":true,"href":"https:\/\/idealpesca.com\/loja\/wp-json\/wp\/v2\/media\/5448"}],"wp:attachment":[{"href":"https:\/\/idealpesca.com\/loja\/wp-json\/wp\/v2\/media?parent=2205"}],"wp:term":[{"taxonomy":"product_brand","embeddable":true,"href":"https:\/\/idealpesca.com\/loja\/wp-json\/wp\/v2\/product_brand?post=2205"},{"taxonomy":"product_cat","embeddable":true,"href":"https:\/\/idealpesca.com\/loja\/wp-json\/wp\/v2\/product_cat?post=2205"},{"taxonomy":"product_tag","embeddable":true,"href":"https:\/\/idealpesca.com\/loja\/wp-json\/wp\/v2\/product_tag?post=2205"}],"curies":[{"name":"wp","href":"https:\/\/api.w.org\/{rel}","templated":true}]}}