{"id":22045,"date":"2021-06-21T09:32:09","date_gmt":"2021-06-21T08:32:09","guid":{"rendered":"https:\/\/idealpesca.com\/loja\/produto\/chicotes-vercelli-tapered-shock-leader-transparente\/"},"modified":"2026-05-14T17:17:16","modified_gmt":"2026-05-14T16:17:16","slug":"chicotes-vercelli-tapered-shock-leader-transparente","status":"publish","type":"product","link":"https:\/\/idealpesca.com\/loja\/produto\/chicotes-vercelli-tapered-shock-leader-transparente\/","title":{"rendered":"Chicotes Vercelli &#8211; Tapered Shock Leader transparente"},"content":{"rendered":"<p><span style=\"font-size: large;color: #000000\"><strong>&#8211; Chicotes de alta qualidade VERCELLI para surfcasting;<\/strong><\/span><\/p>\n<p><span style=\"font-size: large;color: #000000\"><strong>&#8211; Embalagens com 10&#215;15 metros;<\/strong><\/span><\/p>\n<p><span style=\"font-size: large;color: #000000\"><strong>Esta baixada de linha c\u00f3nica, chamada correntemente cauda de rato, \u00e9 especialmente concebido para aumentar a dist\u00e2ncia de lan\u00e7amento no surf casting. A linha passa gradualmente de um di\u00e2metro maior de 0,57 mm, que resiste ao esfor\u00e7o do lan\u00e7amento, para um di\u00e2metro menor que \u00e9 facilmente ligado com n\u00f3 \u00e0 linha do carreto. Os pescadores t\u00e9cnicos de competi\u00e7\u00e3o como os recreativos apreciar\u00e3o a discri\u00e7\u00e3o da cor transl\u00facida. . Embalagem: 10 baixadas por saqueta.<\/strong><\/span><\/p>\n","protected":false},"excerpt":{"rendered":"<p>Embalagens com 10&#215;15 metros em transparente<br \/>\ndispon\u00edvel em 2 medidas<\/p>\n","protected":false},"featured_media":27884,"comment_status":"open","ping_status":"closed","template":"","meta":[],"product_brand":[],"product_cat":[48,475],"product_tag":[],"class_list":{"0":"post-22045","1":"product","2":"type-product","3":"status-publish","4":"has-post-thumbnail","6":"product_cat-061100-chicotes-linha-conica","7":"product_cat-061108-vercelli","9":"first","10":"instock","11":"taxable","12":"shipping-taxable","13":"purchasable","14":"product-type-variable"},"_links":{"self":[{"href":"https:\/\/idealpesca.com\/loja\/wp-json\/wp\/v2\/product\/22045","targetHints":{"allow":["GET"]}}],"collection":[{"href":"https:\/\/idealpesca.com\/loja\/wp-json\/wp\/v2\/product"}],"about":[{"href":"https:\/\/idealpesca.com\/loja\/wp-json\/wp\/v2\/types\/product"}],"replies":[{"embeddable":true,"href":"https:\/\/idealpesca.com\/loja\/wp-json\/wp\/v2\/comments?post=22045"}],"wp:featuredmedia":[{"embeddable":true,"href":"https:\/\/idealpesca.com\/loja\/wp-json\/wp\/v2\/media\/27884"}],"wp:attachment":[{"href":"https:\/\/idealpesca.com\/loja\/wp-json\/wp\/v2\/media?parent=22045"}],"wp:term":[{"taxonomy":"product_brand","embeddable":true,"href":"https:\/\/idealpesca.com\/loja\/wp-json\/wp\/v2\/product_brand?post=22045"},{"taxonomy":"product_cat","embeddable":true,"href":"https:\/\/idealpesca.com\/loja\/wp-json\/wp\/v2\/product_cat?post=22045"},{"taxonomy":"product_tag","embeddable":true,"href":"https:\/\/idealpesca.com\/loja\/wp-json\/wp\/v2\/product_tag?post=22045"}],"curies":[{"name":"wp","href":"https:\/\/api.w.org\/{rel}","templated":true}]}}