{"id":2196,"date":"2026-03-20T12:22:42","date_gmt":"2026-03-20T12:22:42","guid":{"rendered":"https:\/\/idealpesca.com\/loja\/produto\/cana-daiwa-emeraldas-s-89-mh-2-67mts\/"},"modified":"2026-03-20T23:46:46","modified_gmt":"2026-03-20T23:46:46","slug":"cana-daiwa-emeraldas-s-89-mh-2-67mts","status":"publish","type":"product","link":"https:\/\/idealpesca.com\/loja\/produto\/cana-daiwa-emeraldas-s-89-mh-2-67mts\/","title":{"rendered":"Cana DAIWA Emeraldas S 89 MH 2.67MTS."},"content":{"rendered":"<p>MODELO 5-21GR\u00a0\u00a0 83ML<\/p>\n<p>A gama Emeraldas S est\u00e1 completa! As suas 5 canas cobrem uma gama de a\u00e7\u00f5es de toneiras de #1,5 a #4, cerca de 1 a 28 g. Responde assim \u00e0s necessidades de todos os pescadores de cefal\u00f3podes. Com um blank em carbono HVF, passadores japoneses Fuji Alconite K e um porta-carreto exclusivo da Daiwa, esta cana oferece uma excelente rela\u00e7\u00e3o qualidade-pre\u00e7o para a pesca de lulas, chocos e outros cefal\u00f3podes. As refer\u00eancias L e LM com pot\u00eancias respetivas de 1-10 e 3-15 g s\u00e3o concebidas para as pescas leves eging com pequenas toneiras #1.5 ou mesmo #1.8.<\/p>\n<p>\u00a0<\/p>\n<div class=\"product-content\">\n<div class=\"product-content-inner\">\n<div class=\"row\">\n<div class=\"col-1_1  product-technologies\">\n<h4>Tecnologias<\/h4>\n<div class=\"row xcondensed\">\n<div class=\"col-1_4 sm-1_5 md-1_4 lg-1_6 xl-1_8\"><a title=\"HVF\" href=\"https:\/\/www.daiwa.pt\/tecnologias\/canas\/hvf-2?ajax=1\"> <img decoding=\"async\" src=\"https:\/\/www.daiwa.pt\/uploads\/2016\/10\/hvf_100x60.jpg\" alt=\"\" width=\"100\" height=\"60\" \/> <\/a><\/div>\n<div class=\"col-1_4 sm-1_5 md-1_4 lg-1_6 xl-1_8\"><a title=\"Porta-carretos exclusivos\" href=\"https:\/\/www.daiwa.pt\/tecnologias\/canas\/pm-exclusif-2?ajax=1\"> <img decoding=\"async\" src=\"https:\/\/www.daiwa.pt\/uploads\/2016\/10\/porte-moulinet-exclusif_100x60.jpg\" alt=\"\" width=\"100\" height=\"60\" \/> <\/a><\/div>\n<div class=\"col-1_4 sm-1_5 md-1_4 lg-1_6 xl-1_8\"><a title=\"FUJI\" href=\"https:\/\/www.daiwa.pt\/tecnologias\/canas\/fuji-2?ajax=1\"> <img decoding=\"async\" src=\"https:\/\/www.daiwa.pt\/uploads\/2016\/10\/composants-fuji_100x60.jpg\" alt=\"\" width=\"100\" height=\"60\" \/> <\/a><\/div>\n<\/div>\n<\/div>\n<\/div>\n<\/div>\n<\/div>\n<div class=\"product-content-next\">\n<div class=\"product-content-next-inner\">\n<div class=\"polymorphic-table product-table\">\n<div class=\"polymorphic-table-inner\">\n<table class=\"table bordered js-pswp-gallery\">\n<tr>\n<th>\u00a0<\/th>\n<th>Refer\u00eancia<\/th>\n<th>Comprimento<\/th>\n<th>Elementos<\/th>\n<th>Desmontada<\/th>\n<th>Peso<\/th>\n<th>Passadores<\/th>\n<th>Pot\u00eancia<\/th>\n<\/tr>\n<tr>\n<td>\u00a0<\/td>\n<td><a href=\"https:\/\/www.daiwa.pt\/uploads\/products\/rods\/2020\/10\/ems90laf_1200x2400.jpg\"> <span class=\"inner\"> <img loading=\"lazy\" decoding=\"async\" src=\"image\/gif;base64,R0lGODlhAQACAIAAAMLCwgAAACH5BAAAAAAALAAAAAABAAIAAAICBAoAOw==\" alt=\"\" width=\"1\" height=\"2\" \/><\/span><\/a><br \/>\nEMS90LAF\n<\/td>\n<td>2.74m<\/td>\n<td>2<\/td>\n<td>142cm<\/td>\n<td>122g<\/td>\n<td>10<\/td>\n<td>#1,5-2 \/ 1-10g<\/td>\n<\/tr>\n<tr>\n<td>\u00a0<\/td>\n<td><a href=\"https:\/\/www.daiwa.pt\/uploads\/products\/rods\/2020\/10\/ems99lmlaf_1200x2400.jpg\"> <span class=\"inner\"> <img loading=\"lazy\" decoding=\"async\" src=\"image\/gif;base64,R0lGODlhAQACAIAAAMLCwgAAACH5BAAAAAAALAAAAAABAAIAAAICBAoAOw==\" alt=\"\" width=\"1\" height=\"2\" \/><\/span><\/a><br \/>\nEMS99LMLAF\n<\/td>\n<td>2.97m<\/td>\n<td>2<\/td>\n<td>153cm<\/td>\n<td>141g<\/td>\n<td>11<\/td>\n<td>#1,8-2,5 \/ 3-15g<\/td>\n<\/tr>\n<tr>\n<td>\u00a0<\/td>\n<td>EMS83MLAF<\/td>\n<td>2,52m<\/td>\n<td>2<\/td>\n<td>130cm<\/td>\n<td>113g<\/td>\n<td>9<\/td>\n<td>#2-3,5 \/ 5-21g<\/td>\n<\/tr>\n<tr>\n<td>\u00a0<\/td>\n<td><a href=\"https:\/\/www.daiwa.pt\/uploads\/products\/rods\/2019\/10\/ems86mlaf_1200x2400.jpg\"> <span class=\"inner\"> <img loading=\"lazy\" decoding=\"async\" src=\"image\/gif;base64,R0lGODlhAQACAIAAAMLCwgAAACH5BAAAAAAALAAAAAABAAIAAAICBAoAOw==\" alt=\"\" width=\"1\" height=\"2\" \/><\/span><\/a><br \/>\nEMS86MLAF\n<\/td>\n<td>2,59m<\/td>\n<td>2<\/td>\n<td>134cm<\/td>\n<td>119g<\/td>\n<td>9<\/td>\n<td>#2-3,5 \/ 5-21g<\/td>\n<\/tr>\n<tr>\n<td><span class=\"new\">N<\/span><\/td>\n<td>EMS88MLSAF<\/td>\n<td>2,64m<\/td>\n<td>2<\/td>\n<td>136cm<\/td>\n<td>122g<\/td>\n<td>10<\/td>\n<td>#2-3,5 \/ 5-21g<\/td>\n<\/tr>\n<tr>\n<td>\u00a0<\/td>\n<td>EMS80MAF<\/td>\n<td>2,44m<\/td>\n<td>2<\/td>\n<td>126cm<\/td>\n<td>118g<\/td>\n<td>9<\/td>\n<td>#2,5-3,5 \/ 7-21g<\/td>\n<\/tr>\n<tr>\n<td>\u00a0<\/td>\n<td>EMS83MAF<\/td>\n<td>2,52m<\/td>\n<td>2<\/td>\n<td>130cm<\/td>\n<td>118g<\/td>\n<td>9<\/td>\n<td>#2,5-3,5 \/ 7-21g<\/td>\n<\/tr>\n<tr>\n<td>\u00a0<\/td>\n<td><a href=\"https:\/\/www.daiwa.pt\/uploads\/products\/rods\/2019\/10\/ems89mhaf_1200x2400.jpg\"> <span class=\"inner\"> <img loading=\"lazy\" decoding=\"async\" src=\"image\/gif;base64,R0lGODlhAQACAIAAAMLCwgAAACH5BAAAAAAALAAAAAABAAIAAAICBAoAOw==\" alt=\"\" width=\"1\" height=\"2\" \/><\/span><\/a><br \/>\nEMS89MHAF\n<\/td>\n<td>2,67m<\/td>\n<td>2<\/td>\n<td>138cm<\/td>\n<td>128g<\/td>\n<td>10<\/td>\n<td>#2,5-4 \/ 7-28g<\/td>\n<\/tr>\n<\/table>\n<\/div>\n<\/div>\n<\/div>\n<\/div>\n","protected":false},"excerpt":{"rendered":"<p>As EMERALDAS  s\u00e3o concebidas para os pescadores de cefal\u00f3podes em zonas rochosas e portu\u00e1rias.<br \/>\nIdeal para os chocos<\/p>\n","protected":false},"featured_media":6997,"comment_status":"open","ping_status":"closed","template":"","meta":[],"product_brand":[],"product_cat":[575,522],"product_tag":[],"class_list":{"0":"post-2196","1":"product","2":"type-product","3":"status-publish","4":"has-post-thumbnail","6":"product_cat-010800-pesca-ao-choco-egingcefalopodes","7":"product_cat-010803-daiwa","9":"first","10":"instock","11":"taxable","12":"shipping-taxable","13":"purchasable","14":"product-type-variable"},"_links":{"self":[{"href":"https:\/\/idealpesca.com\/loja\/wp-json\/wp\/v2\/product\/2196","targetHints":{"allow":["GET"]}}],"collection":[{"href":"https:\/\/idealpesca.com\/loja\/wp-json\/wp\/v2\/product"}],"about":[{"href":"https:\/\/idealpesca.com\/loja\/wp-json\/wp\/v2\/types\/product"}],"replies":[{"embeddable":true,"href":"https:\/\/idealpesca.com\/loja\/wp-json\/wp\/v2\/comments?post=2196"}],"wp:featuredmedia":[{"embeddable":true,"href":"https:\/\/idealpesca.com\/loja\/wp-json\/wp\/v2\/media\/6997"}],"wp:attachment":[{"href":"https:\/\/idealpesca.com\/loja\/wp-json\/wp\/v2\/media?parent=2196"}],"wp:term":[{"taxonomy":"product_brand","embeddable":true,"href":"https:\/\/idealpesca.com\/loja\/wp-json\/wp\/v2\/product_brand?post=2196"},{"taxonomy":"product_cat","embeddable":true,"href":"https:\/\/idealpesca.com\/loja\/wp-json\/wp\/v2\/product_cat?post=2196"},{"taxonomy":"product_tag","embeddable":true,"href":"https:\/\/idealpesca.com\/loja\/wp-json\/wp\/v2\/product_tag?post=2196"}],"curies":[{"name":"wp","href":"https:\/\/api.w.org\/{rel}","templated":true}]}}