{"id":218,"date":"2026-03-20T12:13:04","date_gmt":"2026-03-20T12:13:04","guid":{"rendered":"https:\/\/idealpesca.com\/loja\/produto\/cana-cinnetic-explorer-tanera-1-80mtr\/"},"modified":"2026-03-20T23:46:29","modified_gmt":"2026-03-20T23:46:29","slug":"cana-cinnetic-explorer-tanera-1-80mtr","status":"publish","type":"product","link":"https:\/\/idealpesca.com\/loja\/produto\/cana-cinnetic-explorer-tanera-1-80mtr\/","title":{"rendered":"Cana CINNETIC EXPLORER TANERA 1.80MTR"},"content":{"rendered":"<p><strong><span style=\"font-size: large;color: #000000\">TAMANHO: 1.80<\/span><\/strong><\/p>\n<p><strong><span style=\"font-size: large;color: #000000\">AC\u00c7\u00d5ES: 40-140 GRAMAS<\/span><\/strong><\/p>\n<p><strong><span style=\"font-size: large;color: #000000\">PASSADORES: SIC<\/span><\/strong><\/p>\n<p><strong><span style=\"font-size: large;color: #000000\">PORTA-CARRETOS: TUBULAR<\/span><\/strong><\/p>\n<p><strong><span style=\"font-size: large;color: #000000\">PESO: 196GR<\/span><\/strong><\/p>\n<p>\u00a0<\/p>\n<p><strong><span style=\"font-size: large;color: #000000\">OBSERVA\u00c7\u00d5ES: A TANERA promete ser a cana sensa\u00e7\u00e3o para quem pesca em estu\u00e1rios, rias e mar e que prefira canas curtas. A Tanera foi desenhada com um objectivo, o de proporcionar ao pescador a m\u00e1xima sensibilidade em qualquer situa\u00e7\u00e3o. A ponteira foi enxertada tal como se faz nas canas de surfcasting, dando a ac\u00e7\u00e3o muito r\u00e1pida. S\u00f3 quem a usar pode entender esta cana, uma revolu\u00e7\u00e3o no mundo das canas de pesca embarcada.<\/span><\/strong><\/p>\n","protected":false},"excerpt":{"rendered":"<p>CANA COM PONTEIRA SUPER SENSIVEL<\/p>\n","protected":false},"featured_media":2881,"comment_status":"open","ping_status":"closed","template":"","meta":[],"product_brand":[],"product_cat":[518,395,561,563],"product_tag":[],"class_list":{"0":"post-218","1":"product","2":"type-product","3":"status-publish","4":"has-post-thumbnail","6":"product_cat-010300-pesca-embarcada","7":"product_cat-010302-cinnetic","8":"product_cat-010600-jigging-e-trolling","9":"product_cat-010602-cinnetic","11":"first","12":"instock","13":"taxable","14":"shipping-taxable","15":"product-type-variable"},"_links":{"self":[{"href":"https:\/\/idealpesca.com\/loja\/wp-json\/wp\/v2\/product\/218","targetHints":{"allow":["GET"]}}],"collection":[{"href":"https:\/\/idealpesca.com\/loja\/wp-json\/wp\/v2\/product"}],"about":[{"href":"https:\/\/idealpesca.com\/loja\/wp-json\/wp\/v2\/types\/product"}],"replies":[{"embeddable":true,"href":"https:\/\/idealpesca.com\/loja\/wp-json\/wp\/v2\/comments?post=218"}],"wp:featuredmedia":[{"embeddable":true,"href":"https:\/\/idealpesca.com\/loja\/wp-json\/wp\/v2\/media\/2881"}],"wp:attachment":[{"href":"https:\/\/idealpesca.com\/loja\/wp-json\/wp\/v2\/media?parent=218"}],"wp:term":[{"taxonomy":"product_brand","embeddable":true,"href":"https:\/\/idealpesca.com\/loja\/wp-json\/wp\/v2\/product_brand?post=218"},{"taxonomy":"product_cat","embeddable":true,"href":"https:\/\/idealpesca.com\/loja\/wp-json\/wp\/v2\/product_cat?post=218"},{"taxonomy":"product_tag","embeddable":true,"href":"https:\/\/idealpesca.com\/loja\/wp-json\/wp\/v2\/product_tag?post=218"}],"curies":[{"name":"wp","href":"https:\/\/api.w.org\/{rel}","templated":true}]}}