{"id":2175,"date":"2026-03-20T12:22:29","date_gmt":"2026-03-20T12:22:29","guid":{"rendered":"https:\/\/idealpesca.com\/loja\/produto\/cana-daiwa-tournament-c-z-33-425-hbe\/"},"modified":"2026-03-20T23:47:52","modified_gmt":"2026-03-20T23:47:52","slug":"cana-daiwa-tournament-c-z-33-425-hbe","status":"publish","type":"product","link":"https:\/\/idealpesca.com\/loja\/produto\/cana-daiwa-tournament-c-z-33-425-hbe\/","title":{"rendered":"Cana DAIWA TOURNAMENT C Z 33 425 HBE"},"content":{"rendered":"<p>\u00a0Blank extremamente r\u00e1pido e potente a fim de permitir que dominam o lan\u00e7amento de chumbo pesado ou em rota\u00e7\u00e3o e obtenham a m\u00e1xima compress\u00e3o e de resposta de forma a atingir maiores dist\u00e2ncias.<\/p>\n<p>Tecnicamente exigentes e dotadas de ponteiras maci\u00e7as, s\u00e3o equipadas com passadores Fuji Titanium Sic, o porta carretos FUJI PLACA.<\/p>\n<ul>\n<li>Blank carbono SVF (Super-high Volume Fiber) Nano montado e refor\u00e7ado inteiramente de telas 3DX<\/li>\n<li>Encaixes V-Joint<\/li>\n<li>Passadores Fuji Titanium LC\u00a0<\/li>\n<li>Porta-carreto de Fuji PLACA\u00a0 titanium<\/li>\n<li>A\u00e7\u00e3o forte de ponta\u00a0<\/li>\n<\/ul>\n<div class=\"product-desc\">\n<p>\u00a0<\/p>\n<table class=\"table bordered js-pswp-gallery\">\n<tr>\n<th>\u00a0<\/th>\n<th>\u00a0Refer\u00eancia<\/th>\n<th>Comprimento<\/th>\n<th>Elementos<\/th>\n<th>Desmontada<\/th>\n<th>Peso<\/th>\n<th>Pot\u00eancia<\/th>\n<\/tr>\n<tr>\n<td><span class=\"new\">N<\/span><\/td>\n<td>TNCZ35425HBE<\/td>\n<td>4,25m<\/td>\n<td>3<\/td>\n<td>149cm<\/td>\n<td>570g<\/td>\n<td>100-225g<\/td>\n<td>\u00a0<\/td>\n<\/tr>\n<\/table>\n<\/div>\n<p>\u00a0<\/p>\n","protected":false},"excerpt":{"rendered":"<p>A nova Z mais potente<br \/>\nTNCZ33425HBE<br \/>\nPorta carretos de rosca e ponteira hibrida<\/p>\n","protected":false},"featured_media":5419,"comment_status":"open","ping_status":"closed","template":"","meta":[],"product_brand":[],"product_cat":[551,99],"product_tag":[],"class_list":{"0":"post-2175","1":"product","2":"type-product","3":"status-publish","4":"has-post-thumbnail","6":"product_cat-010100-surfcasting-pesca-de-lancamento","7":"product_cat-010105-daiwa","9":"first","10":"instock","11":"taxable","12":"shipping-taxable","13":"purchasable","14":"product-type-variable"},"_links":{"self":[{"href":"https:\/\/idealpesca.com\/loja\/wp-json\/wp\/v2\/product\/2175","targetHints":{"allow":["GET"]}}],"collection":[{"href":"https:\/\/idealpesca.com\/loja\/wp-json\/wp\/v2\/product"}],"about":[{"href":"https:\/\/idealpesca.com\/loja\/wp-json\/wp\/v2\/types\/product"}],"replies":[{"embeddable":true,"href":"https:\/\/idealpesca.com\/loja\/wp-json\/wp\/v2\/comments?post=2175"}],"wp:featuredmedia":[{"embeddable":true,"href":"https:\/\/idealpesca.com\/loja\/wp-json\/wp\/v2\/media\/5419"}],"wp:attachment":[{"href":"https:\/\/idealpesca.com\/loja\/wp-json\/wp\/v2\/media?parent=2175"}],"wp:term":[{"taxonomy":"product_brand","embeddable":true,"href":"https:\/\/idealpesca.com\/loja\/wp-json\/wp\/v2\/product_brand?post=2175"},{"taxonomy":"product_cat","embeddable":true,"href":"https:\/\/idealpesca.com\/loja\/wp-json\/wp\/v2\/product_cat?post=2175"},{"taxonomy":"product_tag","embeddable":true,"href":"https:\/\/idealpesca.com\/loja\/wp-json\/wp\/v2\/product_tag?post=2175"}],"curies":[{"name":"wp","href":"https:\/\/api.w.org\/{rel}","templated":true}]}}