{"id":2169,"date":"2026-03-20T12:22:26","date_gmt":"2026-03-20T12:22:26","guid":{"rendered":"https:\/\/idealpesca.com\/loja\/produto\/cana-daiwa-sensor-surf-393-h-390mts\/"},"modified":"2026-03-20T23:47:52","modified_gmt":"2026-03-20T23:47:52","slug":"cana-daiwa-sensor-surf-393-h-390mts","status":"publish","type":"product","link":"https:\/\/idealpesca.com\/loja\/produto\/cana-daiwa-sensor-surf-393-h-390mts\/","title":{"rendered":"Cana DAIWA SENSOR SURF 393 H 3,90mts."},"content":{"rendered":"<p>\u00a0<\/p>\n<div class=\"product-desc\">\n<p>As Sensor Surf s\u00e3o canas de inicia\u00e7\u00e3o concebidas para as pescas ocasionais em surf casting e para as pescas nos pont\u00f5es a todas as esp\u00e9cies. Permitem tamb\u00e9m procurar o robalo junto \u00e0s obras portu\u00e1rias e nas rochas sem receio de toques violentos que fa\u00e7am cair as canas! Podemos pescar o robalo com caranguejo, am\u00eaijoa ou ainda com isca viva.<\/p>\n<\/div>\n<ul>\n<li>Blank comp\u00f3sito<\/li>\n<li>Encaixe direito com anel de refor\u00e7o met\u00e1lico<\/li>\n<li>Passadores tripata acabamento preto<\/li>\n<li>Porta-carreto tubular com rosca<\/li>\n<li>Pega lisa<\/li>\n<li>A\u00e7\u00e3o semi-parab\u00f3lica<\/li>\n<\/ul>\n<p>\u00a0<\/p>\n<div class=\"product-desc\">\n<table class=\"table bordered js-pswp-gallery\">\n<tr>\n<th>Refer\u00eancia<\/th>\n<th>Comprimento<\/th>\n<th>Elementos<\/th>\n<th>Desmontada<\/th>\n<th>Peso<\/th>\n<th>Passadores<\/th>\n<th>Pot\u00eancia<\/th>\n<\/tr>\n<tr>\n<td>SES393HCF<\/td>\n<td>3,90m<\/td>\n<td>3<\/td>\n<td>138cm<\/td>\n<td>552g<\/td>\n<td>6<\/td>\n<td>100-200g<\/td>\n<\/tr>\n<tr>\n<td><a href=\"https:\/\/www.daiwa.pt\/uploads\/products\/rods\/2020\/10\/ses423hcf_1200x2400.jpg\"><span class=\"inner\"><img decoding=\"async\" src=\"image\/gif;base64,R0lGODlhAQACAIAAAMLCwgAAACH5BAAAAAAALAAAAAABAAIAAAICBAoAOw==\" alt=\"\" width=\"1\" height=\"2\" \/><\/span><\/a><br \/>\nSES423HCF\n<\/td>\n<td>4,20m<\/td>\n<td>3<\/td>\n<td>149cm<\/td>\n<td>600g<\/td>\n<td>6<\/td>\n<td>100-200g<\/td>\n<\/tr>\n<tr>\n<td>SES453HCF<\/td>\n<td>4,50m<\/td>\n<td>3<\/td>\n<td>159cm<\/td>\n<td>625g<\/td>\n<td>6<\/td>\n<td>100-200g<\/td>\n<\/tr>\n<tr>\n<td>SES503HHCF<\/td>\n<td>5,00m<\/td>\n<td>3<\/td>\n<td>175cm<\/td>\n<td>755g<\/td>\n<td>6<\/td>\n<td>100-250g<\/td>\n<\/tr>\n<\/table>\n<\/div>\n","protected":false},"excerpt":{"rendered":"<p>As Sensor Surf s\u00e3o canas de inicia\u00e7\u00e3o para praticar lan\u00e7amentos longos na praia<\/p>\n","protected":false},"featured_media":4765,"comment_status":"open","ping_status":"closed","template":"","meta":[],"product_brand":[],"product_cat":[551,99],"product_tag":[],"class_list":{"0":"post-2169","1":"product","2":"type-product","3":"status-publish","4":"has-post-thumbnail","6":"product_cat-010100-surfcasting-pesca-de-lancamento","7":"product_cat-010105-daiwa","9":"first","10":"instock","11":"taxable","12":"shipping-taxable","13":"purchasable","14":"product-type-variable"},"_links":{"self":[{"href":"https:\/\/idealpesca.com\/loja\/wp-json\/wp\/v2\/product\/2169","targetHints":{"allow":["GET"]}}],"collection":[{"href":"https:\/\/idealpesca.com\/loja\/wp-json\/wp\/v2\/product"}],"about":[{"href":"https:\/\/idealpesca.com\/loja\/wp-json\/wp\/v2\/types\/product"}],"replies":[{"embeddable":true,"href":"https:\/\/idealpesca.com\/loja\/wp-json\/wp\/v2\/comments?post=2169"}],"wp:featuredmedia":[{"embeddable":true,"href":"https:\/\/idealpesca.com\/loja\/wp-json\/wp\/v2\/media\/4765"}],"wp:attachment":[{"href":"https:\/\/idealpesca.com\/loja\/wp-json\/wp\/v2\/media?parent=2169"}],"wp:term":[{"taxonomy":"product_brand","embeddable":true,"href":"https:\/\/idealpesca.com\/loja\/wp-json\/wp\/v2\/product_brand?post=2169"},{"taxonomy":"product_cat","embeddable":true,"href":"https:\/\/idealpesca.com\/loja\/wp-json\/wp\/v2\/product_cat?post=2169"},{"taxonomy":"product_tag","embeddable":true,"href":"https:\/\/idealpesca.com\/loja\/wp-json\/wp\/v2\/product_tag?post=2169"}],"curies":[{"name":"wp","href":"https:\/\/api.w.org\/{rel}","templated":true}]}}