{"id":2167,"date":"2026-03-20T12:22:25","date_gmt":"2026-03-20T12:22:25","guid":{"rendered":"https:\/\/idealpesca.com\/loja\/produto\/cana-penn-tidal-x-420-solid-carbon-green\/"},"modified":"2026-03-20T23:48:40","modified_gmt":"2026-03-20T23:48:40","slug":"cana-penn-tidal-x-420-solid-carbon-green","status":"publish","type":"product","link":"https:\/\/idealpesca.com\/loja\/produto\/cana-penn-tidal-x-420-solid-carbon-green\/","title":{"rendered":"CANA PENN TIDAL X 420 solid carbon green"},"content":{"rendered":"<p><span style=\"font-size: 18pt\"><strong>TAMANHO: 4.20 MT.<\/strong><\/span><\/p>\n<p><span style=\"font-size: 18pt\"><strong>AC\u00c7\u00c3O: 50-200 GRAMAS<\/strong><\/span><\/p>\n<p><span style=\"font-size: 18pt\"><strong>PASSADORES:\u00a0 Fuji\u00a0 low rider\u00a0<\/strong><\/span><\/p>\n<p><span style=\"font-size: 18pt\"><strong>PORTA-CARRETOS: TUBULAR<\/strong><\/span><\/p>\n<p><span style=\"font-size: 18pt\"><strong>Ponteira hibrida<\/strong><\/span><\/p>\n<p><span style=\"font-size: 18pt\"><strong>A\u00e7\u00e3o de lan\u00e7amento ideal 120 grs<\/strong><\/span><\/p>\n<p><span style=\"font-size: 18pt\"><strong>Carbono 30T + x-wrap<\/strong><\/span><\/p>\n","protected":false},"excerpt":{"rendered":"<p>Cana de 3 elementos criada para pesca de surfcasting com 4.25 metros de comprimento<br \/>\nPonteira hibrida, passadores Fuji low rider, cana mais suave, permite lan\u00e7amentos longos sem grande esfor\u00e7o<\/p>\n","protected":false},"featured_media":5413,"comment_status":"open","ping_status":"closed","template":"","meta":[],"product_brand":[],"product_cat":[551,102],"product_tag":[],"class_list":{"0":"post-2167","1":"product","2":"type-product","3":"status-publish","4":"has-post-thumbnail","6":"product_cat-010100-surfcasting-pesca-de-lancamento","7":"product_cat-010108-penn","9":"first","10":"instock","11":"taxable","12":"shipping-taxable","13":"purchasable","14":"product-type-variable"},"_links":{"self":[{"href":"https:\/\/idealpesca.com\/loja\/wp-json\/wp\/v2\/product\/2167","targetHints":{"allow":["GET"]}}],"collection":[{"href":"https:\/\/idealpesca.com\/loja\/wp-json\/wp\/v2\/product"}],"about":[{"href":"https:\/\/idealpesca.com\/loja\/wp-json\/wp\/v2\/types\/product"}],"replies":[{"embeddable":true,"href":"https:\/\/idealpesca.com\/loja\/wp-json\/wp\/v2\/comments?post=2167"}],"wp:featuredmedia":[{"embeddable":true,"href":"https:\/\/idealpesca.com\/loja\/wp-json\/wp\/v2\/media\/5413"}],"wp:attachment":[{"href":"https:\/\/idealpesca.com\/loja\/wp-json\/wp\/v2\/media?parent=2167"}],"wp:term":[{"taxonomy":"product_brand","embeddable":true,"href":"https:\/\/idealpesca.com\/loja\/wp-json\/wp\/v2\/product_brand?post=2167"},{"taxonomy":"product_cat","embeddable":true,"href":"https:\/\/idealpesca.com\/loja\/wp-json\/wp\/v2\/product_cat?post=2167"},{"taxonomy":"product_tag","embeddable":true,"href":"https:\/\/idealpesca.com\/loja\/wp-json\/wp\/v2\/product_tag?post=2167"}],"curies":[{"name":"wp","href":"https:\/\/api.w.org\/{rel}","templated":true}]}}