{"id":216,"date":"2026-03-20T12:13:04","date_gmt":"2026-03-20T12:13:04","guid":{"rendered":"https:\/\/idealpesca.com\/loja\/produto\/chicotes-yuki-safu-tapered-leader\/"},"modified":"2026-03-20T23:51:44","modified_gmt":"2026-03-20T23:51:44","slug":"chicotes-yuki-safu-tapered-leader","status":"publish","type":"product","link":"https:\/\/idealpesca.com\/loja\/produto\/chicotes-yuki-safu-tapered-leader\/","title":{"rendered":"Chicotes YUKI Safu Tapered LEADER"},"content":{"rendered":"<p><span style=\"font-size: large\"><strong>&#8211; Chicotes de surfcasting especialmente desenhada para garantir altas presta\u00e7\u00f5es. <\/strong><\/span><\/p>\n<p><span style=\"font-size: large\"><strong>&#8211; Os primeiros 7.5 metros s\u00e3o transparentes e os restantes s\u00e3o em cor permitindo ao pescador saber o momento em que a pesca est\u00e1 a chegar junto dele.<\/strong><\/span><\/p>\n<p><span style=\"font-size: large\"><strong>&#8211; Testado por diversos campe\u00f5es do mundo de surfcasting<\/strong><\/span><\/p>\n","protected":false},"excerpt":{"rendered":"<p>Chicotes de surfcasting<br \/>\nBobine com 10 chicotes x15 metros com 7,5 mts avermelhado e 7,5 mts transparente<\/p>\n","protected":false},"featured_media":2878,"comment_status":"open","ping_status":"closed","template":"","meta":[],"product_brand":[],"product_cat":[48,261,517],"product_tag":[],"class_list":{"0":"post-216","1":"product","2":"type-product","3":"status-publish","4":"has-post-thumbnail","6":"product_cat-061100-chicotes-linha-conica","7":"product_cat-061109-yuki","8":"product_cat-ideal-pesca","10":"first","11":"instock","12":"taxable","13":"shipping-taxable","14":"purchasable","15":"product-type-variable"},"_links":{"self":[{"href":"https:\/\/idealpesca.com\/loja\/wp-json\/wp\/v2\/product\/216","targetHints":{"allow":["GET"]}}],"collection":[{"href":"https:\/\/idealpesca.com\/loja\/wp-json\/wp\/v2\/product"}],"about":[{"href":"https:\/\/idealpesca.com\/loja\/wp-json\/wp\/v2\/types\/product"}],"replies":[{"embeddable":true,"href":"https:\/\/idealpesca.com\/loja\/wp-json\/wp\/v2\/comments?post=216"}],"wp:featuredmedia":[{"embeddable":true,"href":"https:\/\/idealpesca.com\/loja\/wp-json\/wp\/v2\/media\/2878"}],"wp:attachment":[{"href":"https:\/\/idealpesca.com\/loja\/wp-json\/wp\/v2\/media?parent=216"}],"wp:term":[{"taxonomy":"product_brand","embeddable":true,"href":"https:\/\/idealpesca.com\/loja\/wp-json\/wp\/v2\/product_brand?post=216"},{"taxonomy":"product_cat","embeddable":true,"href":"https:\/\/idealpesca.com\/loja\/wp-json\/wp\/v2\/product_cat?post=216"},{"taxonomy":"product_tag","embeddable":true,"href":"https:\/\/idealpesca.com\/loja\/wp-json\/wp\/v2\/product_tag?post=216"}],"curies":[{"name":"wp","href":"https:\/\/api.w.org\/{rel}","templated":true}]}}