{"id":215,"date":"2026-03-20T12:13:04","date_gmt":"2026-03-20T12:13:04","guid":{"rendered":"https:\/\/idealpesca.com\/loja\/produto\/fishus-saki-shad-40gr\/"},"modified":"2026-03-20T23:52:54","modified_gmt":"2026-03-20T23:52:54","slug":"fishus-saki-shad-40gr","status":"publish","type":"product","link":"https:\/\/idealpesca.com\/loja\/produto\/fishus-saki-shad-40gr\/","title":{"rendered":"FISHUS SAKI SHAD 40GR"},"content":{"rendered":"<p><span style=\"font-size: large;color: #000000\"><strong>&#8211; Vinil muito realista com uma nata\u00e7\u00e3o que imita na perfei\u00e7\u00e3o um pequeno peixe.<\/strong><\/span><\/p>\n<p><span style=\"font-size: large;color: #000000\"><strong>PESO &#8211; 40GRS<\/strong><\/span><\/p>\n<p><span style=\"font-size: large;color: #000000\"><strong>COMPRIMENTO &#8211; 12 CMS<\/strong><\/span><\/p>\n","protected":false},"excerpt":{"rendered":"<p>COM ESS\u00caNCIA ATRATIVA<\/p>\n","protected":false},"featured_media":2876,"comment_status":"open","ping_status":"closed","template":"","meta":[],"product_brand":[],"product_cat":[53,291,517],"product_tag":[],"class_list":{"0":"post-215","1":"product","2":"type-product","3":"status-publish","4":"has-post-thumbnail","6":"product_cat-030400-amostras-vinil","7":"product_cat-030406-fishus","8":"product_cat-ideal-pesca","10":"first","11":"instock","12":"taxable","13":"shipping-taxable","14":"purchasable","15":"product-type-variable"},"_links":{"self":[{"href":"https:\/\/idealpesca.com\/loja\/wp-json\/wp\/v2\/product\/215","targetHints":{"allow":["GET"]}}],"collection":[{"href":"https:\/\/idealpesca.com\/loja\/wp-json\/wp\/v2\/product"}],"about":[{"href":"https:\/\/idealpesca.com\/loja\/wp-json\/wp\/v2\/types\/product"}],"replies":[{"embeddable":true,"href":"https:\/\/idealpesca.com\/loja\/wp-json\/wp\/v2\/comments?post=215"}],"wp:featuredmedia":[{"embeddable":true,"href":"https:\/\/idealpesca.com\/loja\/wp-json\/wp\/v2\/media\/2876"}],"wp:attachment":[{"href":"https:\/\/idealpesca.com\/loja\/wp-json\/wp\/v2\/media?parent=215"}],"wp:term":[{"taxonomy":"product_brand","embeddable":true,"href":"https:\/\/idealpesca.com\/loja\/wp-json\/wp\/v2\/product_brand?post=215"},{"taxonomy":"product_cat","embeddable":true,"href":"https:\/\/idealpesca.com\/loja\/wp-json\/wp\/v2\/product_cat?post=215"},{"taxonomy":"product_tag","embeddable":true,"href":"https:\/\/idealpesca.com\/loja\/wp-json\/wp\/v2\/product_tag?post=215"}],"curies":[{"name":"wp","href":"https:\/\/api.w.org\/{rel}","templated":true}]}}