{"id":2123,"date":"2026-03-20T12:22:02","date_gmt":"2026-03-20T12:22:02","guid":{"rendered":"https:\/\/idealpesca.com\/loja\/produto\/carreto-shimano-stradic-sw-5000-xg-b\/"},"modified":"2026-03-20T23:51:18","modified_gmt":"2026-03-20T23:51:18","slug":"carreto-shimano-stradic-sw-5000-xg-b","status":"publish","type":"product","link":"https:\/\/idealpesca.com\/loja\/produto\/carreto-shimano-stradic-sw-5000-xg-b\/","title":{"rendered":"Carreto SHIMANO STRADIC SW 5000 XG B"},"content":{"rendered":"<table class=\"table bordered js-pswp-gallery\">\n<tr>\n<th>Refer\u00eancia<\/th>\n<th>R\u00e1cio (\/1)<\/th>\n<th>VMV (cm)<\/th>\n<th>Peso (g)<\/th>\n<th>Capacidade (m\/mm)<\/th>\n<th>Drag (kg)<\/th>\n<\/tr>\n<tr>\n<td>STRADICSW4000XG<\/td>\n<td>6.2<\/td>\n<td>\u00a0101<\/td>\n<td>300<\/td>\n<td>150\/0,30<\/td>\n<td>11<\/td>\n<\/tr>\n<tr>\n<td>STRADICSW5000XG<\/td>\n<td>6,2<\/td>\n<td>105<\/td>\n<td>440<\/td>\n<td>150\/0,37<\/td>\n<td>13<\/td>\n<\/tr>\n<\/table>\n<table class=\"table bordered js-pswp-gallery\">\n<tr>\n<th>Refer\u00eancia<\/th>\n<th>R\u00e1cio (\/1)<\/th>\n<th>VMV (cm)<\/th>\n<th>Peso (g)<\/th>\n<th>Capacidade (m\/mm)<\/th>\n<th>Drag (kg)<\/th>\n<\/tr>\n<tr>\n<td>STRADICSW6000PG<\/td>\n<td>4.6<\/td>\n<td>83<\/td>\n<td>440<\/td>\n<td>190\/0.37<\/td>\n<td>\u00a0 13<\/td>\n<\/tr>\n<\/table>\n<p>Com 6+1 rolamentos<\/p>\n<p><strong><span style=\"font-size: large;color: #000000\"><span style=\"font-size: x-large;color: #0000ff\">Observa\u00e7\u00f5es:<\/span>\u00a0<\/span><\/strong><strong><span style=\"font-size: large;color: #000000\">Agora o STRADIC vers\u00e3o SW vem para o mercado com revestimento especial para \u00e1gua salgada X-PROTECT, nova manivela REDONDA e com o novo X-THOUG DRAG. Um carreto ultra potente para pescas exigentes.<\/span><\/strong><\/p>\n","protected":false},"excerpt":{"rendered":"<p>Um po\u00e7o de for\u00e7a com performance de TOP<br \/>\nDurabilidade extrema para \u00e1gua salgada<br \/>\nUm dos modelos mais tradicionais, em sua vers\u00e3o para \u00e1gua salgada (SW). Equipado com as tecnologias mais avan\u00e7adas.<\/p>\n","protected":false},"featured_media":5036,"comment_status":"open","ping_status":"closed","template":"","meta":[],"product_brand":[],"product_cat":[45,44,66,517],"product_tag":[],"class_list":{"0":"post-2123","1":"product","2":"type-product","3":"status-publish","4":"has-post-thumbnail","6":"product_cat-020200-boia-spinning-eging","7":"product_cat-020300-barco-buldo-falesia","8":"product_cat-020307-shimano","9":"product_cat-ideal-pesca","11":"first","12":"instock","13":"taxable","14":"shipping-taxable","15":"purchasable","16":"product-type-variable"},"_links":{"self":[{"href":"https:\/\/idealpesca.com\/loja\/wp-json\/wp\/v2\/product\/2123","targetHints":{"allow":["GET"]}}],"collection":[{"href":"https:\/\/idealpesca.com\/loja\/wp-json\/wp\/v2\/product"}],"about":[{"href":"https:\/\/idealpesca.com\/loja\/wp-json\/wp\/v2\/types\/product"}],"replies":[{"embeddable":true,"href":"https:\/\/idealpesca.com\/loja\/wp-json\/wp\/v2\/comments?post=2123"}],"wp:featuredmedia":[{"embeddable":true,"href":"https:\/\/idealpesca.com\/loja\/wp-json\/wp\/v2\/media\/5036"}],"wp:attachment":[{"href":"https:\/\/idealpesca.com\/loja\/wp-json\/wp\/v2\/media?parent=2123"}],"wp:term":[{"taxonomy":"product_brand","embeddable":true,"href":"https:\/\/idealpesca.com\/loja\/wp-json\/wp\/v2\/product_brand?post=2123"},{"taxonomy":"product_cat","embeddable":true,"href":"https:\/\/idealpesca.com\/loja\/wp-json\/wp\/v2\/product_cat?post=2123"},{"taxonomy":"product_tag","embeddable":true,"href":"https:\/\/idealpesca.com\/loja\/wp-json\/wp\/v2\/product_tag?post=2123"}],"curies":[{"name":"wp","href":"https:\/\/api.w.org\/{rel}","templated":true}]}}