{"id":2122,"date":"2026-03-20T12:22:01","date_gmt":"2026-03-20T12:22:01","guid":{"rendered":"https:\/\/idealpesca.com\/loja\/produto\/carreto-shimano-stradic-4000mhg-fm\/"},"modified":"2026-03-20T23:51:18","modified_gmt":"2026-03-20T23:51:18","slug":"carreto-shimano-stradic-4000mhg-fm","status":"publish","type":"product","link":"https:\/\/idealpesca.com\/loja\/produto\/carreto-shimano-stradic-4000mhg-fm\/","title":{"rendered":"Carreto SHIMANO Stradic 4000MHG FM"},"content":{"rendered":"<p><strong><span style=\"font-size: large;color: #000000\">Rolamentos: 6+1<\/span><\/strong><\/p>\n<p><strong><span style=\"font-size: large;color: #000000\"> Ratio: 5.7:1<\/span><\/strong><\/p>\n<p><strong><span style=\"font-size: large;color: #000000\"> Recupera\u00e7\u00e3o: 93 cm. por volta<\/span><\/strong><\/p>\n<p><strong><span style=\"font-size: large;color: #000000\"> Bobine: 1 EM ALUM\u00cdNIO <\/span><\/strong><\/p>\n<p><strong><span style=\"font-size: large;color: #000000\">Capacidade de linha: 165 mt. de 0,25 mm<\/span><\/strong><\/p>\n<p><strong><span style=\"font-size: large;color: #000000\"> Embraiagem\/drag: Frontal de 11 KG.<\/span><\/strong><\/p>\n<p><strong><span style=\"font-size: large;color: #000000\"> Peso: 275 gramas<\/span><\/strong><\/p>\n<p><strong><span style=\"font-size: large;color: #000000\">REF.ST4000MHGFM<\/span><\/strong><\/p>\n<p>\u00a0<\/p>\n<p>\u00a0<\/p>\n<p><strong><span style=\"font-size: large;color: #000000\">\u00a0<\/span><\/strong><\/p>\n","protected":false},"excerpt":{"rendered":"<p>O NOVO STRADIC FM<br \/>\nCARRETO COM A MELHOR RELA\u00c7\u00c3O PRE\u00c7O QUALIDADE DA GAMA&#8230;<\/p>\n","protected":false},"featured_media":5038,"comment_status":"open","ping_status":"closed","template":"","meta":[],"product_brand":[],"product_cat":[45,75,517],"product_tag":[],"class_list":{"0":"post-2122","1":"product","2":"type-product","3":"status-publish","4":"has-post-thumbnail","6":"product_cat-020200-boia-spinning-eging","7":"product_cat-020208-shimano","8":"product_cat-ideal-pesca","10":"first","11":"instock","12":"taxable","13":"shipping-taxable","14":"purchasable","15":"product-type-variable"},"_links":{"self":[{"href":"https:\/\/idealpesca.com\/loja\/wp-json\/wp\/v2\/product\/2122","targetHints":{"allow":["GET"]}}],"collection":[{"href":"https:\/\/idealpesca.com\/loja\/wp-json\/wp\/v2\/product"}],"about":[{"href":"https:\/\/idealpesca.com\/loja\/wp-json\/wp\/v2\/types\/product"}],"replies":[{"embeddable":true,"href":"https:\/\/idealpesca.com\/loja\/wp-json\/wp\/v2\/comments?post=2122"}],"wp:featuredmedia":[{"embeddable":true,"href":"https:\/\/idealpesca.com\/loja\/wp-json\/wp\/v2\/media\/5038"}],"wp:attachment":[{"href":"https:\/\/idealpesca.com\/loja\/wp-json\/wp\/v2\/media?parent=2122"}],"wp:term":[{"taxonomy":"product_brand","embeddable":true,"href":"https:\/\/idealpesca.com\/loja\/wp-json\/wp\/v2\/product_brand?post=2122"},{"taxonomy":"product_cat","embeddable":true,"href":"https:\/\/idealpesca.com\/loja\/wp-json\/wp\/v2\/product_cat?post=2122"},{"taxonomy":"product_tag","embeddable":true,"href":"https:\/\/idealpesca.com\/loja\/wp-json\/wp\/v2\/product_tag?post=2122"}],"curies":[{"name":"wp","href":"https:\/\/api.w.org\/{rel}","templated":true}]}}