{"id":2120,"date":"2026-03-20T12:22:00","date_gmt":"2026-03-20T12:22:00","guid":{"rendered":"https:\/\/idealpesca.com\/loja\/produto\/linha-daiwa-saltiga-x-link-fluorocarbon-leader\/"},"modified":"2026-03-20T23:37:33","modified_gmt":"2026-03-20T23:37:33","slug":"linha-daiwa-saltiga-x-link-fluorocarbon-leader","status":"publish","type":"product","link":"https:\/\/idealpesca.com\/loja\/produto\/linha-daiwa-saltiga-x-link-fluorocarbon-leader\/","title":{"rendered":"Linha DAIWA Saltiga X\u2019 Link Fluorocarbon Leader"},"content":{"rendered":"<p>A sua formula\u00e7\u00e3o especial confere a este shock leader todas as vantagens do fluorocarbono topo de gama com o b\u00f4nus de extrema flexibilidade! Um tratamento especial confere-lhe maior resist\u00eancia \u00e0 abras\u00e3o e \u00e0 tra\u00e7\u00e3o fora de s\u00e9rie neste dom\u00ednio, o nano controle melhora a resist\u00eancia dos n\u00f3s e facilita a elimina\u00e7\u00e3o das perucas ao lan\u00e7ar. A sua grande flexibilidade permite a utiliza\u00e7\u00e3o mesmo quando t\u00eam de ser feitas ponteiras de linha muito grandes. &#8220;DPLS&#8221; o shock leader \u00e9 enrolado em paralelo para n\u00e3o alterar a sua forma e o seu desempenho. A banda de prote\u00e7\u00e3o el\u00e1stica em volta da bobina protege o fio e trava o seu desenrolamento, uma ajuda efetiva para realizar n\u00f3s<\/p>\n<table>\n<tr>\n<th>refer\u00eancia<\/th>\n<th>tamanho<\/th>\n<th>cor<\/th>\n<th>di\u00e2metro<\/th>\n<th>resist\u00eancia<\/th>\n<\/tr>\n<tr>\n<td>12956523<\/td>\n<td>30m<\/td>\n<td>TRANSPARENT<\/td>\n<td>0,235mm<\/td>\n<td>3,6kg\/8lb<\/td>\n<\/tr>\n<tr>\n<td>12956526<\/td>\n<td>30m<\/td>\n<td>TRANSPARENT<\/td>\n<td>0,260mm<\/td>\n<td>4,5kg\/10lb<\/td>\n<\/tr>\n<tr>\n<td>12956528<\/td>\n<td>30m<\/td>\n<td>TRANSPARENT<\/td>\n<td>0,285mm<\/td>\n<td>5,4kg\/12lb<\/td>\n<\/tr>\n<tr>\n<td>12956533<\/td>\n<td>30m<\/td>\n<td>TRANSPARENT<\/td>\n<td>0,330mm<\/td>\n<td>7,3kg\/16lb<\/td>\n<\/tr>\n<tr>\n<td>12956537<\/td>\n<td>30m<\/td>\n<td>TRANSPARENT<\/td>\n<td>0,370mm<\/td>\n<td>9,1kg\/20lb<\/td>\n<\/tr>\n<tr>\n<td>12956543<\/td>\n<td>30m<\/td>\n<td>TRANSPARENT<\/td>\n<td>0,435mm<\/td>\n<td>11,3kg\/25lb<\/td>\n<\/tr>\n<tr>\n<td>12956547<\/td>\n<td>30m<\/td>\n<td>TRANSPARENT<\/td>\n<td>0,470mm<\/td>\n<td>13,6kg\/30lb<\/td>\n<\/tr>\n<tr>\n<td>12956557<\/td>\n<td>30m<\/td>\n<td>TRANSPARENT<\/td>\n<td>0,570mm<\/td>\n<td>18,1kg\/40lb<\/td>\n<\/tr>\n<tr>\n<td>12956564<\/td>\n<td>30m<\/td>\n<td>TRANSPARENT<\/td>\n<td>0,640mm<\/td>\n<td>22,7kg\/50lb<\/td>\n<\/tr>\n<tr>\n<td>12956570<\/td>\n<td>30m<\/td>\n<td>TRANSPARENT<\/td>\n<td>0,700mm<\/td>\n<td>27,2kg\/60lb<\/td>\n<\/tr>\n<tr>\n<td>12956578<\/td>\n<td>30m<\/td>\n<td>TRANSPARENT<\/td>\n<td>0,780mm<\/td>\n<td>31,8kg\/70lb<\/td>\n<\/tr>\n<tr>\n<td>12956583<\/td>\n<td>30m<\/td>\n<td>TRANSPARENT<\/td>\n<td>0,830mm<\/td>\n<td>36,3kg\/80lb<\/td>\n<\/tr>\n<tr>\n<td>12956598<\/td>\n<td>30m<\/td>\n<td>TRANSPARENT<\/td>\n<td>0,980mm<\/td>\n<td>45,4kg\/100lb<\/td>\n<\/tr>\n<\/table>\n","protected":false},"excerpt":{"rendered":"<p>Feito no Jap\u00e3o<\/p>\n","protected":false},"featured_media":5380,"comment_status":"open","ping_status":"closed","template":"","meta":[],"product_brand":[],"product_cat":[304,333,517],"product_tag":[],"class_list":{"0":"post-2120","1":"product","2":"type-product","3":"status-publish","4":"has-post-thumbnail","6":"product_cat-060500-fluorocarbono-50-metros","7":"product_cat-060505-daiwa","8":"product_cat-ideal-pesca","10":"first","11":"instock","12":"taxable","13":"shipping-taxable","14":"purchasable","15":"product-type-variable"},"_links":{"self":[{"href":"https:\/\/idealpesca.com\/loja\/wp-json\/wp\/v2\/product\/2120","targetHints":{"allow":["GET"]}}],"collection":[{"href":"https:\/\/idealpesca.com\/loja\/wp-json\/wp\/v2\/product"}],"about":[{"href":"https:\/\/idealpesca.com\/loja\/wp-json\/wp\/v2\/types\/product"}],"replies":[{"embeddable":true,"href":"https:\/\/idealpesca.com\/loja\/wp-json\/wp\/v2\/comments?post=2120"}],"wp:featuredmedia":[{"embeddable":true,"href":"https:\/\/idealpesca.com\/loja\/wp-json\/wp\/v2\/media\/5380"}],"wp:attachment":[{"href":"https:\/\/idealpesca.com\/loja\/wp-json\/wp\/v2\/media?parent=2120"}],"wp:term":[{"taxonomy":"product_brand","embeddable":true,"href":"https:\/\/idealpesca.com\/loja\/wp-json\/wp\/v2\/product_brand?post=2120"},{"taxonomy":"product_cat","embeddable":true,"href":"https:\/\/idealpesca.com\/loja\/wp-json\/wp\/v2\/product_cat?post=2120"},{"taxonomy":"product_tag","embeddable":true,"href":"https:\/\/idealpesca.com\/loja\/wp-json\/wp\/v2\/product_tag?post=2120"}],"curies":[{"name":"wp","href":"https:\/\/api.w.org\/{rel}","templated":true}]}}