{"id":21077,"date":"2020-12-08T14:07:05","date_gmt":"2020-12-08T14:07:05","guid":{"rendered":"https:\/\/idealpesca.com\/loja\/produto\/linha-daiwa-shock-leader-50-m-type-n-nylon\/"},"modified":"2026-05-14T17:17:14","modified_gmt":"2026-05-14T16:17:14","slug":"linha-daiwa-shock-leader-50-m-type-n-nylon","status":"publish","type":"product","link":"https:\/\/idealpesca.com\/loja\/produto\/linha-daiwa-shock-leader-50-m-type-n-nylon\/","title":{"rendered":"LINHA DAIWA Shock Leader 50 M Type N (Nylon)"},"content":{"rendered":"<div class=\"product-content\">\n<div class=\"product-content-inner\">\n<div class=\"product-desc\">\n<p>Este nylon \u00e9 estudado para as baixadas de linha destinadas \u00e0s pescas fortes (ex\u00f3tica, surf casting, siluro ou ainda pesca em profundidade). A sua resist\u00eancia \u00e0 abras\u00e3o e a sua aus\u00eancia de mem\u00f3ria s\u00e3o not\u00e1veis. A sua textura \u00e9 suficientemente suave para fazer conex\u00f5es com os grandes di\u00e2metros e conservar uma excelente resist\u00eancia aos n\u00f3s.<\/p>\n<\/div>\n<div class=\"row\">\u00a0<\/div>\n<\/div>\n<\/div>\n<div class=\"product-content-next\">\n<div class=\"product-content-next-inner\">\n<div class=\"polymorphic-table product-table\">\n<div class=\"polymorphic-table-inner\">\n<table class=\"table bordered js-pswp-gallery\">\n<thead>\n<tr>\n<th>Di\u00e2metro (mm)<\/th>\n<th>Resist\u00eancia<\/th>\n<th>Resist\u00eancia<\/th>\n<th>Comprimento<\/th>\n<th>Refer\u00eancia<\/th>\n<\/tr>\n<\/thead>\n<tbody>\n<tr>\n<td>60\/100<\/td>\n<td>23,9 kg<\/td>\n<td>50 lb<\/td>\n<td>50 mt<\/td>\n<td>12957060<\/td>\n<\/tr>\n<tr>\n<td>70\/100<\/td>\n<td>30,6 kg<\/td>\n<td>70 lb<\/td>\n<td>50 mt<\/td>\n<td>12957070<\/td>\n<\/tr>\n<tr>\n<td>80\/100<\/td>\n<td>40,3 kg<\/td>\n<td>90 lb<\/td>\n<td>50 mt<\/td>\n<td>12957080<\/td>\n<\/tr>\n<tr>\n<td>90\/100<\/td>\n<td>49,4 kg<\/td>\n<td>110 lb<\/td>\n<td>50 mt<\/td>\n<td>12957090<\/td>\n<\/tr>\n<tr>\n<td>100\/100<\/td>\n<td>63,4 kg<\/td>\n<td>140 lb<\/td>\n<td>50 mt<\/td>\n<td>12957100<\/td>\n<\/tr>\n<tr>\n<td>115\/100<\/td>\n<td>77,4 kg<\/td>\n<td>170 lb<\/td>\n<td>50 mt<\/td>\n<td>12957115<\/td>\n<\/tr>\n<tr>\n<td>125\/100<\/td>\n<td>91,5 kg<\/td>\n<td>200 lb<\/td>\n<td>50 mt<\/td>\n<td>12957125<\/td>\n<\/tr>\n<tr>\n<td>140\/100<\/td>\n<td>105,0 kg<\/td>\n<td>220 lb<\/td>\n<td>45 m<\/td>\n<td>12957140<\/td>\n<\/tr>\n<tr>\n<td>150\/100<\/td>\n<td>118,0 kg<\/td>\n<td>250 lb<\/td>\n<td>35 m<\/td>\n<td>12957150<\/td>\n<\/tr>\n<tr>\n<td>170\/100<\/td>\n<td>160,0 kg<\/td>\n<td>300 lb<\/td>\n<td>25 m<\/td>\n<td>12957170<\/td>\n<\/tr>\n<\/tbody>\n<\/table>\n<\/div>\n<\/div>\n<\/div>\n<\/div>\n","protected":false},"excerpt":{"rendered":"<p>Este nylon \u00e9 estudado para as baixadas de linha destinadas \u00e0s pescas fortes (ex\u00f3tica, surf casting, siluro ou ainda pesca em profundidade). A sua resist\u00eancia \u00e0 abras\u00e3o e a sua aus\u00eancia de mem\u00f3ria s\u00e3o not\u00e1veis. A sua textura \u00e9 suficientemente suave para fazer conex\u00f5es com os grandes di\u00e2metros e conservar uma excelente resist\u00eancia aos n\u00f3s. [&hellip;]<\/p>\n","protected":false},"featured_media":27473,"comment_status":"open","ping_status":"closed","template":"","meta":[],"product_brand":[],"product_cat":[298,457],"product_tag":[],"class_list":{"0":"post-21077","1":"product","2":"type-product","3":"status-publish","4":"has-post-thumbnail","6":"product_cat-060100-monofilamento-nylon-50-a-150-metros","7":"product_cat-060104-daiwa","9":"first","10":"instock","11":"taxable","12":"shipping-taxable","13":"purchasable","14":"product-type-variable"},"_links":{"self":[{"href":"https:\/\/idealpesca.com\/loja\/wp-json\/wp\/v2\/product\/21077","targetHints":{"allow":["GET"]}}],"collection":[{"href":"https:\/\/idealpesca.com\/loja\/wp-json\/wp\/v2\/product"}],"about":[{"href":"https:\/\/idealpesca.com\/loja\/wp-json\/wp\/v2\/types\/product"}],"replies":[{"embeddable":true,"href":"https:\/\/idealpesca.com\/loja\/wp-json\/wp\/v2\/comments?post=21077"}],"wp:featuredmedia":[{"embeddable":true,"href":"https:\/\/idealpesca.com\/loja\/wp-json\/wp\/v2\/media\/27473"}],"wp:attachment":[{"href":"https:\/\/idealpesca.com\/loja\/wp-json\/wp\/v2\/media?parent=21077"}],"wp:term":[{"taxonomy":"product_brand","embeddable":true,"href":"https:\/\/idealpesca.com\/loja\/wp-json\/wp\/v2\/product_brand?post=21077"},{"taxonomy":"product_cat","embeddable":true,"href":"https:\/\/idealpesca.com\/loja\/wp-json\/wp\/v2\/product_cat?post=21077"},{"taxonomy":"product_tag","embeddable":true,"href":"https:\/\/idealpesca.com\/loja\/wp-json\/wp\/v2\/product_tag?post=21077"}],"curies":[{"name":"wp","href":"https:\/\/api.w.org\/{rel}","templated":true}]}}