{"id":2107,"date":"2026-03-20T12:21:55","date_gmt":"2026-03-20T12:21:55","guid":{"rendered":"https:\/\/idealpesca.com\/loja\/produto\/akami-kairos-6000\/"},"modified":"2026-03-20T23:37:56","modified_gmt":"2026-03-20T23:37:56","slug":"akami-kairos-6000","status":"publish","type":"product","link":"https:\/\/idealpesca.com\/loja\/produto\/akami-kairos-6000\/","title":{"rendered":"AKAMI KAIROS 6000"},"content":{"rendered":"<p><span class=\"title\">Descri\u00e7\u00e3o<\/span><\/p>\n<p>CARRETO AKAMI KAIROS 6000 BB 7\/ Drag 12Kg \/ R 5.1:1<\/p>\n<div class=\"product-short-description\">Carreto drag frontal &#8211; peso 420 gr &#8211; mm\/Mt: 0.33\/260<\/div>\n<p>\u00a0<\/p>\n<p>Conhe\u00e7a a \u00faltima novidade da AKAMI, o\u00a0<span class=\"il\">KAIROS<\/span>: a solu\u00e7\u00e3o ideal para elevar sua experi\u00eancia de pesca! Dispon\u00edvel nos modelos 5000, 6000 e 7000, estes carretos atendem \u00e0s principais modalidades, incluindo pesca de barco fundeado, jigging, spinning, eging e pesca \u00e0 b\u00f3ia. Projetados com corpo e rotor em carbono e pintura anti-salitre, os carretos\u00a0<span class=\"il\">KAIROS<\/span>\u00a0s\u00e3o constru\u00eddos para resistir \u00e0s condi\u00e7\u00f5es mais adversas. Equipados com um novo sistema estabilizador, eles garantem uma rota\u00e7\u00e3o suave e consistente, seja na a\u00e7\u00e3o de pesca ou no combate. O\u00a0<span class=\"il\">KAIROS<\/span>\u00a0traz ainda 7 rolamentos NMB selados em a\u00e7o inoxid\u00e1vel japon\u00eas, proporcionando durabilidade e alto desempenho. Cada carreto vem com uma bobina extra fabricada em alum\u00ednio forjado a frio, oferecendo versatilidade e rapidez na troca. A manivela de for\u00e7a com rosca de alum\u00ednio que aperta diretamente na roda de coroa e pega met\u00e1lica de combate ergon\u00f3mico proporciona um manuseio confort\u00e1vel e seguro. O sistema de embraiagem multidisco imperme\u00e1vel oferece m\u00e1xima confiabilidade em todas as condi\u00e7\u00f5es! Al\u00e9m de toda esta qualidade, os carretos\u00a0<span class=\"il\">KAIROS<\/span>\u00a0t\u00eam uma bolsa de neoprene para prote\u00e7\u00e3o e transporte. Pot\u00eancia, durabilidade e inova\u00e7\u00e3o: o\u00a0<span class=\"il\">KAIROS<\/span>\u00a0\u00e9 a escolha certa para pescadores que buscam um desempenho superior!<\/p>\n","protected":false},"excerpt":{"rendered":"<p>Carreto com caracter\u00edsticas de topo a um pre\u00e7o muito acess\u00edvel.<br \/>\nBobine extra e bolsa de neoprene inclu\u00edda.<\/p>\n","protected":false},"featured_media":5372,"comment_status":"open","ping_status":"closed","template":"","meta":[],"product_brand":[],"product_cat":[35,81,517],"product_tag":[],"class_list":{"0":"post-2107","1":"product","2":"type-product","3":"status-publish","4":"has-post-thumbnail","6":"product_cat-020000-carretos","7":"product_cat-020103-akami","8":"product_cat-ideal-pesca","10":"first","11":"instock","12":"taxable","13":"shipping-taxable","14":"purchasable","15":"product-type-variable"},"_links":{"self":[{"href":"https:\/\/idealpesca.com\/loja\/wp-json\/wp\/v2\/product\/2107","targetHints":{"allow":["GET"]}}],"collection":[{"href":"https:\/\/idealpesca.com\/loja\/wp-json\/wp\/v2\/product"}],"about":[{"href":"https:\/\/idealpesca.com\/loja\/wp-json\/wp\/v2\/types\/product"}],"replies":[{"embeddable":true,"href":"https:\/\/idealpesca.com\/loja\/wp-json\/wp\/v2\/comments?post=2107"}],"wp:featuredmedia":[{"embeddable":true,"href":"https:\/\/idealpesca.com\/loja\/wp-json\/wp\/v2\/media\/5372"}],"wp:attachment":[{"href":"https:\/\/idealpesca.com\/loja\/wp-json\/wp\/v2\/media?parent=2107"}],"wp:term":[{"taxonomy":"product_brand","embeddable":true,"href":"https:\/\/idealpesca.com\/loja\/wp-json\/wp\/v2\/product_brand?post=2107"},{"taxonomy":"product_cat","embeddable":true,"href":"https:\/\/idealpesca.com\/loja\/wp-json\/wp\/v2\/product_cat?post=2107"},{"taxonomy":"product_tag","embeddable":true,"href":"https:\/\/idealpesca.com\/loja\/wp-json\/wp\/v2\/product_tag?post=2107"}],"curies":[{"name":"wp","href":"https:\/\/api.w.org\/{rel}","templated":true}]}}