{"id":2103,"date":"2026-03-20T12:21:53","date_gmt":"2026-03-20T12:21:53","guid":{"rendered":"https:\/\/idealpesca.com\/loja\/produto\/cana-shimano-ultegra-surf-425-ax-j-tubular\/"},"modified":"2026-03-20T23:49:03","modified_gmt":"2026-03-20T23:49:03","slug":"cana-shimano-ultegra-surf-425-ax-j-tubular","status":"publish","type":"product","link":"https:\/\/idealpesca.com\/loja\/produto\/cana-shimano-ultegra-surf-425-ax-j-tubular\/","title":{"rendered":"Cana Shimano Ultegra Surf 425 AX-J tubular"},"content":{"rendered":"<div class=\"accordeon-item targetActive\">\n<div>Blank Material &amp; Constru\u00e7\u00e3o:\u00a0 High Modulus Full Carbon + HPC + Nanosheet + Diasflash<\/div>\n<\/div>\n<div class=\"accordeon-item targetActive\">\n<p>Comprimento da cana &#8211; metros : 4.25 mtr<\/p>\n<p>N\u00ba de passadores: 7<\/p>\n<p>Peso lan\u00e7amento max EU: 250 gr<\/p>\n<p>Ac\u00e7\u00e3o optima de lan\u00e7amento: 170 gr<\/p>\n<p>Peso: 503 grs<\/p>\n<div class=\"row module-product_specifications_list_item\">Passadores: Fuji Alconite K type<\/p>\n<div class=\"col-xs-12 col-sm-9 col-lg-9\">\n<div class=\"module-product_specifications_list_item_value\">\u00a0<\/div>\n<\/div>\n<\/div>\n<div class=\"row module-product_specifications_list_item\">\n<div class=\"col-xs-12 col-sm-3 col-lg-3\">\n<div class=\"module-product_specifications_list_item_title\">Porta carretos: tipo FUJI DPS<\/div>\n<div class=\"module-product_specifications_list_item_title\">\u00a0<\/div>\n<div class=\"module-product_specifications_list_item_title\"><span class=\"attr-name\">N\u00famero do artigo: <\/span><span class=\"attr-value\">ULTSF450BXJ<\/span><\/div>\n<\/div>\n<\/div>\n<table class=\"module-product_table_data_table \">\n<tr>\n<th>Referencia<\/th>\n<th>Comprimento (m)<\/th>\n<th>Comprimento de transporte\u00a0(cm)<\/th>\n<th>Numero de sec\u00e7oes<\/th>\n<th>Numero de passadores<\/th>\n<th>Max.chumbada lan\u00e7amento (g)<\/th>\n<\/tr>\n<tr>\n<td>\n<div class=\"module-product_table_data_table_cell_value\"><span class=\"attr-value\">ULTSF425AXJ<\/span><\/div>\n<\/td>\n<td>\n<div class=\"module-product_table_data_table_cell_value\">425<\/div>\n<\/td>\n<td>\n<div class=\"module-product_table_data_table_cell_value\">148<\/div>\n<\/td>\n<td>\n<div class=\"module-product_table_data_table_cell_value\">3<\/div>\n<\/td>\n<td>\n<div class=\"module-product_table_data_table_cell_value\">7<\/div>\n<\/td>\n<td>\n<div class=\"module-product_table_data_table_cell_value\">250<\/div>\n<\/td>\n<\/tr>\n<\/table>\n<\/div>\n","protected":false},"excerpt":{"rendered":"<p>Novidade Ponteira tubular<br \/>\nA Ultegra Surf foi concebida para ultra longos lan\u00e7amentos de especialistas&#8230;<br \/>\nCana potente no lan\u00e7amento<br \/>\nVers\u00e3o com ponteira tubular<\/p>\n","protected":false},"featured_media":5154,"comment_status":"open","ping_status":"closed","template":"","meta":[],"product_brand":[],"product_cat":[551,98],"product_tag":[],"class_list":{"0":"post-2103","1":"product","2":"type-product","3":"status-publish","4":"has-post-thumbnail","6":"product_cat-010100-surfcasting-pesca-de-lancamento","7":"product_cat-010109-shimano","9":"first","10":"instock","11":"taxable","12":"shipping-taxable","13":"purchasable","14":"product-type-variable"},"_links":{"self":[{"href":"https:\/\/idealpesca.com\/loja\/wp-json\/wp\/v2\/product\/2103","targetHints":{"allow":["GET"]}}],"collection":[{"href":"https:\/\/idealpesca.com\/loja\/wp-json\/wp\/v2\/product"}],"about":[{"href":"https:\/\/idealpesca.com\/loja\/wp-json\/wp\/v2\/types\/product"}],"replies":[{"embeddable":true,"href":"https:\/\/idealpesca.com\/loja\/wp-json\/wp\/v2\/comments?post=2103"}],"wp:featuredmedia":[{"embeddable":true,"href":"https:\/\/idealpesca.com\/loja\/wp-json\/wp\/v2\/media\/5154"}],"wp:attachment":[{"href":"https:\/\/idealpesca.com\/loja\/wp-json\/wp\/v2\/media?parent=2103"}],"wp:term":[{"taxonomy":"product_brand","embeddable":true,"href":"https:\/\/idealpesca.com\/loja\/wp-json\/wp\/v2\/product_brand?post=2103"},{"taxonomy":"product_cat","embeddable":true,"href":"https:\/\/idealpesca.com\/loja\/wp-json\/wp\/v2\/product_cat?post=2103"},{"taxonomy":"product_tag","embeddable":true,"href":"https:\/\/idealpesca.com\/loja\/wp-json\/wp\/v2\/product_tag?post=2103"}],"curies":[{"name":"wp","href":"https:\/\/api.w.org\/{rel}","templated":true}]}}