{"id":2092,"date":"2026-03-20T12:21:48","date_gmt":"2026-03-20T12:21:48","guid":{"rendered":"https:\/\/idealpesca.com\/loja\/produto\/xorus-asturie-110\/"},"modified":"2026-03-20T23:58:56","modified_gmt":"2026-03-20T23:58:56","slug":"xorus-asturie-110","status":"publish","type":"product","link":"https:\/\/idealpesca.com\/loja\/produto\/xorus-asturie-110\/","title":{"rendered":"XORUS ASTURIE 110"},"content":{"rendered":"<h2>Detalhes:<\/h2>\n<table class=\"product-attributes\">\n<tr>\n<td>\n<p>Comprimento (mm)<\/p>\n<\/td>\n<td>\n<p><strong>110<\/strong><\/p>\n<\/td>\n<\/tr>\n<tr>\n<td>\n<p>Peso (gr)<\/p>\n<\/td>\n<td>\n<p><strong>16.5<\/strong><\/p>\n<\/td>\n<\/tr>\n<tr>\n<td>\n<p>Ac\u00e7\u00e3o<\/p>\n<\/td>\n<td>\n<p><strong>Flutuante<\/strong><\/p>\n<\/td>\n<\/tr>\n<tr>\n<td>\n<p>Ruido<\/p>\n<\/td>\n<td>Sim<\/td>\n<\/tr>\n<tr>\n<td>\n<p>Anz\u00f3is<\/p>\n<\/td>\n<td>\n<p><strong>Triplos<\/strong><\/p>\n<\/td>\n<\/tr>\n<\/table>\n","protected":false},"excerpt":{"rendered":"<p>Detalhes: Comprimento (mm) 110 Peso (gr) 16.5 Ac\u00e7\u00e3o Flutuante Ruido Sim Anz\u00f3is Triplos<\/p>\n","protected":false},"featured_media":5356,"comment_status":"open","ping_status":"closed","template":"","meta":[],"product_brand":[],"product_cat":[50,211,517],"product_tag":[],"class_list":{"0":"post-2092","1":"product","2":"type-product","3":"status-publish","4":"has-post-thumbnail","6":"product_cat-030300-superficie-passeantes-poppers","7":"product_cat-030308-xorus","8":"product_cat-ideal-pesca","10":"first","11":"instock","12":"taxable","13":"shipping-taxable","14":"purchasable","15":"product-type-variable"},"_links":{"self":[{"href":"https:\/\/idealpesca.com\/loja\/wp-json\/wp\/v2\/product\/2092","targetHints":{"allow":["GET"]}}],"collection":[{"href":"https:\/\/idealpesca.com\/loja\/wp-json\/wp\/v2\/product"}],"about":[{"href":"https:\/\/idealpesca.com\/loja\/wp-json\/wp\/v2\/types\/product"}],"replies":[{"embeddable":true,"href":"https:\/\/idealpesca.com\/loja\/wp-json\/wp\/v2\/comments?post=2092"}],"wp:featuredmedia":[{"embeddable":true,"href":"https:\/\/idealpesca.com\/loja\/wp-json\/wp\/v2\/media\/5356"}],"wp:attachment":[{"href":"https:\/\/idealpesca.com\/loja\/wp-json\/wp\/v2\/media?parent=2092"}],"wp:term":[{"taxonomy":"product_brand","embeddable":true,"href":"https:\/\/idealpesca.com\/loja\/wp-json\/wp\/v2\/product_brand?post=2092"},{"taxonomy":"product_cat","embeddable":true,"href":"https:\/\/idealpesca.com\/loja\/wp-json\/wp\/v2\/product_cat?post=2092"},{"taxonomy":"product_tag","embeddable":true,"href":"https:\/\/idealpesca.com\/loja\/wp-json\/wp\/v2\/product_tag?post=2092"}],"curies":[{"name":"wp","href":"https:\/\/api.w.org\/{rel}","templated":true}]}}