{"id":2088,"date":"2026-03-20T12:21:46","date_gmt":"2026-03-20T12:21:46","guid":{"rendered":"https:\/\/idealpesca.com\/loja\/produto\/calca-shimano-wear-bib-and-brace-padded-black-xxl\/"},"modified":"2026-03-20T23:45:21","modified_gmt":"2026-03-20T23:45:21","slug":"calca-shimano-wear-bib-and-brace-padded-black-xxl","status":"publish","type":"product","link":"https:\/\/idealpesca.com\/loja\/produto\/calca-shimano-wear-bib-and-brace-padded-black-xxl\/","title":{"rendered":"CAL\u00c7A Shimano Wear Bib and Brace Padded Preta"},"content":{"rendered":"<p>&#8211; V\u00e1rios tamanhos dispon\u00edveis;<\/p>\n<p>A cal\u00e7a Bib &amp; Brace de alto desempenho \u00e9 \u00e0 prova de \u00e1gua projectado especificamente para a pesca.<\/p>\n<p>Fabricado a partir de um tecido avan\u00e7ado com resist\u00eancia 20k combina com o casaco Rain Jacket.<\/p>\n<p>Totalmente \u00e1 prova de \u00e1gua e respir\u00e1vel mesmo nas condi\u00e7\u00f5es mais extremas, o design 3D aumenta a amplitude de movimento e o tecido leve garante o m\u00e1ximo conforto. As al\u00e7as de ombro el\u00e1sticas s\u00e3o ajust\u00e1veis.<\/p>\n","protected":false},"excerpt":{"rendered":"<p>Cal\u00e7a para pesca Shimano imperme\u00e1vel e respir\u00e1vel.<br \/>\nVERS\u00c3O ACOLCHOADA<\/p>\n","protected":false},"featured_media":5351,"comment_status":"open","ping_status":"closed","template":"","meta":[],"product_brand":[],"product_cat":[364,43,517],"product_tag":[],"class_list":{"0":"post-2088","1":"product","2":"type-product","3":"status-publish","4":"has-post-thumbnail","6":"product_cat-100102-casacos-e-fatos-de-pesca","7":"product_cat-310000-novidades-gerais","8":"product_cat-ideal-pesca","10":"first","11":"instock","12":"taxable","13":"shipping-taxable","14":"purchasable","15":"product-type-variable"},"_links":{"self":[{"href":"https:\/\/idealpesca.com\/loja\/wp-json\/wp\/v2\/product\/2088","targetHints":{"allow":["GET"]}}],"collection":[{"href":"https:\/\/idealpesca.com\/loja\/wp-json\/wp\/v2\/product"}],"about":[{"href":"https:\/\/idealpesca.com\/loja\/wp-json\/wp\/v2\/types\/product"}],"replies":[{"embeddable":true,"href":"https:\/\/idealpesca.com\/loja\/wp-json\/wp\/v2\/comments?post=2088"}],"wp:featuredmedia":[{"embeddable":true,"href":"https:\/\/idealpesca.com\/loja\/wp-json\/wp\/v2\/media\/5351"}],"wp:attachment":[{"href":"https:\/\/idealpesca.com\/loja\/wp-json\/wp\/v2\/media?parent=2088"}],"wp:term":[{"taxonomy":"product_brand","embeddable":true,"href":"https:\/\/idealpesca.com\/loja\/wp-json\/wp\/v2\/product_brand?post=2088"},{"taxonomy":"product_cat","embeddable":true,"href":"https:\/\/idealpesca.com\/loja\/wp-json\/wp\/v2\/product_cat?post=2088"},{"taxonomy":"product_tag","embeddable":true,"href":"https:\/\/idealpesca.com\/loja\/wp-json\/wp\/v2\/product_tag?post=2088"}],"curies":[{"name":"wp","href":"https:\/\/api.w.org\/{rel}","templated":true}]}}