{"id":2084,"date":"2026-03-20T12:21:43","date_gmt":"2026-03-20T12:21:43","guid":{"rendered":"https:\/\/idealpesca.com\/loja\/produto\/saco-mustad-fish-cooler-38\/"},"modified":"2026-03-20T23:56:50","modified_gmt":"2026-03-20T23:56:50","slug":"saco-mustad-fish-cooler-38","status":"publish","type":"product","link":"https:\/\/idealpesca.com\/loja\/produto\/saco-mustad-fish-cooler-38\/","title":{"rendered":"SACO MUSTAD FISH COOLER 38\u00b4\u00b4"},"content":{"rendered":"<p><span style=\"font-size: large;color: #000000\"><strong>&#8211; Um saco ideal para levar e conservar o peixe de uma jornada de pesca \u00e1 temperatura ideal.<\/strong><\/span><\/p>\n<p><span style=\"font-size: large;color: #000000\"><strong>&#8211; saco t\u00e9rmico de peixe isolado \u00e1 prova de agua projectado para reter gelo por dias e dobravel para armazenamento;<\/strong><\/span><\/p>\n<p><span style=\"font-size: large;color: #000000\"><strong>&#8211; Medidas: 90x35x20cm;<\/strong><\/span><\/p>\n<p><span style=\"font-size: large;color: #000000\"><strong>&#8211; C\u00f4r : BRANCO E FITAS PRETAS ;<\/strong><\/span><\/p>\n<p><span style=\"font-size: large;color: #000000\"><strong>&#8211; Material: constru\u00e7\u00e3o \u00e0 prova de agua em PVC 500D;<\/strong><\/span><\/p>\n<p><span style=\"font-size: large;color: #000000\"><strong>&#8211; Inclui buj\u00e3o para drenar a agua.<\/strong><\/span><\/p>\n<p><span style=\"font-size: large;color: #000000\"><strong>Ref. MB040<\/strong><\/span><\/p>\n","protected":false},"excerpt":{"rendered":"<p>Saco IMPERME\u00c1VEL E T\u00c9RMICO da Mustad<\/p>\n","protected":false},"featured_media":5347,"comment_status":"open","ping_status":"closed","template":"","meta":[],"product_brand":[],"product_cat":[171,55,517],"product_tag":[],"class_list":{"0":"post-2084","1":"product","2":"type-product","3":"status-publish","4":"has-post-thumbnail","6":"product_cat-070000-mochilas-e-bolsas-de-pesca","7":"product_cat-110000-geleiras-arcas-termicas-e-sacos-para-peixe","8":"product_cat-ideal-pesca","10":"first","11":"instock","12":"taxable","13":"shipping-taxable","14":"purchasable","15":"product-type-variable"},"_links":{"self":[{"href":"https:\/\/idealpesca.com\/loja\/wp-json\/wp\/v2\/product\/2084","targetHints":{"allow":["GET"]}}],"collection":[{"href":"https:\/\/idealpesca.com\/loja\/wp-json\/wp\/v2\/product"}],"about":[{"href":"https:\/\/idealpesca.com\/loja\/wp-json\/wp\/v2\/types\/product"}],"replies":[{"embeddable":true,"href":"https:\/\/idealpesca.com\/loja\/wp-json\/wp\/v2\/comments?post=2084"}],"wp:featuredmedia":[{"embeddable":true,"href":"https:\/\/idealpesca.com\/loja\/wp-json\/wp\/v2\/media\/5347"}],"wp:attachment":[{"href":"https:\/\/idealpesca.com\/loja\/wp-json\/wp\/v2\/media?parent=2084"}],"wp:term":[{"taxonomy":"product_brand","embeddable":true,"href":"https:\/\/idealpesca.com\/loja\/wp-json\/wp\/v2\/product_brand?post=2084"},{"taxonomy":"product_cat","embeddable":true,"href":"https:\/\/idealpesca.com\/loja\/wp-json\/wp\/v2\/product_cat?post=2084"},{"taxonomy":"product_tag","embeddable":true,"href":"https:\/\/idealpesca.com\/loja\/wp-json\/wp\/v2\/product_tag?post=2084"}],"curies":[{"name":"wp","href":"https:\/\/api.w.org\/{rel}","templated":true}]}}