{"id":2083,"date":"2026-03-20T12:21:43","date_gmt":"2026-03-20T12:21:43","guid":{"rendered":"https:\/\/idealpesca.com\/loja\/produto\/mochila-mustad-daybreak-dry-roll-up-40-lts\/"},"modified":"2026-04-17T18:12:56","modified_gmt":"2026-04-17T17:12:56","slug":"mochila-mustad-daybreak-dry-roll-up-40-lts","status":"publish","type":"product","link":"https:\/\/idealpesca.com\/loja\/produto\/mochila-mustad-daybreak-dry-roll-up-40-lts\/","title":{"rendered":"Mochila MUSTAD DAYBREAK DRY ROLL-UP 40 LTS."},"content":{"rendered":"<p><span style=\"font-size: large;color: #000000\"><strong>&#8211; Uma mochila ideal para levar todo o material de uma jornada de pesca.<\/strong><\/span><\/p>\n<p><span style=\"font-size: large;color: #000000\"><strong>&#8211; Medidas: 60x50x20cm;<\/strong><\/span><\/p>\n<p><span style=\"font-size: large;color: #000000\"><strong>&#8211; C\u00f4r : cinza ;<\/strong><\/span><\/p>\n<p><span style=\"font-size: large;color: #000000\"><strong>&#8211; Material: constru\u00e7\u00e3o \u00e0 prova de agua;<\/strong><\/span><\/p>\n<p><span style=\"font-size: large;color: #000000\"><strong>&#8211; Inclui 1 bolsa interior e bolsa exterior.<\/strong><\/span><\/p>\n<p><span style=\"font-size: large;color: #000000\"><strong>Ref. MDBDP40L<\/strong><\/span><\/p>\n","protected":false},"excerpt":{"rendered":"<p>A mochila IMPERME\u00c1VEL da Mustad com capacidade de 40 litros<\/p>\n","protected":false},"featured_media":5346,"comment_status":"open","ping_status":"closed","template":"","meta":[],"product_brand":[],"product_cat":[171],"product_tag":[],"class_list":{"0":"post-2083","1":"product","2":"type-product","3":"status-publish","4":"has-post-thumbnail","6":"product_cat-070000-mochilas-e-bolsas-de-pesca","8":"first","9":"outofstock","10":"taxable","11":"shipping-taxable","12":"product-type-variable"},"_links":{"self":[{"href":"https:\/\/idealpesca.com\/loja\/wp-json\/wp\/v2\/product\/2083","targetHints":{"allow":["GET"]}}],"collection":[{"href":"https:\/\/idealpesca.com\/loja\/wp-json\/wp\/v2\/product"}],"about":[{"href":"https:\/\/idealpesca.com\/loja\/wp-json\/wp\/v2\/types\/product"}],"replies":[{"embeddable":true,"href":"https:\/\/idealpesca.com\/loja\/wp-json\/wp\/v2\/comments?post=2083"}],"wp:featuredmedia":[{"embeddable":true,"href":"https:\/\/idealpesca.com\/loja\/wp-json\/wp\/v2\/media\/5346"}],"wp:attachment":[{"href":"https:\/\/idealpesca.com\/loja\/wp-json\/wp\/v2\/media?parent=2083"}],"wp:term":[{"taxonomy":"product_brand","embeddable":true,"href":"https:\/\/idealpesca.com\/loja\/wp-json\/wp\/v2\/product_brand?post=2083"},{"taxonomy":"product_cat","embeddable":true,"href":"https:\/\/idealpesca.com\/loja\/wp-json\/wp\/v2\/product_cat?post=2083"},{"taxonomy":"product_tag","embeddable":true,"href":"https:\/\/idealpesca.com\/loja\/wp-json\/wp\/v2\/product_tag?post=2083"}],"curies":[{"name":"wp","href":"https:\/\/api.w.org\/{rel}","templated":true}]}}