{"id":20797,"date":"2020-04-24T15:41:29","date_gmt":"2020-04-24T14:41:29","guid":{"rendered":"https:\/\/idealpesca.com\/loja\/produto\/carreto-okuma-azores-5500\/"},"modified":"2026-05-14T17:17:13","modified_gmt":"2026-05-14T16:17:13","slug":"carreto-okuma-azores-5500","status":"publish","type":"product","link":"https:\/\/idealpesca.com\/loja\/produto\/carreto-okuma-azores-5500\/","title":{"rendered":"Carreto OKUMA AZORES 5500"},"content":{"rendered":"<h2 class=\"caracteristicas xs-accordion__toggle\">CARACTER\u00cdSTICAS OKUMA AZORES 5500<\/h2>\n<div class=\"xs-accordion__content\">\n<p>\u00a0<\/p>\n<p>Rolamentos de a\u00e7o inoxid\u00e1vel resistentes \u00e0 corros\u00e3o 6HPB + 1RB<\/p>\n<p>CRC: processo de revestimento resistente \u00e0 corros\u00e3o<\/p>\n<p>HDGII: Engrenagem resistente a corros\u00e3o e alta densidade<\/p>\n<p>ALC: corpo de alum\u00ednio fundido r\u00edgido, placa lateral e rotor<\/p>\n<p>MSS: Sistema de Estabiliza\u00e7\u00e3o Mec\u00e2nica de Carbono<\/p>\n<p>RATIO 5.8:1\u00a0 \u00a0104,6cms volta<\/p>\n<p>PESO 524 GRS<\/p>\n<p>LINHA 0.35mm\/250mt<\/p>\n<p>\u00a0<\/p>\n<p>\u00a0<\/p>\n<\/div>\n","protected":false},"excerpt":{"rendered":"<p>Carreto muito potente<\/p>\n","protected":false},"featured_media":27352,"comment_status":"open","ping_status":"closed","template":"","meta":[],"product_brand":[],"product_cat":[44,73],"product_tag":[],"class_list":{"0":"post-20797","1":"product","2":"type-product","3":"status-publish","4":"has-post-thumbnail","6":"product_cat-020300-barco-buldo-falesia","7":"product_cat-020304-okuma","9":"first","10":"instock","11":"taxable","12":"shipping-taxable","13":"purchasable","14":"product-type-variable"},"_links":{"self":[{"href":"https:\/\/idealpesca.com\/loja\/wp-json\/wp\/v2\/product\/20797","targetHints":{"allow":["GET"]}}],"collection":[{"href":"https:\/\/idealpesca.com\/loja\/wp-json\/wp\/v2\/product"}],"about":[{"href":"https:\/\/idealpesca.com\/loja\/wp-json\/wp\/v2\/types\/product"}],"replies":[{"embeddable":true,"href":"https:\/\/idealpesca.com\/loja\/wp-json\/wp\/v2\/comments?post=20797"}],"wp:featuredmedia":[{"embeddable":true,"href":"https:\/\/idealpesca.com\/loja\/wp-json\/wp\/v2\/media\/27352"}],"wp:attachment":[{"href":"https:\/\/idealpesca.com\/loja\/wp-json\/wp\/v2\/media?parent=20797"}],"wp:term":[{"taxonomy":"product_brand","embeddable":true,"href":"https:\/\/idealpesca.com\/loja\/wp-json\/wp\/v2\/product_brand?post=20797"},{"taxonomy":"product_cat","embeddable":true,"href":"https:\/\/idealpesca.com\/loja\/wp-json\/wp\/v2\/product_cat?post=20797"},{"taxonomy":"product_tag","embeddable":true,"href":"https:\/\/idealpesca.com\/loja\/wp-json\/wp\/v2\/product_tag?post=20797"}],"curies":[{"name":"wp","href":"https:\/\/api.w.org\/{rel}","templated":true}]}}