{"id":20786,"date":"2020-04-24T11:37:11","date_gmt":"2020-04-24T10:37:11","guid":{"rendered":"https:\/\/idealpesca.com\/loja\/produto\/cana-daiwa-legalis-oceano\/"},"modified":"2026-05-15T19:43:45","modified_gmt":"2026-05-15T18:43:45","slug":"cana-daiwa-legalis-oceano","status":"publish","type":"product","link":"https:\/\/idealpesca.com\/loja\/produto\/cana-daiwa-legalis-oceano\/","title":{"rendered":"CANA DAIWA LEGALIS OCEANO"},"content":{"rendered":"<ul class=\"product-specifications\">\n<li>Blank carbono Haut Module<\/li>\n<li>Encaixe &#8220;Off Set&#8221; (a ponteira encaixa na base) e monoelemento<\/li>\n<li>Passadores Fuji Lowrider sobre o modelo baitcasting e o modelo spinning 632MHS, Fuji \u00d3xido de alum\u00ednio tripata refor\u00e7ados para os outros<\/li>\n<li>Porta-carreto Fuji DPS<\/li>\n<li>Pega EVA envelvida de shrink<\/li>\n<li>A\u00e7\u00e3o jig (semi-parab\u00f3lica) com grande reserva de pot\u00eancia para os modelos HS e KHS, parab\u00f3lica poderosa para o modelo MHS<\/li>\n<li>Batente tipo BRC na basE<\/li>\n<\/ul>\n<p><span style=\"font-size: large;color: #000000\"><strong>\u00a0<\/strong><\/span><\/p>\n<p>\u00a0<\/p>\n<table class=\"table bordered js-pswp-gallery\">\n<thead>\n<tr>\n<th>Refer\u00eancia<\/th>\n<th>Nome<\/th>\n<th>Comprimento<\/th>\n<th>Elementos<\/th>\n<th>Desmontada<\/th>\n<th>Peso<\/th>\n<th>Passadores<\/th>\n<th>Pot\u00eancia<\/th>\n<\/tr>\n<\/thead>\n<tbody>\n<tr>\n<td><a class=\"picture js-pswp-item\" href=\"https:\/\/www.daiwa.pt\/uploads\/products\/rods\/2019\/10\/legojg632mhsaf_1200x2400.jpg\" data-size=\"1200x2400\" data-med=\"\/uploads\/products\/rods\/2019\/10\/legojg632mhsaf_1200x2400.jpg\" data-med-size=\"1200x2400\"> <span class=\"inner\"> <img decoding=\"async\" src=\"image\/gif;base64,R0lGODlhAQACAIAAAMLCwgAAACH5BAAAAAAALAAAAAABAAIAAAICBAoAOw==\" alt=\"\" width=\"1\" height=\"2\" \/><\/span><\/a><\/p>\n<figure>LEGOJG632MHSAF<\/figure>\n<\/td>\n<td>Light Jigging<\/td>\n<td>1,90m<\/td>\n<td>1+1<\/td>\n<td>140cm<\/td>\n<td>205g<\/td>\n<td>9<\/td>\n<td>60-120g &#8211; PE 1,5-2<\/td>\n<\/tr>\n<tr>\n<td>LEGOJG652HSAF<\/td>\n<td>Slow Jig<\/td>\n<td>1,96m<\/td>\n<td>1+1<\/td>\n<td>142cm<\/td>\n<td>213g<\/td>\n<td>9<\/td>\n<td>Max 180g &#8211; PE 1,5-2,5<\/td>\n<\/tr>\n<\/tbody>\n<\/table>\n<p>\u00a0<\/p>\n","protected":false},"excerpt":{"rendered":"<p>Estas canas s\u00e3o concebidas para as pescas verticais de barco, combinando o conforto da a\u00e7\u00e3o jig e a pot\u00eancia. Os modelos spinning permitem pescar fundo peixes como os dent\u00f5es e os pargos com jig. <\/p>\n","protected":false},"featured_media":27345,"comment_status":"open","ping_status":"closed","template":"","meta":[],"product_brand":[],"product_cat":[561,552],"product_tag":[],"class_list":{"0":"post-20786","1":"product","2":"type-product","3":"status-publish","4":"has-post-thumbnail","6":"product_cat-010600-jigging-e-trolling","7":"product_cat-010603-daiwa","9":"first","10":"instock","11":"taxable","12":"shipping-taxable","13":"purchasable","14":"product-type-variable"},"_links":{"self":[{"href":"https:\/\/idealpesca.com\/loja\/wp-json\/wp\/v2\/product\/20786","targetHints":{"allow":["GET"]}}],"collection":[{"href":"https:\/\/idealpesca.com\/loja\/wp-json\/wp\/v2\/product"}],"about":[{"href":"https:\/\/idealpesca.com\/loja\/wp-json\/wp\/v2\/types\/product"}],"replies":[{"embeddable":true,"href":"https:\/\/idealpesca.com\/loja\/wp-json\/wp\/v2\/comments?post=20786"}],"wp:featuredmedia":[{"embeddable":true,"href":"https:\/\/idealpesca.com\/loja\/wp-json\/wp\/v2\/media\/27345"}],"wp:attachment":[{"href":"https:\/\/idealpesca.com\/loja\/wp-json\/wp\/v2\/media?parent=20786"}],"wp:term":[{"taxonomy":"product_brand","embeddable":true,"href":"https:\/\/idealpesca.com\/loja\/wp-json\/wp\/v2\/product_brand?post=20786"},{"taxonomy":"product_cat","embeddable":true,"href":"https:\/\/idealpesca.com\/loja\/wp-json\/wp\/v2\/product_cat?post=20786"},{"taxonomy":"product_tag","embeddable":true,"href":"https:\/\/idealpesca.com\/loja\/wp-json\/wp\/v2\/product_tag?post=20786"}],"curies":[{"name":"wp","href":"https:\/\/api.w.org\/{rel}","templated":true}]}}