{"id":20767,"date":"2020-04-23T12:01:15","date_gmt":"2020-04-23T11:01:15","guid":{"rendered":"https:\/\/idealpesca.com\/loja\/produto\/hart-bloody-reaction-2-2-25-mt\/"},"modified":"2026-05-14T17:17:13","modified_gmt":"2026-05-14T16:17:13","slug":"hart-bloody-reaction-2-2-25-mt","status":"publish","type":"product","link":"https:\/\/idealpesca.com\/loja\/produto\/hart-bloody-reaction-2-2-25-mt\/","title":{"rendered":"HART BLOODY REACTION 2 2.25 MT."},"content":{"rendered":"<p><span style=\"color: #000000\"><strong><span style=\"font-size: large\">TAMANHO: 2.25 MT.<\/span><\/strong><\/span><\/p>\n<p><span style=\"color: #000000\"><strong><span style=\"font-size: large\">AC\u00c7\u00c3O: 20-80 GRAMAS<\/span><\/strong><\/span><\/p>\n<p><span style=\"color: #000000\"><strong><span style=\"font-size: large\">VERTICAL M\u00c1X.: 150 GRAMAS<\/span><\/strong><\/span><\/p>\n<p><span style=\"color: #000000\"><strong><span style=\"font-size: large\">PASSADORES: FUJI TANGLE FREE<\/span><\/strong><\/span><\/p>\n<p><span style=\"color: #000000\"><strong><span style=\"font-size: large\">PORTA-CARRETOS: FUJI ERGON\u00d3MICO<\/span><\/strong><\/span><\/p>\n<p><span style=\"color: #000000\"><strong><span style=\"font-size: large\">PESO: 150 GRAMAS<\/span><\/strong><\/span><\/p>\n<p>\u00a0<\/p>\n<p><span style=\"color: #000000\"><strong><span style=\"font-size: large\">OBSERVA\u00c7\u00d5ES: A HART Redesenhou uma das melhores canas de light jigging e jigging do mercado. Com uma leveza impressionante, um tamanho pouco vulgar nestas canas e uns acabamentos de luxo, estas canas v\u00e3o certamente fazer as del\u00edcias dos pescadores de robalo, corvinas e outros grandes peixes.<\/span><\/strong><\/span><\/p>\n","protected":false},"excerpt":{"rendered":"<p>TAMANHO: 2.25 MT. AC\u00c7\u00c3O: 20-80 GRAMAS VERTICAL M\u00c1X.: 150 GRAMAS PASSADORES: FUJI TANGLE FREE PORTA-CARRETOS: FUJI ERGON\u00d3MICO PESO: 150 GRAMAS \u00a0 OBSERVA\u00c7\u00d5ES: A HART Redesenhou uma das melhores canas de light jigging e jigging do mercado. Com uma leveza impressionante, um tamanho pouco vulgar nestas canas e uns acabamentos de luxo, estas canas v\u00e3o certamente [&hellip;]<\/p>\n","protected":false},"featured_media":27322,"comment_status":"open","ping_status":"closed","template":"","meta":[],"product_brand":[],"product_cat":[561,568],"product_tag":[],"class_list":{"0":"post-20767","1":"product","2":"type-product","3":"status-publish","4":"has-post-thumbnail","6":"product_cat-010600-jigging-e-trolling","7":"product_cat-010604-hart","9":"first","10":"instock","11":"taxable","12":"shipping-taxable","13":"purchasable","14":"product-type-variable"},"_links":{"self":[{"href":"https:\/\/idealpesca.com\/loja\/wp-json\/wp\/v2\/product\/20767","targetHints":{"allow":["GET"]}}],"collection":[{"href":"https:\/\/idealpesca.com\/loja\/wp-json\/wp\/v2\/product"}],"about":[{"href":"https:\/\/idealpesca.com\/loja\/wp-json\/wp\/v2\/types\/product"}],"replies":[{"embeddable":true,"href":"https:\/\/idealpesca.com\/loja\/wp-json\/wp\/v2\/comments?post=20767"}],"wp:featuredmedia":[{"embeddable":true,"href":"https:\/\/idealpesca.com\/loja\/wp-json\/wp\/v2\/media\/27322"}],"wp:attachment":[{"href":"https:\/\/idealpesca.com\/loja\/wp-json\/wp\/v2\/media?parent=20767"}],"wp:term":[{"taxonomy":"product_brand","embeddable":true,"href":"https:\/\/idealpesca.com\/loja\/wp-json\/wp\/v2\/product_brand?post=20767"},{"taxonomy":"product_cat","embeddable":true,"href":"https:\/\/idealpesca.com\/loja\/wp-json\/wp\/v2\/product_cat?post=20767"},{"taxonomy":"product_tag","embeddable":true,"href":"https:\/\/idealpesca.com\/loja\/wp-json\/wp\/v2\/product_tag?post=20767"}],"curies":[{"name":"wp","href":"https:\/\/api.w.org\/{rel}","templated":true}]}}