{"id":20731,"date":"2020-04-21T23:08:33","date_gmt":"2020-04-21T22:08:33","guid":{"rendered":"https:\/\/idealpesca.com\/loja\/produto\/cana-kali-kunnan-nightfall-fx23-6mtr\/"},"modified":"2026-05-14T17:17:13","modified_gmt":"2026-05-14T16:17:13","slug":"cana-kali-kunnan-nightfall-fx23-6mtr","status":"publish","type":"product","link":"https:\/\/idealpesca.com\/loja\/produto\/cana-kali-kunnan-nightfall-fx23-6mtr\/","title":{"rendered":"CANA KALI KUNNAN NIGHTFALL FX23 6MTR"},"content":{"rendered":"<p>Cana de 6 metros, com bastante firmeza, a\u00e7\u00e3o r\u00e1pida.<\/p>\n<p>Passadores Fuji k fazlite<\/p>\n<p>Porta carretos Fuji LS7<\/p>\n<p>Carbono Radial x<\/p>\n<p>Peso 502 gramas<\/p>\n<p>Comprimento 6 metros<\/p>\n<p>a\u00e7\u00e3o 20-120grs<\/p>\n<p>di\u00e2metro 24mm<\/p>\n","protected":false},"excerpt":{"rendered":"<p>Cana muito firme e de ferragem r\u00e1pida<\/p>\n","protected":false},"featured_media":27309,"comment_status":"open","ping_status":"closed","template":"","meta":[],"product_brand":[],"product_cat":[556,115],"product_tag":[],"class_list":{"0":"post-20731","1":"product","2":"type-product","3":"status-publish","4":"has-post-thumbnail","6":"product_cat-010400-boia-e-chumbadinha","7":"product_cat-010406-kali-kunnan","9":"first","10":"instock","11":"taxable","12":"shipping-taxable","13":"purchasable","14":"product-type-variable"},"_links":{"self":[{"href":"https:\/\/idealpesca.com\/loja\/wp-json\/wp\/v2\/product\/20731","targetHints":{"allow":["GET"]}}],"collection":[{"href":"https:\/\/idealpesca.com\/loja\/wp-json\/wp\/v2\/product"}],"about":[{"href":"https:\/\/idealpesca.com\/loja\/wp-json\/wp\/v2\/types\/product"}],"replies":[{"embeddable":true,"href":"https:\/\/idealpesca.com\/loja\/wp-json\/wp\/v2\/comments?post=20731"}],"wp:featuredmedia":[{"embeddable":true,"href":"https:\/\/idealpesca.com\/loja\/wp-json\/wp\/v2\/media\/27309"}],"wp:attachment":[{"href":"https:\/\/idealpesca.com\/loja\/wp-json\/wp\/v2\/media?parent=20731"}],"wp:term":[{"taxonomy":"product_brand","embeddable":true,"href":"https:\/\/idealpesca.com\/loja\/wp-json\/wp\/v2\/product_brand?post=20731"},{"taxonomy":"product_cat","embeddable":true,"href":"https:\/\/idealpesca.com\/loja\/wp-json\/wp\/v2\/product_cat?post=20731"},{"taxonomy":"product_tag","embeddable":true,"href":"https:\/\/idealpesca.com\/loja\/wp-json\/wp\/v2\/product_tag?post=20731"}],"curies":[{"name":"wp","href":"https:\/\/api.w.org\/{rel}","templated":true}]}}