{"id":2063,"date":"2026-03-20T12:21:34","date_gmt":"2026-03-20T12:21:34","guid":{"rendered":"https:\/\/idealpesca.com\/loja\/produto\/sunline-almight-150mtr-rosa\/"},"modified":"2026-03-20T23:57:46","modified_gmt":"2026-03-20T23:57:46","slug":"sunline-almight-150mtr-rosa","status":"publish","type":"product","link":"https:\/\/idealpesca.com\/loja\/produto\/sunline-almight-150mtr-rosa\/","title":{"rendered":"SUNLINE ALMIGHT 150MTR ROSA"},"content":{"rendered":"<p><strong><span style=\"font-size: large;color: #000000\">&#8211; M\u00e1xima resist\u00eancia a abras\u00e3o.<\/span><\/strong><\/p>\n<p><strong><span style=\"font-size: large;color: #000000\">&#8211; Absor\u00e7\u00e3o de agua perto de zero<\/span><\/strong><\/p>\n<p><strong><span style=\"font-size: large;color: #000000\">&#8211; Muito mais r\u00e1pida que as linhas monofilamento.<\/span><\/strong><\/p>\n<p><strong><span style=\"font-size: large;color: #000000\">&#8211; Cor: rosa.<\/span><\/strong><\/p>\n<p><strong><span style=\"font-size: large;color: #000000\">&#8211; Fabricado com Dyneema.<\/span><\/strong><\/p>\n<p><strong><span style=\"font-size: large;color: #000000\">\u00a0<\/span><\/strong><\/p>\n<p><strong><span style=\"font-size: large;color: #000000\"> Observa\u00e7\u00f5es: Produzido 100% em Dyneema de cinco fibras caracterizadas por cargas de ruptura excepcionais, entran\u00e7adas de forma a conseguir um fio perfeitamente cil\u00edndrico para uma bobinagem irrepreens\u00edvel. Muito macio e com um revestimento de protec\u00e7\u00e3o contra a salinidade que tamb\u00e9m potencia o lan\u00e7amento, n\u00e3o representa qualquer perigo para os passadores ou rod\u00edzios. De m\u00e1xima import\u00e2ncia, \u00e9 a impermeabilidade que, ao n\u00e3o permitir a absor\u00e7\u00e3o de \u00e1gua, mant\u00e9m o fio leve, permitindo lan\u00e7amentos a distancias elevadas. Outra caracter\u00edstica deste fio \u00e9 a total aus\u00eancia de elasticidade, o que potencia a detec\u00e7\u00e3o de toques a grandes dist\u00e2ncias ou profundidades.<\/span><\/strong><\/p>\n","protected":false},"excerpt":{"rendered":"<p>Bobines de 150 metros de multifilamento de grande qualidade<br \/>\nLinha muito procurada para a t\u00e9cnica de LRF<\/p>\n","protected":false},"featured_media":5333,"comment_status":"open","ping_status":"closed","template":"","meta":[],"product_brand":[],"product_cat":[300,535],"product_tag":[],"class_list":{"0":"post-2063","1":"product","2":"type-product","3":"status-publish","4":"has-post-thumbnail","6":"product_cat-061000-multifilamento-100-a-150-mt","7":"product_cat-061009-sunline","9":"first","10":"instock","11":"taxable","12":"shipping-taxable","13":"purchasable","14":"product-type-variable"},"_links":{"self":[{"href":"https:\/\/idealpesca.com\/loja\/wp-json\/wp\/v2\/product\/2063","targetHints":{"allow":["GET"]}}],"collection":[{"href":"https:\/\/idealpesca.com\/loja\/wp-json\/wp\/v2\/product"}],"about":[{"href":"https:\/\/idealpesca.com\/loja\/wp-json\/wp\/v2\/types\/product"}],"replies":[{"embeddable":true,"href":"https:\/\/idealpesca.com\/loja\/wp-json\/wp\/v2\/comments?post=2063"}],"wp:featuredmedia":[{"embeddable":true,"href":"https:\/\/idealpesca.com\/loja\/wp-json\/wp\/v2\/media\/5333"}],"wp:attachment":[{"href":"https:\/\/idealpesca.com\/loja\/wp-json\/wp\/v2\/media?parent=2063"}],"wp:term":[{"taxonomy":"product_brand","embeddable":true,"href":"https:\/\/idealpesca.com\/loja\/wp-json\/wp\/v2\/product_brand?post=2063"},{"taxonomy":"product_cat","embeddable":true,"href":"https:\/\/idealpesca.com\/loja\/wp-json\/wp\/v2\/product_cat?post=2063"},{"taxonomy":"product_tag","embeddable":true,"href":"https:\/\/idealpesca.com\/loja\/wp-json\/wp\/v2\/product_tag?post=2063"}],"curies":[{"name":"wp","href":"https:\/\/api.w.org\/{rel}","templated":true}]}}