{"id":206,"date":"2026-03-20T12:13:03","date_gmt":"2026-03-20T12:13:03","guid":{"rendered":"https:\/\/idealpesca.com\/loja\/produto\/anzois-daiwa-saltiga-assist-hook\/"},"modified":"2026-03-20T23:40:09","modified_gmt":"2026-03-20T23:40:09","slug":"anzois-daiwa-saltiga-assist-hook","status":"publish","type":"product","link":"https:\/\/idealpesca.com\/loja\/produto\/anzois-daiwa-saltiga-assist-hook\/","title":{"rendered":"Anzo\u00eds DAIWA SALTIGA ASSIST HOOK"},"content":{"rendered":"<div class=\"product-content\">\n<div class=\"product-content-inner\">\n<div class=\"product-desc\">\n<p>Anz\u00f3is assistidos servem para armar os jigs. Empates feitos com multifilamento entran\u00e7ado muito flex\u00edvel permitem simultaneamente uma apresenta\u00e7\u00e3o natural do anzol com um \u00e2ngulo de penetra\u00e7\u00e3o de 30\u00b0 a 40\u00b0. O \u00e2ngulo de montagem do anzol assegura, em condi\u00e7\u00f5es normais, uma qualidade de penetra\u00e7\u00e3o importante na ferragem e permite reduzir significativamente as desferragens.<\/p>\n<\/div>\n<div class=\"row\">\u00a0<\/div>\n<\/div>\n<\/div>\n<div class=\"product-content-next\">\n<div class=\"product-content-next-inner\">\n<div class=\"polymorphic-table product-table\">\n<div class=\"polymorphic-table-inner\">\n<table class=\"table bordered js-pswp-gallery\">\n<tr>\n<th>Anzol<\/th>\n<th>Tamanho multifilamento<\/th>\n<th>Quant\/saqueta<\/th>\n<th>Refer\u00eancia<\/th>\n<\/tr>\n<tr>\n<td>N\u00b0 1\/0<\/td>\n<td>3 cm<\/td>\n<td>x 2<\/td>\n<td>*SAH1-0S*<\/td>\n<\/tr>\n<tr>\n<td>N\u00b0 2\/0<\/td>\n<td>3 cm<\/td>\n<td>x 2<\/td>\n<td>*SAH2-0S*<\/td>\n<\/tr>\n<tr>\n<td>N\u00b0 2\/0<\/td>\n<td>5 cm<\/td>\n<td>x 2<\/td>\n<td>*SAH2-0M*<\/td>\n<\/tr>\n<tr>\n<td>N\u00b0 3\/0<\/td>\n<td>5 cm<\/td>\n<td>x 2<\/td>\n<td>*SAH3-0M*<\/td>\n<\/tr>\n<tr>\n<td>N\u00b0 5\/0<\/td>\n<td>5 cm<\/td>\n<td>x 2<\/td>\n<td>*SAH5-0M*<\/td>\n<\/tr>\n<tr>\n<td>N\u00b0 5\/0<\/td>\n<td>7 cm<\/td>\n<td>x 2<\/td>\n<td>*SAH5-0L*<\/td>\n<\/tr>\n<tr>\n<td>N\u00b0 7\/0<\/td>\n<td>7 cm<\/td>\n<td>x 2<\/td>\n<td>*SAH7-0L*<\/td>\n<\/tr>\n<\/table>\n<\/div>\n<\/div>\n<\/div>\n<\/div>\n","protected":false},"excerpt":{"rendered":"<p>Anz\u00f3is assistidos servem para armar os jigs. Empates feitos com multifilamento entran\u00e7ado muito flex\u00edvel permitem simultaneamente uma apresenta\u00e7\u00e3o natural do anzol com um \u00e2ngulo de penetra\u00e7\u00e3o de 30\u00b0 a 40\u00b0. O \u00e2ngulo de montagem do anzol assegura, em condi\u00e7\u00f5es normais, uma qualidade de penetra\u00e7\u00e3o importante na ferragem e permite reduzir significativamente as desferragens. \u00a0 Anzol [&hellip;]<\/p>\n","protected":false},"featured_media":2864,"comment_status":"open","ping_status":"closed","template":"","meta":[],"product_brand":[],"product_cat":[255,517],"product_tag":[],"class_list":{"0":"post-206","1":"product","2":"type-product","3":"status-publish","4":"has-post-thumbnail","6":"product_cat-040500-anzois-montados-assist-hooks-jigging","7":"product_cat-ideal-pesca","9":"first","10":"instock","11":"taxable","12":"shipping-taxable","13":"purchasable","14":"product-type-variable"},"_links":{"self":[{"href":"https:\/\/idealpesca.com\/loja\/wp-json\/wp\/v2\/product\/206","targetHints":{"allow":["GET"]}}],"collection":[{"href":"https:\/\/idealpesca.com\/loja\/wp-json\/wp\/v2\/product"}],"about":[{"href":"https:\/\/idealpesca.com\/loja\/wp-json\/wp\/v2\/types\/product"}],"replies":[{"embeddable":true,"href":"https:\/\/idealpesca.com\/loja\/wp-json\/wp\/v2\/comments?post=206"}],"wp:featuredmedia":[{"embeddable":true,"href":"https:\/\/idealpesca.com\/loja\/wp-json\/wp\/v2\/media\/2864"}],"wp:attachment":[{"href":"https:\/\/idealpesca.com\/loja\/wp-json\/wp\/v2\/media?parent=206"}],"wp:term":[{"taxonomy":"product_brand","embeddable":true,"href":"https:\/\/idealpesca.com\/loja\/wp-json\/wp\/v2\/product_brand?post=206"},{"taxonomy":"product_cat","embeddable":true,"href":"https:\/\/idealpesca.com\/loja\/wp-json\/wp\/v2\/product_cat?post=206"},{"taxonomy":"product_tag","embeddable":true,"href":"https:\/\/idealpesca.com\/loja\/wp-json\/wp\/v2\/product_tag?post=206"}],"curies":[{"name":"wp","href":"https:\/\/api.w.org\/{rel}","templated":true}]}}