{"id":2058,"date":"2026-03-20T12:21:33","date_gmt":"2026-03-20T12:21:33","guid":{"rendered":"https:\/\/idealpesca.com\/loja\/produto\/casaco-savage-wp-performance\/"},"modified":"2026-03-20T23:51:33","modified_gmt":"2026-03-20T23:51:33","slug":"casaco-savage-wp-performance","status":"publish","type":"product","link":"https:\/\/idealpesca.com\/loja\/produto\/casaco-savage-wp-performance\/","title":{"rendered":"CASACO SAVAGE WP PERFORMANCE"},"content":{"rendered":"<p>&#8211; V\u00e1rios tamanhos dispon\u00edveis;<\/p>\n<p>\u00a0<\/p>\n<p>O casaco de altas presta\u00e7\u00f5es \u00e9 \u00e0 prova de \u00e1gua e desenhado para a pesca. Feito num processo avan\u00e7ado de impermebealiza\u00e7\u00e3o com hidoest\u00e1tico de 20k, \u00e9 a perfeita combina\u00e7\u00e3o com o Shim Bibbrace (cal\u00e7a)para suportar situa\u00e7\u00f5es severas de chuva.<\/p>\n<p><span class=\"accordion-header__text text-subh2\">Features<\/span><\/p>\n<div class=\"accordion-content\">\n<div class=\"mb-md rte\">\n<ul>\n<li>Nylon Taslon fabric with PU coating<\/li>\n<li>100 per cent waterproof of 10,000mm<\/li>\n<li>Breathability 5,000mvp<\/li>\n<li>Detachable hood<\/li>\n<li>Reflex printing<\/li>\n<li>Soft mesh lining<\/li>\n<li>Chest pockets with WP zippers and reflexes<\/li>\n<li>Lined front pockets with WP zippers<\/li>\n<\/ul>\n<\/div>\n<\/div>\n","protected":false},"excerpt":{"rendered":"<p>Casaco com fecho para pesca  em polyester.<br \/>\nTotalmente \u00e1 prova de \u00c1gua e respir\u00e1vel<br \/>\nProduto de qualidade garantida Savage gear<\/p>\n","protected":false},"featured_media":5325,"comment_status":"open","ping_status":"closed","template":"","meta":[],"product_brand":[],"product_cat":[364,43,517],"product_tag":[],"class_list":{"0":"post-2058","1":"product","2":"type-product","3":"status-publish","4":"has-post-thumbnail","6":"product_cat-100102-casacos-e-fatos-de-pesca","7":"product_cat-310000-novidades-gerais","8":"product_cat-ideal-pesca","10":"first","11":"instock","12":"taxable","13":"shipping-taxable","14":"purchasable","15":"product-type-variable"},"_links":{"self":[{"href":"https:\/\/idealpesca.com\/loja\/wp-json\/wp\/v2\/product\/2058","targetHints":{"allow":["GET"]}}],"collection":[{"href":"https:\/\/idealpesca.com\/loja\/wp-json\/wp\/v2\/product"}],"about":[{"href":"https:\/\/idealpesca.com\/loja\/wp-json\/wp\/v2\/types\/product"}],"replies":[{"embeddable":true,"href":"https:\/\/idealpesca.com\/loja\/wp-json\/wp\/v2\/comments?post=2058"}],"wp:featuredmedia":[{"embeddable":true,"href":"https:\/\/idealpesca.com\/loja\/wp-json\/wp\/v2\/media\/5325"}],"wp:attachment":[{"href":"https:\/\/idealpesca.com\/loja\/wp-json\/wp\/v2\/media?parent=2058"}],"wp:term":[{"taxonomy":"product_brand","embeddable":true,"href":"https:\/\/idealpesca.com\/loja\/wp-json\/wp\/v2\/product_brand?post=2058"},{"taxonomy":"product_cat","embeddable":true,"href":"https:\/\/idealpesca.com\/loja\/wp-json\/wp\/v2\/product_cat?post=2058"},{"taxonomy":"product_tag","embeddable":true,"href":"https:\/\/idealpesca.com\/loja\/wp-json\/wp\/v2\/product_tag?post=2058"}],"curies":[{"name":"wp","href":"https:\/\/api.w.org\/{rel}","templated":true}]}}