{"id":20546,"date":"2020-04-15T10:20:54","date_gmt":"2020-04-15T09:20:54","guid":{"rendered":"https:\/\/idealpesca.com\/loja\/produto\/cana-tica-talisman-z1-3-00-3-60mtr\/"},"modified":"2026-05-13T21:19:40","modified_gmt":"2026-05-13T20:19:40","slug":"cana-tica-talisman-z1-3-00-3-60mtr","status":"publish","type":"product","link":"https:\/\/idealpesca.com\/loja\/produto\/cana-tica-talisman-z1-3-00-3-60mtr\/","title":{"rendered":"CANA TICA TALISMAN Z1 3.00-3.60MTR"},"content":{"rendered":"<p>\u00a0Novo modelo para 2019 da Tica, vem substituir a anterior talisman, nome que identifica o topo de gama da marca.<\/p>\n<p>Tem uma a\u00e7\u00e3o r\u00e1pida e permite ferrar bem as dificeis douradas, ou aguentar os fortes arranques do pargos.<\/p>\n<p><span style=\"font-size: large;color: #000000\"><strong>Tamanho: 3,00 mt. ELEMENTO EXTENS\u00cdVEL PERMITE AUMENTAR PARA 3,60MT<br \/><\/strong><\/span><\/p>\n<p><span style=\"font-size: large;color: #000000\"><strong>Ac\u00e7\u00e3o: 300 GRAMAS <\/strong><\/span><\/p>\n<p><span style=\"font-size: large;color: #000000\"><strong>Elementos: 3+3\u00a0 PONTEIRAS<br \/><\/strong><\/span><\/p>\n<p><span style=\"font-size: large;color: #000000\"><strong>Passadores: FUJI INOX<\/strong><\/span><\/p>\n<p><span style=\"font-size: large;color: #000000\"><strong>Porta-Carretos: FUJI\u00a0 DPS TUBULAR\u00a0<br \/><\/strong><\/span><\/p>\n<p><span style=\"font-size: large;color: #000000\"><strong>TUBO DE TRANSPORTE R\u00cdGIDO\u00a0<\/strong><\/span><\/p>\n<p>\u00a0<\/p>\n<p><span style=\"font-size: large;color: #000000\"><strong>\u00a0<\/strong><\/span><\/p>\n<p><span style=\"font-size: large;color: #000000\"><strong>\u00a0<\/strong><\/span><\/p>\n","protected":false},"excerpt":{"rendered":"<p>CANA POTENTE E DE FERRAGEM R\u00c1PIDA<br \/>\nTopo de gama da Tica<\/p>\n","protected":false},"featured_media":27237,"comment_status":"open","ping_status":"closed","template":"","meta":[],"product_brand":[],"product_cat":[518,89],"product_tag":[],"class_list":{"0":"post-20546","1":"product","2":"type-product","3":"status-publish","4":"has-post-thumbnail","6":"product_cat-010300-pesca-embarcada","7":"product_cat-010308-tica","9":"first","10":"instock","11":"taxable","12":"shipping-taxable","13":"purchasable","14":"product-type-simple"},"_links":{"self":[{"href":"https:\/\/idealpesca.com\/loja\/wp-json\/wp\/v2\/product\/20546","targetHints":{"allow":["GET"]}}],"collection":[{"href":"https:\/\/idealpesca.com\/loja\/wp-json\/wp\/v2\/product"}],"about":[{"href":"https:\/\/idealpesca.com\/loja\/wp-json\/wp\/v2\/types\/product"}],"replies":[{"embeddable":true,"href":"https:\/\/idealpesca.com\/loja\/wp-json\/wp\/v2\/comments?post=20546"}],"wp:featuredmedia":[{"embeddable":true,"href":"https:\/\/idealpesca.com\/loja\/wp-json\/wp\/v2\/media\/27237"}],"wp:attachment":[{"href":"https:\/\/idealpesca.com\/loja\/wp-json\/wp\/v2\/media?parent=20546"}],"wp:term":[{"taxonomy":"product_brand","embeddable":true,"href":"https:\/\/idealpesca.com\/loja\/wp-json\/wp\/v2\/product_brand?post=20546"},{"taxonomy":"product_cat","embeddable":true,"href":"https:\/\/idealpesca.com\/loja\/wp-json\/wp\/v2\/product_cat?post=20546"},{"taxonomy":"product_tag","embeddable":true,"href":"https:\/\/idealpesca.com\/loja\/wp-json\/wp\/v2\/product_tag?post=20546"}],"curies":[{"name":"wp","href":"https:\/\/api.w.org\/{rel}","templated":true}]}}