{"id":2050,"date":"2026-03-20T12:21:30","date_gmt":"2026-03-20T12:21:30","guid":{"rendered":"https:\/\/idealpesca.com\/loja\/produto\/cabo-camaroeiro-barros-so-easy-4-50mts\/"},"modified":"2026-03-20T23:43:57","modified_gmt":"2026-03-20T23:43:57","slug":"cabo-camaroeiro-barros-so-easy-4-50mts","status":"publish","type":"product","link":"https:\/\/idealpesca.com\/loja\/produto\/cabo-camaroeiro-barros-so-easy-4-50mts\/","title":{"rendered":"CABO Camaroeiro Barros SO EASY 4.50MTS."},"content":{"rendered":"<p>Uma s\u00e9rie de cabos para camaroeiro, cujo principal argumento \u00e9 o seu reduzido comprimento, quando fechados, o que se traduz numa enorme facilidade de transporte. Quando pescamos e caminhamos em busca do peixe, ter um camaroeiro f\u00e1cil de transportar \u00e9 muito vantajoso, pois podemos concentrar-nos naquilo que mais importa, ferrar o peixe! Depois podem surgir algumas dificuldades, nomeadamente na falta de acesso \u00e0 \u00e1gua, onde \u00e9 imprescind\u00edvel o recurso ao camaroeiro. Estes cabos para al\u00e9m de serem muito curtos, quando recolhidos, t\u00eam uma al\u00e7a para que possam ser transportados \u00e0 tiracolo e, por exemplo, no modelo SO EASY 6010, o cabo atinge seis metros de comprimento total, o que \u00e9 muito interessante para usar em pesqueiros altos, molhes e pont\u00f5es. Todos os modelos t\u00eam um topo em EVA, o qual impede que o cabo se abra f\u00e1cilmente, durante o transporte.<\/p>\n<p>CABO SO EASY 450<\/p>\n<ul>\n<li>Comprimento: 4.50m<\/li>\n<li>Comprimento fechada: 0.75m<\/li>\n<li>Sec\u00e7\u00f5es: 7<\/li>\n<li>Peso: 521g<\/li>\n<\/ul>\n<p>\u00a0<\/p>\n","protected":false},"excerpt":{"rendered":"<p>SO EASY<\/p>\n","protected":false},"featured_media":5316,"comment_status":"open","ping_status":"closed","template":"","meta":[],"product_brand":[],"product_cat":[58,517],"product_tag":[],"class_list":{"0":"post-2050","1":"product","2":"type-product","3":"status-publish","4":"has-post-thumbnail","6":"product_cat-200000-cabos-e-chalavares","7":"product_cat-ideal-pesca","9":"first","10":"instock","11":"taxable","12":"shipping-taxable","13":"purchasable","14":"product-type-variable"},"_links":{"self":[{"href":"https:\/\/idealpesca.com\/loja\/wp-json\/wp\/v2\/product\/2050","targetHints":{"allow":["GET"]}}],"collection":[{"href":"https:\/\/idealpesca.com\/loja\/wp-json\/wp\/v2\/product"}],"about":[{"href":"https:\/\/idealpesca.com\/loja\/wp-json\/wp\/v2\/types\/product"}],"replies":[{"embeddable":true,"href":"https:\/\/idealpesca.com\/loja\/wp-json\/wp\/v2\/comments?post=2050"}],"wp:featuredmedia":[{"embeddable":true,"href":"https:\/\/idealpesca.com\/loja\/wp-json\/wp\/v2\/media\/5316"}],"wp:attachment":[{"href":"https:\/\/idealpesca.com\/loja\/wp-json\/wp\/v2\/media?parent=2050"}],"wp:term":[{"taxonomy":"product_brand","embeddable":true,"href":"https:\/\/idealpesca.com\/loja\/wp-json\/wp\/v2\/product_brand?post=2050"},{"taxonomy":"product_cat","embeddable":true,"href":"https:\/\/idealpesca.com\/loja\/wp-json\/wp\/v2\/product_cat?post=2050"},{"taxonomy":"product_tag","embeddable":true,"href":"https:\/\/idealpesca.com\/loja\/wp-json\/wp\/v2\/product_tag?post=2050"}],"curies":[{"name":"wp","href":"https:\/\/api.w.org\/{rel}","templated":true}]}}