{"id":2038,"date":"2026-03-20T12:21:25","date_gmt":"2026-03-20T12:21:25","guid":{"rendered":"https:\/\/idealpesca.com\/loja\/produto\/blusao-penn-fierce\/"},"modified":"2026-04-17T18:14:05","modified_gmt":"2026-04-17T17:14:05","slug":"blusao-penn-fierce","status":"publish","type":"product","link":"https:\/\/idealpesca.com\/loja\/produto\/blusao-penn-fierce\/","title":{"rendered":"BLUSAO PENN FIERCE"},"content":{"rendered":"<p><span class=\"markedContent\" style=\"font-size: 12pt\"><span style=\"left: 526.772px;top: 597.4px;font-family: sans-serif\">&#8211; Casaco de peso m\u00e9dio com prote\u00e7\u00e3o 100% imperme\u00e1vel, ideal para dias de pesca em ambientes desagrad\u00e1veis;<\/span><\/span><\/p>\n<p><span class=\"markedContent\" style=\"font-size: 12pt\"><span style=\"left: 526.772px;top: 597.4px;font-family: sans-serif\">&#8211; Tem aba frontal com fecho e capuz ajust\u00e1vel de forma a impedir a entrada do vento e da chuva;<\/span><\/span><\/p>\n<p>&#8211; V\u00e1rios tamanhos dispon\u00edveis;<\/p>\n<h2>Features<\/h2>\n<ul>\n<li>\u00a0<\/li>\n<li>Pongee fabric, 100% polyester with PVC coating, 8,000mm<\/li>\n<li>Taffeta lining, 100% polyester<\/li>\n<li>Light 120gsm poly-fill padding<\/li>\n<li>Water repellent zip pocket at chest<\/li>\n<li>Water repellent side zipper for easy access<\/li>\n<li>Adjustable hood hem and cuff<\/li>\n<li>100% Polyester<\/li>\n<\/ul>\n","protected":false},"excerpt":{"rendered":"<p>Casaco para pesca PENN em polyester e revestido a Pvc<\/p>\n","protected":false},"featured_media":5304,"comment_status":"open","ping_status":"closed","template":"","meta":[],"product_brand":[],"product_cat":[364,43],"product_tag":[],"class_list":{"0":"post-2038","1":"product","2":"type-product","3":"status-publish","4":"has-post-thumbnail","6":"product_cat-100102-casacos-e-fatos-de-pesca","7":"product_cat-310000-novidades-gerais","9":"first","10":"outofstock","11":"taxable","12":"shipping-taxable","13":"product-type-variable"},"_links":{"self":[{"href":"https:\/\/idealpesca.com\/loja\/wp-json\/wp\/v2\/product\/2038","targetHints":{"allow":["GET"]}}],"collection":[{"href":"https:\/\/idealpesca.com\/loja\/wp-json\/wp\/v2\/product"}],"about":[{"href":"https:\/\/idealpesca.com\/loja\/wp-json\/wp\/v2\/types\/product"}],"replies":[{"embeddable":true,"href":"https:\/\/idealpesca.com\/loja\/wp-json\/wp\/v2\/comments?post=2038"}],"wp:featuredmedia":[{"embeddable":true,"href":"https:\/\/idealpesca.com\/loja\/wp-json\/wp\/v2\/media\/5304"}],"wp:attachment":[{"href":"https:\/\/idealpesca.com\/loja\/wp-json\/wp\/v2\/media?parent=2038"}],"wp:term":[{"taxonomy":"product_brand","embeddable":true,"href":"https:\/\/idealpesca.com\/loja\/wp-json\/wp\/v2\/product_brand?post=2038"},{"taxonomy":"product_cat","embeddable":true,"href":"https:\/\/idealpesca.com\/loja\/wp-json\/wp\/v2\/product_cat?post=2038"},{"taxonomy":"product_tag","embeddable":true,"href":"https:\/\/idealpesca.com\/loja\/wp-json\/wp\/v2\/product_tag?post=2038"}],"curies":[{"name":"wp","href":"https:\/\/api.w.org\/{rel}","templated":true}]}}