{"id":20378,"date":"2020-04-04T11:28:43","date_gmt":"2020-04-04T10:28:43","guid":{"rendered":"https:\/\/idealpesca.com\/loja\/produto\/saco-de-cintura-emeraldas-daiwa\/"},"modified":"2026-05-14T15:27:15","modified_gmt":"2026-05-14T14:27:15","slug":"saco-de-cintura-emeraldas-daiwa","status":"publish","type":"product","link":"https:\/\/idealpesca.com\/loja\/produto\/saco-de-cintura-emeraldas-daiwa\/","title":{"rendered":"SACO de cintura Emeraldas DAIWA"},"content":{"rendered":"<div class=\"product-content\">\n<div class=\"product-content-inner\">\n<div class=\"product-desc\">\n<p>Usado na cintura ou a tiracolo, este saco pode conter at\u00e9 10 toneiras. Preto com o logotipo choco Emeraldas na frente, este saco n\u00e3o \u00e9 apenas pr\u00e1tico, \u00e9 tamb\u00e9m muito est\u00e9tico. Um segundo bolso na frente do saco permitir\u00e1 que armazene agrafos, tesouras e outros acess\u00f3rios.<\/p>\n<\/div>\n<div class=\"row\">\u00a0<\/p>\n<table class=\"table bordered js-pswp-gallery\">\n<thead>\n<tr>\n<th>Refer\u00eancia<\/th>\n<th>Cor<\/th>\n<th>Dimens\u00f5es<\/th>\n<\/tr>\n<\/thead>\n<tbody>\n<tr>\n<td><span class=\"new\">SCBEM<\/span><\/td>\n<td>Preto \/ Turquesa<\/td>\n<td>33 x 8 x 16 cm<\/td>\n<td>\u00a0<\/td>\n<\/tr>\n<\/tbody>\n<\/table>\n<\/div>\n<\/div>\n<\/div>\n<div class=\"product-content-next\" style=\"clear: both\">\u00a0<\/div>\n","protected":false},"excerpt":{"rendered":"<p>Usado na cintura ou a tiracolo, este saco pode conter at\u00e9 10 toneiras. Preto com o logotipo choco Emeraldas na frente, este saco n\u00e3o \u00e9 apenas pr\u00e1tico, \u00e9 tamb\u00e9m muito est\u00e9tico. Um segundo bolso na frente do saco permitir\u00e1 que armazene agrafos, tesouras e outros acess\u00f3rios. \u00a0 Refer\u00eancia Cor Dimens\u00f5es SCBEM Preto \/ Turquesa 33 [&hellip;]<\/p>\n","protected":false},"featured_media":27167,"comment_status":"open","ping_status":"closed","template":"","meta":[],"product_brand":[],"product_cat":[169,43],"product_tag":[],"class_list":{"0":"post-20378","1":"product","2":"type-product","3":"status-publish","4":"has-post-thumbnail","6":"product_cat-130000-bolsas-e-caixas-para-amostras","7":"product_cat-310000-novidades-gerais","9":"first","10":"instock","11":"taxable","12":"shipping-taxable","13":"purchasable","14":"product-type-simple"},"_links":{"self":[{"href":"https:\/\/idealpesca.com\/loja\/wp-json\/wp\/v2\/product\/20378","targetHints":{"allow":["GET"]}}],"collection":[{"href":"https:\/\/idealpesca.com\/loja\/wp-json\/wp\/v2\/product"}],"about":[{"href":"https:\/\/idealpesca.com\/loja\/wp-json\/wp\/v2\/types\/product"}],"replies":[{"embeddable":true,"href":"https:\/\/idealpesca.com\/loja\/wp-json\/wp\/v2\/comments?post=20378"}],"wp:featuredmedia":[{"embeddable":true,"href":"https:\/\/idealpesca.com\/loja\/wp-json\/wp\/v2\/media\/27167"}],"wp:attachment":[{"href":"https:\/\/idealpesca.com\/loja\/wp-json\/wp\/v2\/media?parent=20378"}],"wp:term":[{"taxonomy":"product_brand","embeddable":true,"href":"https:\/\/idealpesca.com\/loja\/wp-json\/wp\/v2\/product_brand?post=20378"},{"taxonomy":"product_cat","embeddable":true,"href":"https:\/\/idealpesca.com\/loja\/wp-json\/wp\/v2\/product_cat?post=20378"},{"taxonomy":"product_tag","embeddable":true,"href":"https:\/\/idealpesca.com\/loja\/wp-json\/wp\/v2\/product_tag?post=20378"}],"curies":[{"name":"wp","href":"https:\/\/api.w.org\/{rel}","templated":true}]}}