{"id":2036,"date":"2026-03-20T12:21:24","date_gmt":"2026-03-20T12:21:24","guid":{"rendered":"https:\/\/idealpesca.com\/loja\/produto\/cana-barros-zero-chumbadinha-240\/"},"modified":"2026-03-20T23:45:55","modified_gmt":"2026-03-20T23:45:55","slug":"cana-barros-zero-chumbadinha-240","status":"publish","type":"product","link":"https:\/\/idealpesca.com\/loja\/produto\/cana-barros-zero-chumbadinha-240\/","title":{"rendered":"Cana BARROS ZERO CHUMBADINHA 240"},"content":{"rendered":"<p>Este modelo dea gama ZERO, foi especialmente concebido para pescar, como o pr\u00f3prio nome sugere, \u00e0 chumbadinha, particularmente na pesca das douradas e dos sargos leg\u00edtimos. Tal como \u00e9 h\u00e1bito nas canas ZERO, a cana \u00e9 extremamente robusta, tendo como teste de curva 12Kg. A versatilidade tamb\u00e9m \u00e9 um dos pontos fortes, pois com esta ferramenta, podemos fazer pesca vertical com amostras de vinil e pequenos jigs, pesca com isco vivo e at\u00e9 pesca de trolling ligeiro. A ZERO CHUMBADINHA \u00e9 uma cana fina, com um cabo destac\u00e1vel onde est\u00e1 montado um porta carretos Fuji VSS 16 e tem uma das ponteiras mais sens\u00edveis de toda a gama ZERO. Os passadores s\u00e3o Fuji Alconite.<\/p>\n<p>ZERO CHUMBADINHA<\/p>\n<ul>\n<li>Comprimento: 2.35m<\/li>\n<li>Comprimento fechada: 1.85m<\/li>\n<li>Sec\u00e7\u00f5es: 1+1<\/li>\n<li>Peso: 240g<\/li>\n<li>A\u00e7\u00e3o lan\u00e7amento: 15-60g \/ A\u00e7\u00e3o vertical: Max 250g<\/li>\n<li>Teste de curva: 12kg<\/li>\n<\/ul>\n","protected":false},"excerpt":{"rendered":"<p>ZERO CHUMBADINHA<br \/>\nESPECIALISTA NA PESCA \u00c1 CHUMBADINHA EMBARCADA DE DOURADAS E SARGOS <\/p>\n<p>    Comprimento: 2.00m<br \/>\n    Comprimento fechada: 2.00m<br \/>\n    Sec\u00e7\u00f5es: 1<br \/>\n    Peso: 235g<br \/>\n    20-90g<br \/>\n    Teste de curva: 13kg<\/p>\n","protected":false},"featured_media":5301,"comment_status":"open","ping_status":"closed","template":"","meta":[],"product_brand":[],"product_cat":[88,561,558],"product_tag":[],"class_list":{"0":"post-2036","1":"product","2":"type-product","3":"status-publish","4":"has-post-thumbnail","6":"product_cat-010301-barros","7":"product_cat-010600-jigging-e-trolling","8":"product_cat-010601-barros","10":"first","11":"instock","12":"taxable","13":"shipping-taxable","14":"purchasable","15":"product-type-variable"},"_links":{"self":[{"href":"https:\/\/idealpesca.com\/loja\/wp-json\/wp\/v2\/product\/2036","targetHints":{"allow":["GET"]}}],"collection":[{"href":"https:\/\/idealpesca.com\/loja\/wp-json\/wp\/v2\/product"}],"about":[{"href":"https:\/\/idealpesca.com\/loja\/wp-json\/wp\/v2\/types\/product"}],"replies":[{"embeddable":true,"href":"https:\/\/idealpesca.com\/loja\/wp-json\/wp\/v2\/comments?post=2036"}],"wp:featuredmedia":[{"embeddable":true,"href":"https:\/\/idealpesca.com\/loja\/wp-json\/wp\/v2\/media\/5301"}],"wp:attachment":[{"href":"https:\/\/idealpesca.com\/loja\/wp-json\/wp\/v2\/media?parent=2036"}],"wp:term":[{"taxonomy":"product_brand","embeddable":true,"href":"https:\/\/idealpesca.com\/loja\/wp-json\/wp\/v2\/product_brand?post=2036"},{"taxonomy":"product_cat","embeddable":true,"href":"https:\/\/idealpesca.com\/loja\/wp-json\/wp\/v2\/product_cat?post=2036"},{"taxonomy":"product_tag","embeddable":true,"href":"https:\/\/idealpesca.com\/loja\/wp-json\/wp\/v2\/product_tag?post=2036"}],"curies":[{"name":"wp","href":"https:\/\/api.w.org\/{rel}","templated":true}]}}