{"id":20292,"date":"2020-03-30T11:18:01","date_gmt":"2020-03-30T10:18:01","guid":{"rendered":"https:\/\/idealpesca.com\/loja\/produto\/inchikus-pirates-jig-daiwa\/"},"modified":"2026-05-14T17:17:12","modified_gmt":"2026-05-14T16:17:12","slug":"inchikus-pirates-jig-daiwa","status":"publish","type":"product","link":"https:\/\/idealpesca.com\/loja\/produto\/inchikus-pirates-jig-daiwa\/","title":{"rendered":"INCHIKUS PIRATES JIG DAIWA"},"content":{"rendered":"<div class=\"product-content\">\n<div class=\"product-content-inner\">\n<div class=\"product-desc\">\n<p>Jig articulado do tipo \u00ab inchiku \u00bb perfeito para a prospe\u00e7\u00e3o em toda a coluna de \u00e1gua. O seu perfil particular limite as pris\u00f5es no fundo e a sua a\u00e7\u00e3o natat\u00f3ria pode ser modificada em fun\u00e7\u00e3o do ponto de fixa\u00e7\u00e3o selecionado: fixado \u00e0 frente assume uma nata\u00e7\u00e3o fluida, enquanto que fixado sobre a parte dorsal resulta numa nata\u00e7\u00e3o com maior vibra\u00e7\u00e3o da amostra. Com esta gama de pesos elevados, os PIRATE s\u00e3o perfeitos para pescar lixas e l\u00edrios em profundidade sobre os cabe\u00e7os rochosos. Este tipo de amostra \u00e9 de experimentar nos bacalhaus (cores 19 e 29 ) ou nas corvinas (cores 16 e 17), por associar a efic\u00e1cia do polvo flex\u00edvel \u00e0 nata\u00e7\u00e3o imitativa do inchiku.<\/p>\n<\/div>\n<div class=\"row\">\u00a0<\/div>\n<\/div>\n<\/div>\n<div class=\"product-content-next\" style=\"clear: both\">\n<div class=\"product-content-next-inner\">\n<div class=\"polymorphic-table product-table\">\n<div class=\"polymorphic-table-inner\">\n<table class=\"table bordered js-pswp-gallery\">\n<thead>\n<tr>\n<th>Peso<\/th>\n<th>16 Maiwashi<\/th>\n<th>17 Pink Maiwashi<\/th>\n<th>29 Glow Orange<\/th>\n<\/tr>\n<\/thead>\n<tbody>\n<tr>\n<td>150 g<\/td>\n<td><strong>PR150G16<\/strong><\/td>\n<td><strong>PR150G17<\/strong><\/td>\n<td><strong>PR150G29<\/strong><\/td>\n<\/tr>\n<tr>\n<td>170 g<\/td>\n<td><strong>PR170G16<\/strong><\/td>\n<td><strong>PR170G17<\/strong><\/td>\n<td><strong>PR170G29<\/strong><\/td>\n<\/tr>\n<tr>\n<td>200 g<\/td>\n<td><strong>PR200G16<\/strong><\/td>\n<td><strong>PR200G17<\/strong><\/td>\n<td><strong>PR200G29<\/strong><\/td>\n<\/tr>\n<\/tbody>\n<\/table>\n<\/div>\n<\/div>\n<\/div>\n<\/div>\n<p><strong>\u00a0<\/strong><\/p>\n","protected":false},"excerpt":{"rendered":"<p>Jig articulado do tipo \u00ab inchiku \u00bb perfeito para a prospe\u00e7\u00e3o em toda a coluna de \u00e1gua. O seu perfil particular limite as pris\u00f5es no fundo e a sua a\u00e7\u00e3o natat\u00f3ria pode ser modificada em fun\u00e7\u00e3o do ponto de fixa\u00e7\u00e3o selecionado: fixado \u00e0 frente assume uma nata\u00e7\u00e3o fluida, enquanto que fixado sobre a parte dorsal [&hellip;]<\/p>\n","protected":false},"featured_media":27128,"comment_status":"open","ping_status":"closed","template":"","meta":[],"product_brand":[],"product_cat":[54,258],"product_tag":[],"class_list":{"0":"post-20292","1":"product","2":"type-product","3":"status-publish","4":"has-post-thumbnail","6":"product_cat-030600-zagaiascasting-jigs-inchikus-e-light-rock-fishing","7":"product_cat-030604-daiwa","9":"first","10":"instock","11":"taxable","12":"shipping-taxable","13":"purchasable","14":"product-type-variable"},"_links":{"self":[{"href":"https:\/\/idealpesca.com\/loja\/wp-json\/wp\/v2\/product\/20292","targetHints":{"allow":["GET"]}}],"collection":[{"href":"https:\/\/idealpesca.com\/loja\/wp-json\/wp\/v2\/product"}],"about":[{"href":"https:\/\/idealpesca.com\/loja\/wp-json\/wp\/v2\/types\/product"}],"replies":[{"embeddable":true,"href":"https:\/\/idealpesca.com\/loja\/wp-json\/wp\/v2\/comments?post=20292"}],"wp:featuredmedia":[{"embeddable":true,"href":"https:\/\/idealpesca.com\/loja\/wp-json\/wp\/v2\/media\/27128"}],"wp:attachment":[{"href":"https:\/\/idealpesca.com\/loja\/wp-json\/wp\/v2\/media?parent=20292"}],"wp:term":[{"taxonomy":"product_brand","embeddable":true,"href":"https:\/\/idealpesca.com\/loja\/wp-json\/wp\/v2\/product_brand?post=20292"},{"taxonomy":"product_cat","embeddable":true,"href":"https:\/\/idealpesca.com\/loja\/wp-json\/wp\/v2\/product_cat?post=20292"},{"taxonomy":"product_tag","embeddable":true,"href":"https:\/\/idealpesca.com\/loja\/wp-json\/wp\/v2\/product_tag?post=20292"}],"curies":[{"name":"wp","href":"https:\/\/api.w.org\/{rel}","templated":true}]}}