{"id":2029,"date":"2026-03-20T12:21:18","date_gmt":"2026-03-20T12:21:18","guid":{"rendered":"https:\/\/idealpesca.com\/loja\/produto\/shimano-speedmaster-surf-hybrid-405-low-rider\/"},"modified":"2026-03-20T23:57:35","modified_gmt":"2026-03-20T23:57:35","slug":"shimano-speedmaster-surf-hybrid-405-low-rider","status":"publish","type":"product","link":"https:\/\/idealpesca.com\/loja\/produto\/shimano-speedmaster-surf-hybrid-405-low-rider\/","title":{"rendered":"SHIMANO SPEEDMASTER SURF HYBRID 405 LOW RIDER"},"content":{"rendered":"<div class=\"accordeon-item targetActive\">\u00a0<\/div>\n<div class=\"accordeon-item targetActive\">\n<p>Comprimento da cana &#8211; metros : 4.05 mtr<\/p>\n<p>N\u00ba de passadores: 8<\/p>\n<p>Peso lan\u00e7amento max EU: 200 gr<\/p>\n<p>Ac\u00e7\u00e3o optima de lan\u00e7amento: 150 gr<\/p>\n<div class=\"row module-product_specifications_list_item\">Passadores: Fuji\u00a0alconite low rider\u00a0Concept &#8220;O&#8221;<\/p>\n<div class=\"col-xs-12 col-sm-9 col-lg-9\">\n<div class=\"module-product_specifications_list_item_value\">\u00a0<\/div>\n<div class=\"module-product_specifications_list_item_value\">Material:\u00a0Modulo alto carbono<\/div>\n<\/div>\n<\/div>\n<div class=\"row module-product_specifications_list_item\">\n<div class=\"col-xs-12 col-sm-3 col-lg-3\">\n<div class=\"module-product_specifications_list_item_title\">\u00a0<\/div>\n<div class=\"module-product_specifications_list_item_title\">Porta carretos: tipo FUJI DPS<\/div>\n<\/div>\n<\/div>\n<table class=\"module-product_table_data_table \">\n<tr>\n<th>Referencia<\/th>\n<th>Comprimento (m)<\/th>\n<th>Comprimento de transporte\u00a0(cm)<\/th>\n<th>Numero de sec\u00e7oes<\/th>\n<th>Numero de passadores<\/th>\n<th>Max.chumbada lan\u00e7amento (g)<\/th>\n<\/tr>\n<tr>\n<td>\n<div class=\"module-product_table_data_table_cell_value\">SMSFH405CXHL<\/div>\n<\/td>\n<td>\n<div class=\"module-product_table_data_table_cell_value\">405<\/div>\n<\/td>\n<td>\n<div class=\"module-product_table_data_table_cell_value\">139<\/div>\n<\/td>\n<td>\n<div class=\"module-product_table_data_table_cell_value\">3<\/div>\n<\/td>\n<td>\n<div class=\"module-product_table_data_table_cell_value\">7<\/div>\n<\/td>\n<td>\n<div class=\"module-product_table_data_table_cell_value\">200<\/div>\n<\/td>\n<\/tr>\n<\/table>\n<\/div>\n","protected":false},"excerpt":{"rendered":"<p>Cana progressiva e suave no lan\u00e7amento<br \/>\nVers\u00e3o com ponteira hibrida e passadores fuji low rider<br \/>\nCarbono Alto modulo com<br \/>\nDIAFLASH na parte de baixo da cana<\/p>\n","protected":false},"featured_media":4739,"comment_status":"open","ping_status":"closed","template":"","meta":[],"product_brand":[],"product_cat":[551,98],"product_tag":[],"class_list":{"0":"post-2029","1":"product","2":"type-product","3":"status-publish","4":"has-post-thumbnail","6":"product_cat-010100-surfcasting-pesca-de-lancamento","7":"product_cat-010109-shimano","9":"first","10":"instock","11":"taxable","12":"shipping-taxable","13":"purchasable","14":"product-type-variable"},"_links":{"self":[{"href":"https:\/\/idealpesca.com\/loja\/wp-json\/wp\/v2\/product\/2029","targetHints":{"allow":["GET"]}}],"collection":[{"href":"https:\/\/idealpesca.com\/loja\/wp-json\/wp\/v2\/product"}],"about":[{"href":"https:\/\/idealpesca.com\/loja\/wp-json\/wp\/v2\/types\/product"}],"replies":[{"embeddable":true,"href":"https:\/\/idealpesca.com\/loja\/wp-json\/wp\/v2\/comments?post=2029"}],"wp:featuredmedia":[{"embeddable":true,"href":"https:\/\/idealpesca.com\/loja\/wp-json\/wp\/v2\/media\/4739"}],"wp:attachment":[{"href":"https:\/\/idealpesca.com\/loja\/wp-json\/wp\/v2\/media?parent=2029"}],"wp:term":[{"taxonomy":"product_brand","embeddable":true,"href":"https:\/\/idealpesca.com\/loja\/wp-json\/wp\/v2\/product_brand?post=2029"},{"taxonomy":"product_cat","embeddable":true,"href":"https:\/\/idealpesca.com\/loja\/wp-json\/wp\/v2\/product_cat?post=2029"},{"taxonomy":"product_tag","embeddable":true,"href":"https:\/\/idealpesca.com\/loja\/wp-json\/wp\/v2\/product_tag?post=2029"}],"curies":[{"name":"wp","href":"https:\/\/api.w.org\/{rel}","templated":true}]}}