{"id":2027,"date":"2026-03-20T12:21:17","date_gmt":"2026-03-20T12:21:17","guid":{"rendered":"https:\/\/idealpesca.com\/loja\/produto\/anzol-daiwa-wos-bassers-worm-hook-ss\/"},"modified":"2026-03-20T23:41:05","modified_gmt":"2026-03-20T23:41:05","slug":"anzol-daiwa-wos-bassers-worm-hook-ss","status":"publish","type":"product","link":"https:\/\/idealpesca.com\/loja\/produto\/anzol-daiwa-wos-bassers-worm-hook-ss\/","title":{"rendered":"Anzol daiwa wos bassers worm hook ss"},"content":{"rendered":"<p>Anzol &#8216;Wide Off Set&#8217; \u00e9 ideal para as montagens em &#8216;Texas&#8217; ou &#8216;Weightless&#8217; de amostras flex\u00edveis volumosas. Dispon\u00edvel em 5 tamanhos.<\/p>\n","protected":false},"excerpt":{"rendered":"<p>Anzol para vinis tipo texas<\/p>\n","protected":false},"featured_media":5287,"comment_status":"open","ping_status":"closed","template":"","meta":[],"product_brand":[],"product_cat":[132,460,230,383],"product_tag":[],"class_list":{"0":"post-2027","1":"product","2":"type-product","3":"status-publish","4":"has-post-thumbnail","6":"product_cat-040200-anzois-de-olhalargola","7":"product_cat-040203-daiwa","8":"product_cat-040600-anzois-para-amostras-e-cabecotes","9":"product_cat-040601-daiwa","11":"first","12":"instock","13":"taxable","14":"shipping-taxable","15":"purchasable","16":"product-type-variable"},"_links":{"self":[{"href":"https:\/\/idealpesca.com\/loja\/wp-json\/wp\/v2\/product\/2027","targetHints":{"allow":["GET"]}}],"collection":[{"href":"https:\/\/idealpesca.com\/loja\/wp-json\/wp\/v2\/product"}],"about":[{"href":"https:\/\/idealpesca.com\/loja\/wp-json\/wp\/v2\/types\/product"}],"replies":[{"embeddable":true,"href":"https:\/\/idealpesca.com\/loja\/wp-json\/wp\/v2\/comments?post=2027"}],"wp:featuredmedia":[{"embeddable":true,"href":"https:\/\/idealpesca.com\/loja\/wp-json\/wp\/v2\/media\/5287"}],"wp:attachment":[{"href":"https:\/\/idealpesca.com\/loja\/wp-json\/wp\/v2\/media?parent=2027"}],"wp:term":[{"taxonomy":"product_brand","embeddable":true,"href":"https:\/\/idealpesca.com\/loja\/wp-json\/wp\/v2\/product_brand?post=2027"},{"taxonomy":"product_cat","embeddable":true,"href":"https:\/\/idealpesca.com\/loja\/wp-json\/wp\/v2\/product_cat?post=2027"},{"taxonomy":"product_tag","embeddable":true,"href":"https:\/\/idealpesca.com\/loja\/wp-json\/wp\/v2\/product_tag?post=2027"}],"curies":[{"name":"wp","href":"https:\/\/api.w.org\/{rel}","templated":true}]}}