{"id":20181,"date":"2020-03-25T10:47:45","date_gmt":"2020-03-25T10:47:45","guid":{"rendered":"https:\/\/idealpesca.com\/loja\/produto\/linha-daiwa-j-braid-grand-1500-mtr-cinza\/"},"modified":"2026-05-14T17:17:12","modified_gmt":"2026-05-14T16:17:12","slug":"linha-daiwa-j-braid-grand-1500-mtr-cinza","status":"publish","type":"product","link":"https:\/\/idealpesca.com\/loja\/produto\/linha-daiwa-j-braid-grand-1500-mtr-cinza\/","title":{"rendered":"LINHA DAIWA J-BRAID grand 1500 MTR CINZA"},"content":{"rendered":"<p><span style=\"float: none;background-color: #ffffff;color: #292f38;font-family: OpenSansRegular,Arial,sans-serif;font-size: 15px;font-style: normal;font-variant: normal;font-weight: 400;letter-spacing: normal;text-align: left;text-decoration: none;text-indent: 0px;text-transform: none;white-space: normal\">O multifilamento entran\u00e7ado J-Braid Grand X8 eleva ainda mais os pontos fortes do J-Braid x8. Fabricado no Jap\u00e3o, este multifilamento entran\u00e7ado utiliza novas fibras denominadas Izanas, conferindo o mais alto grau de resist\u00eancia: \u00e9 4 vezes mais resistente \u00e0 abras\u00e3o! Nesta vers\u00e3o, o processo de fabrica\u00e7\u00e3o do multifilamento torna poss\u00edvel apertar ainda mais os fios. Assim, o J-Braid Grand x8 apresenta uma forma perfeitamente redonda, otimizando a sua aerodin\u00e2mica e a sua hidrodin\u00e2mica. Deste modo, as dist\u00e2ncias de lan\u00e7amento s\u00e3o melhoradas e o melhor desempenho do multifilamento em a\u00e7\u00e3o de pesca assegura uma sensibilidade e uma reatividade acrescidas.<\/span><\/p>\n","protected":false},"excerpt":{"rendered":"<p>LINHA MULTIFILAMENTO DE 8 FIBRAS ENTRAN\u00c7ADAS<\/p>\n","protected":false},"featured_media":27088,"comment_status":"open","ping_status":"closed","template":"","meta":[],"product_brand":[],"product_cat":[303,358],"product_tag":[],"class_list":{"0":"post-20181","1":"product","2":"type-product","3":"status-publish","4":"has-post-thumbnail","6":"product_cat-060700-multifilamento-1000-e-1500-metros","7":"product_cat-060702-daiwa","9":"first","10":"instock","11":"taxable","12":"shipping-taxable","13":"purchasable","14":"product-type-variable"},"_links":{"self":[{"href":"https:\/\/idealpesca.com\/loja\/wp-json\/wp\/v2\/product\/20181","targetHints":{"allow":["GET"]}}],"collection":[{"href":"https:\/\/idealpesca.com\/loja\/wp-json\/wp\/v2\/product"}],"about":[{"href":"https:\/\/idealpesca.com\/loja\/wp-json\/wp\/v2\/types\/product"}],"replies":[{"embeddable":true,"href":"https:\/\/idealpesca.com\/loja\/wp-json\/wp\/v2\/comments?post=20181"}],"wp:featuredmedia":[{"embeddable":true,"href":"https:\/\/idealpesca.com\/loja\/wp-json\/wp\/v2\/media\/27088"}],"wp:attachment":[{"href":"https:\/\/idealpesca.com\/loja\/wp-json\/wp\/v2\/media?parent=20181"}],"wp:term":[{"taxonomy":"product_brand","embeddable":true,"href":"https:\/\/idealpesca.com\/loja\/wp-json\/wp\/v2\/product_brand?post=20181"},{"taxonomy":"product_cat","embeddable":true,"href":"https:\/\/idealpesca.com\/loja\/wp-json\/wp\/v2\/product_cat?post=20181"},{"taxonomy":"product_tag","embeddable":true,"href":"https:\/\/idealpesca.com\/loja\/wp-json\/wp\/v2\/product_tag?post=20181"}],"curies":[{"name":"wp","href":"https:\/\/api.w.org\/{rel}","templated":true}]}}