{"id":2014,"date":"2026-03-20T12:21:12","date_gmt":"2026-03-20T12:21:12","guid":{"rendered":"https:\/\/idealpesca.com\/loja\/produto\/carreto-daiwa-certate-sw-4000-h-24\/"},"modified":"2026-03-20T23:50:06","modified_gmt":"2026-03-20T23:50:06","slug":"carreto-daiwa-certate-sw-4000-h-24","status":"publish","type":"product","link":"https:\/\/idealpesca.com\/loja\/produto\/carreto-daiwa-certate-sw-4000-h-24\/","title":{"rendered":"Carreto DAIWA CERTATE SW 4000-H 24"},"content":{"rendered":"<p>Ap\u00f3s as vers\u00f5es LT e LT ARK, o Certate est\u00e1 dispon\u00edvel na vers\u00e3o SW (Salt Water: \u00e1gua salgada). O Certate \u00e9 um carreto muito apreciado pelos pescadores de mar e \u00e9 uma refer\u00eancia em termos de carreto spinning compacto, potente e robusto. Com a chegada do Certate SW dispon\u00edvel nos tamanhos 4000 a 6000, a fam\u00edlia Certate \u00e9 agora uma gama completa que oferecemos aos entusiastas da pesca de mar, do robalo ao atum.<\/p>\n<table class=\"table bordered js-pswp-gallery\">\n<tr>\n<th>\u00a0<\/th>\n<th>Refer\u00eancia<\/th>\n<th>Pega<\/th>\n<th>R\u00e1cio (\/1)<\/th>\n<th>VMV<\/th>\n<th>Peso<\/th>\n<th>Mutifilamento<\/th>\n<th>Drag<\/th>\n<\/tr>\n<tr>\n<td><span class=\"new\">N<\/span><\/td>\n<td>CERG24SW4000H<\/td>\n<td>Redonda EVA<\/td>\n<td>5,7<\/td>\n<td>96 cm<\/td>\n<td>335 g<\/td>\n<td>300m\/0.22mm<\/td>\n<td>15 kg<\/td>\n<\/tr>\n<\/table>\n","protected":false},"excerpt":{"rendered":"<p>CERTATE SW<br \/>\nCertate para as pescas fortes no mar<\/p>\n","protected":false},"featured_media":5277,"comment_status":"open","ping_status":"closed","template":"","meta":[],"product_brand":[],"product_cat":[44,67,517],"product_tag":[],"class_list":{"0":"post-2014","1":"product","2":"type-product","3":"status-publish","4":"has-post-thumbnail","6":"product_cat-020300-barco-buldo-falesia","7":"product_cat-020303-daiwa","8":"product_cat-ideal-pesca","10":"first","11":"instock","12":"taxable","13":"shipping-taxable","14":"purchasable","15":"product-type-variable"},"_links":{"self":[{"href":"https:\/\/idealpesca.com\/loja\/wp-json\/wp\/v2\/product\/2014","targetHints":{"allow":["GET"]}}],"collection":[{"href":"https:\/\/idealpesca.com\/loja\/wp-json\/wp\/v2\/product"}],"about":[{"href":"https:\/\/idealpesca.com\/loja\/wp-json\/wp\/v2\/types\/product"}],"replies":[{"embeddable":true,"href":"https:\/\/idealpesca.com\/loja\/wp-json\/wp\/v2\/comments?post=2014"}],"wp:featuredmedia":[{"embeddable":true,"href":"https:\/\/idealpesca.com\/loja\/wp-json\/wp\/v2\/media\/5277"}],"wp:attachment":[{"href":"https:\/\/idealpesca.com\/loja\/wp-json\/wp\/v2\/media?parent=2014"}],"wp:term":[{"taxonomy":"product_brand","embeddable":true,"href":"https:\/\/idealpesca.com\/loja\/wp-json\/wp\/v2\/product_brand?post=2014"},{"taxonomy":"product_cat","embeddable":true,"href":"https:\/\/idealpesca.com\/loja\/wp-json\/wp\/v2\/product_cat?post=2014"},{"taxonomy":"product_tag","embeddable":true,"href":"https:\/\/idealpesca.com\/loja\/wp-json\/wp\/v2\/product_tag?post=2014"}],"curies":[{"name":"wp","href":"https:\/\/api.w.org\/{rel}","templated":true}]}}