{"id":2011,"date":"2026-03-20T12:21:11","date_gmt":"2026-03-20T12:21:11","guid":{"rendered":"https:\/\/idealpesca.com\/loja\/produto\/casaco-shimano-azul-rain-jacket\/"},"modified":"2026-03-20T23:51:33","modified_gmt":"2026-03-20T23:51:33","slug":"casaco-shimano-azul-rain-jacket","status":"publish","type":"product","link":"https:\/\/idealpesca.com\/loja\/produto\/casaco-shimano-azul-rain-jacket\/","title":{"rendered":"CASACO SHIMANO AZUL RAIN JACKET"},"content":{"rendered":"<p>&#8211; V\u00e1rios tamanhos dispon\u00edveis;<\/p>\n<p>Ref. SHRJNPBU<\/p>\n<p>O casaco de altas presta\u00e7\u00f5es Shimano \u00e9 \u00e0 prova de \u00e1gua e desenhado para a pesca. Feito num processo avan\u00e7ado de impermebealiza\u00e7\u00e3o com hidoest\u00e1tico de 20k, o Shimano \u00e9 a perfeita combina\u00e7\u00e3o com o Shimano Bibbrace (cal\u00e7a)para suportar situa\u00e7\u00f5es severas de chuva.<br \/>O Shimano Bib &amp; Brace (cal\u00e7a) \u00e9 o conjunto perfeito para o casaco da chuva.\u00a0<\/p>\n<p>\u00a0<\/p>\n","protected":false},"excerpt":{"rendered":"<p>Casaco com fecho para pesca Shimano em polyester.<br \/>\nTotalmente \u00e1 prova de agua e respiravel<\/p>\n","protected":false},"featured_media":5273,"comment_status":"open","ping_status":"closed","template":"","meta":[],"product_brand":[],"product_cat":[364,43,517],"product_tag":[],"class_list":{"0":"post-2011","1":"product","2":"type-product","3":"status-publish","4":"has-post-thumbnail","6":"product_cat-100102-casacos-e-fatos-de-pesca","7":"product_cat-310000-novidades-gerais","8":"product_cat-ideal-pesca","10":"first","11":"instock","12":"taxable","13":"shipping-taxable","14":"purchasable","15":"product-type-variable"},"_links":{"self":[{"href":"https:\/\/idealpesca.com\/loja\/wp-json\/wp\/v2\/product\/2011","targetHints":{"allow":["GET"]}}],"collection":[{"href":"https:\/\/idealpesca.com\/loja\/wp-json\/wp\/v2\/product"}],"about":[{"href":"https:\/\/idealpesca.com\/loja\/wp-json\/wp\/v2\/types\/product"}],"replies":[{"embeddable":true,"href":"https:\/\/idealpesca.com\/loja\/wp-json\/wp\/v2\/comments?post=2011"}],"wp:featuredmedia":[{"embeddable":true,"href":"https:\/\/idealpesca.com\/loja\/wp-json\/wp\/v2\/media\/5273"}],"wp:attachment":[{"href":"https:\/\/idealpesca.com\/loja\/wp-json\/wp\/v2\/media?parent=2011"}],"wp:term":[{"taxonomy":"product_brand","embeddable":true,"href":"https:\/\/idealpesca.com\/loja\/wp-json\/wp\/v2\/product_brand?post=2011"},{"taxonomy":"product_cat","embeddable":true,"href":"https:\/\/idealpesca.com\/loja\/wp-json\/wp\/v2\/product_cat?post=2011"},{"taxonomy":"product_tag","embeddable":true,"href":"https:\/\/idealpesca.com\/loja\/wp-json\/wp\/v2\/product_tag?post=2011"}],"curies":[{"name":"wp","href":"https:\/\/api.w.org\/{rel}","templated":true}]}}