{"id":2010,"date":"2026-03-20T12:21:10","date_gmt":"2026-03-20T12:21:10","guid":{"rendered":"https:\/\/idealpesca.com\/loja\/produto\/colete-kali-kunnan-deep-blue\/"},"modified":"2026-03-20T23:52:02","modified_gmt":"2026-03-20T23:52:02","slug":"colete-kali-kunnan-deep-blue","status":"publish","type":"product","link":"https:\/\/idealpesca.com\/loja\/produto\/colete-kali-kunnan-deep-blue\/","title":{"rendered":"COLETE KALI KUNNAN DEEP BLUE"},"content":{"rendered":"<p>Astucioso este colete de pesca permitindo ter \u00e0 m\u00e3o em todas as circunst\u00e2ncias todos os acess\u00f3rios que precisa durante uma sa\u00edda de pesca itinerante ou em wading. \u00c9 a combina\u00e7\u00e3o de 2 artigos essenciais para um pescador: colete e armazenamento! Este saco \u00e9 usado como um colete de pesca com 2 bolsos frontais (20 x 15 x 6 cm) que podem transportar cada um 1 caixa de tamanho m\u00e9dio ou 2 caixas pequenas.\u00a0<\/p>\n<table class=\"table bordered js-pswp-gallery\">\n<tr>\n<th>Refer\u00eancia<\/th>\n<th>Cor<\/th>\n<th>Modelo<\/th>\n<\/tr>\n<tr>\n<td>deep blue<\/td>\n<td>Preto \/ Cinza<\/td>\n<td>Eco<\/td>\n<\/tr>\n<\/table>\n","protected":false},"excerpt":{"rendered":"<p>Colete auxiliar de flutua\u00e7\u00e3o da kali kunnan<\/p>\n","protected":false},"featured_media":5271,"comment_status":"open","ping_status":"closed","template":"","meta":[],"product_brand":[],"product_cat":[365,517],"product_tag":[],"class_list":{"0":"post-2010","1":"product","2":"type-product","3":"status-publish","4":"has-post-thumbnail","6":"product_cat-100103-coletes-e-aventais","7":"product_cat-ideal-pesca","9":"first","10":"instock","11":"taxable","12":"shipping-taxable","13":"purchasable","14":"product-type-variable"},"_links":{"self":[{"href":"https:\/\/idealpesca.com\/loja\/wp-json\/wp\/v2\/product\/2010","targetHints":{"allow":["GET"]}}],"collection":[{"href":"https:\/\/idealpesca.com\/loja\/wp-json\/wp\/v2\/product"}],"about":[{"href":"https:\/\/idealpesca.com\/loja\/wp-json\/wp\/v2\/types\/product"}],"replies":[{"embeddable":true,"href":"https:\/\/idealpesca.com\/loja\/wp-json\/wp\/v2\/comments?post=2010"}],"wp:featuredmedia":[{"embeddable":true,"href":"https:\/\/idealpesca.com\/loja\/wp-json\/wp\/v2\/media\/5271"}],"wp:attachment":[{"href":"https:\/\/idealpesca.com\/loja\/wp-json\/wp\/v2\/media?parent=2010"}],"wp:term":[{"taxonomy":"product_brand","embeddable":true,"href":"https:\/\/idealpesca.com\/loja\/wp-json\/wp\/v2\/product_brand?post=2010"},{"taxonomy":"product_cat","embeddable":true,"href":"https:\/\/idealpesca.com\/loja\/wp-json\/wp\/v2\/product_cat?post=2010"},{"taxonomy":"product_tag","embeddable":true,"href":"https:\/\/idealpesca.com\/loja\/wp-json\/wp\/v2\/product_tag?post=2010"}],"curies":[{"name":"wp","href":"https:\/\/api.w.org\/{rel}","templated":true}]}}