{"id":19990,"date":"2019-04-09T23:29:57","date_gmt":"2019-04-09T22:29:57","guid":{"rendered":"https:\/\/idealpesca.com\/loja\/produto\/cana-daiwa-tanacom-boat\/"},"modified":"2026-05-15T19:43:07","modified_gmt":"2026-05-15T18:43:07","slug":"cana-daiwa-tanacom-boat","status":"publish","type":"product","link":"https:\/\/idealpesca.com\/loja\/produto\/cana-daiwa-tanacom-boat\/","title":{"rendered":"CANA DAIWA TANACOM BOAT"},"content":{"rendered":"<div class=\"layout-content layout-strip\" style=\"margin-bottom: -369px\">\n<section class=\"product-single rod\">\n<div class=\"layout-wrapper page-content\">\n<div class=\"product-content\">\n<div class=\"product-content-inner\">\n<div class=\"row\">\n<div class=\"col-1_1  product-technologies\">\n<div class=\"row xcondensed\">\n<div class=\"col-1_4 sm-1_5 md-1_4 lg-1_6 xl-1_8\"><a class=\"open-techno-modal\" title=\"GLATECH\" href=\"https:\/\/www.daiwa.pt\/tecnologias\/canas\/glatech-2?ajax=1\" data-slug=\"glatech-2\">\u00a0 <\/a><\/div>\n<\/div>\n<\/div>\n<\/div>\n<div class=\"polymorphic-table product-table\">\n<div class=\"polymorphic-table-inner\">\n<table class=\"table bordered js-pswp-gallery\">\n<thead>\n<tr>\n<th>Refer\u00eancia<\/th>\n<th>Comprimento<\/th>\n<th>Elementos<\/th>\n<th>Desmontada<\/th>\n<th>Peso<\/th>\n<th>Passadores<\/th>\n<th>Pot\u00eancia<\/th>\n<th>Pre\u00e7o p\u00fablico recomendado<\/th>\n<\/tr>\n<\/thead>\n<tbody>\n<tr>\n<td>TNCB180GBF<\/td>\n<td>1,80<\/td>\n<td>1+1<\/td>\n<td>115<\/td>\n<td>515<\/td>\n<td>8<\/td>\n<td>150-600<\/td>\n<td>119<\/td>\n<\/tr>\n<\/tbody>\n<\/table>\n<\/div>\n<\/div>\n<p><\/p>\n<ul class=\"product-specifications\">\n<li>Blank Glatech<\/li>\n<li>Encaixe &#8220;Off Se&#8221; (a ponteira encaixa no elemento base)<\/li>\n<li>Passadores &#8220;Pacific Bay&#8221;<\/li>\n<li>Porta carreto de rosca com an\u00e9is de seguran\u00e7a<\/li>\n<li>Pega ergon\u00f3mica &#8220;Powerlift&#8221; em Duplon alta densidade e em resina<\/li>\n<li>A\u00e7\u00e3o progressiva, ponteira maci\u00e7a<\/li>\n<li>Cardan inoxid\u00e1vel Pacific Bay na base com batente de prote\u00e7\u00e3o anti derrapante<\/li>\n<\/ul>\n<div class=\"row\">\n<div class=\"col-1_1  product-technologies\">\n<div class=\"row xcondensed\">\n<div class=\"col-1_4 sm-1_5 md-1_4 lg-1_6 xl-1_8\"><a class=\"open-techno-modal\" title=\"GLATECH\" href=\"https:\/\/www.daiwa.pt\/tecnologias\/canas\/glatech-2?ajax=1\" data-slug=\"glatech-2\">\u00a0 <\/a><\/div>\n<\/div>\n<\/div>\n<\/div>\n<p><\/p>\n<p>\u00a0<\/p>\n<p>\u00a0<\/p>\n<p>\u00a0<\/p>\n<p>\u00a0<\/p>\n<p>\u00a0<\/p>\n<div class=\"polymorphic-table product-table overflow-right\">\u00a0<\/div>\n<p><\/p>\n<div class=\"polymorphic-table product-table overflow-right\">\u00a0<\/div>\n<\/div>\n<\/div>\n<\/div>\n<\/section>\n<\/div>\n","protected":false},"excerpt":{"rendered":"<p>O blank da Tanacom Boat \u00e9 o resultado de uma tecnologia exclusiva Daiwa conferindo elasticidade e leveza. Capaz de transmitir os toques, a cana Tanacom Boat assegura tamb\u00e9m uma excelente manuten\u00e7\u00e3o da chumbada no fundo mesmo na presen\u00e7a de forte corrente. De comprimento curto \u00e9 f\u00e1cil de utilizar em semirr\u00edgido. Os passadores s\u00e3o em cer\u00e2mica, especial multifilamento, evitando qualquer quebra em a\u00e7\u00e3o de pesca e autorizando a utiliza\u00e7\u00e3o de multifilamento com alma em chumbo.<\/p>\n","protected":false},"featured_media":28385,"comment_status":"open","ping_status":"closed","template":"","meta":[],"product_brand":[],"product_cat":[518,418],"product_tag":[],"class_list":{"0":"post-19990","1":"product","2":"type-product","3":"status-publish","4":"has-post-thumbnail","6":"product_cat-010300-pesca-embarcada","7":"product_cat-010304-daiwa","9":"first","10":"instock","11":"taxable","12":"shipping-taxable","13":"purchasable","14":"product-type-simple"},"_links":{"self":[{"href":"https:\/\/idealpesca.com\/loja\/wp-json\/wp\/v2\/product\/19990","targetHints":{"allow":["GET"]}}],"collection":[{"href":"https:\/\/idealpesca.com\/loja\/wp-json\/wp\/v2\/product"}],"about":[{"href":"https:\/\/idealpesca.com\/loja\/wp-json\/wp\/v2\/types\/product"}],"replies":[{"embeddable":true,"href":"https:\/\/idealpesca.com\/loja\/wp-json\/wp\/v2\/comments?post=19990"}],"wp:featuredmedia":[{"embeddable":true,"href":"https:\/\/idealpesca.com\/loja\/wp-json\/wp\/v2\/media\/28385"}],"wp:attachment":[{"href":"https:\/\/idealpesca.com\/loja\/wp-json\/wp\/v2\/media?parent=19990"}],"wp:term":[{"taxonomy":"product_brand","embeddable":true,"href":"https:\/\/idealpesca.com\/loja\/wp-json\/wp\/v2\/product_brand?post=19990"},{"taxonomy":"product_cat","embeddable":true,"href":"https:\/\/idealpesca.com\/loja\/wp-json\/wp\/v2\/product_cat?post=19990"},{"taxonomy":"product_tag","embeddable":true,"href":"https:\/\/idealpesca.com\/loja\/wp-json\/wp\/v2\/product_tag?post=19990"}],"curies":[{"name":"wp","href":"https:\/\/api.w.org\/{rel}","templated":true}]}}