{"id":1998,"date":"2026-03-20T12:21:00","date_gmt":"2026-03-20T12:21:00","guid":{"rendered":"https:\/\/idealpesca.com\/loja\/produto\/geecrack-gyrostar-3-5\/"},"modified":"2026-03-20T23:53:04","modified_gmt":"2026-03-20T23:53:04","slug":"geecrack-gyrostar-3-5","status":"publish","type":"product","link":"https:\/\/idealpesca.com\/loja\/produto\/geecrack-gyrostar-3-5\/","title":{"rendered":"GEECRACK GYROSTAR 3.5"},"content":{"rendered":"<p>COMPRIMENTO: 8.9CM.;<\/p>\n<p>QUANTIDADE POR EMBALAGEM: 7 UNIDADES\u00a0<\/p>\n","protected":false},"excerpt":{"rendered":"<p>VINIL DE ALTA QUALIDADE JAPONESA<\/p>\n<p>PRE\u00c7O S\u00d3 DA EMBALAGEM DOS VINIS<br \/>\nCOMBINA COM CABE\u00c7OTES DAIWA JIG HEAD VENDIDOS \u00c0 PARTE NA CATEGORIA DE CABE\u00c7OTES<\/p>\n","protected":false},"featured_media":5252,"comment_status":"open","ping_status":"closed","template":"","meta":[],"product_brand":[],"product_cat":[53,532,540,194,536,517],"product_tag":[],"class_list":{"0":"post-1998","1":"product","2":"type-product","3":"status-publish","4":"has-post-thumbnail","6":"product_cat-030400-amostras-vinil","7":"product_cat-030420-geecrack","8":"product_cat-030620-geecrack","9":"product_cat-030900-amostras-de-agua-doce","10":"product_cat-0309024-geecrack","11":"product_cat-ideal-pesca","13":"first","14":"instock","15":"taxable","16":"shipping-taxable","17":"purchasable","18":"product-type-variable"},"_links":{"self":[{"href":"https:\/\/idealpesca.com\/loja\/wp-json\/wp\/v2\/product\/1998","targetHints":{"allow":["GET"]}}],"collection":[{"href":"https:\/\/idealpesca.com\/loja\/wp-json\/wp\/v2\/product"}],"about":[{"href":"https:\/\/idealpesca.com\/loja\/wp-json\/wp\/v2\/types\/product"}],"replies":[{"embeddable":true,"href":"https:\/\/idealpesca.com\/loja\/wp-json\/wp\/v2\/comments?post=1998"}],"wp:featuredmedia":[{"embeddable":true,"href":"https:\/\/idealpesca.com\/loja\/wp-json\/wp\/v2\/media\/5252"}],"wp:attachment":[{"href":"https:\/\/idealpesca.com\/loja\/wp-json\/wp\/v2\/media?parent=1998"}],"wp:term":[{"taxonomy":"product_brand","embeddable":true,"href":"https:\/\/idealpesca.com\/loja\/wp-json\/wp\/v2\/product_brand?post=1998"},{"taxonomy":"product_cat","embeddable":true,"href":"https:\/\/idealpesca.com\/loja\/wp-json\/wp\/v2\/product_cat?post=1998"},{"taxonomy":"product_tag","embeddable":true,"href":"https:\/\/idealpesca.com\/loja\/wp-json\/wp\/v2\/product_tag?post=1998"}],"curies":[{"name":"wp","href":"https:\/\/api.w.org\/{rel}","templated":true}]}}