{"id":19946,"date":"2019-03-14T13:03:40","date_gmt":"2019-03-14T13:03:40","guid":{"rendered":"https:\/\/idealpesca.com\/loja\/produto\/3-corpos-black-minnow-120-2\/"},"modified":"2026-05-15T19:43:44","modified_gmt":"2026-05-15T18:43:44","slug":"3-corpos-black-minnow-120-2","status":"publish","type":"product","link":"https:\/\/idealpesca.com\/loja\/produto\/3-corpos-black-minnow-120-2\/","title":{"rendered":"3 CORPOS BLACK MINNOW 120"},"content":{"rendered":"<h2>Descri\u00e7\u00e3o<\/h2>\n<p style=\"text-align: justify\"><span style=\"color: #000000\">O Black Minnow\u00ae \u00e9 um vinil realista de toque muito suave mas muito resistente, com cores naturais numa gama elaborada para se ajustar a qualquer situa\u00e7\u00e3o de pesca.<\/span><\/p>\n<p style=\"text-align: justify\"><span style=\"color: #000000\">O Black Minnow\u00ae apresenta uma nata\u00e7\u00e3o realista e natural, gra\u00e7as a uma cauda especial transparente e delgada, que imprime um movimento vibrante e oscilat\u00f3rio, imitando um peixe com perfei\u00e7\u00e3o.<\/span><\/p>\n<p style=\"text-align: justify\"><span style=\"color: #000000\">Al\u00e9m de tudo isso o Black Minow\u00ae vem ainda com o sistema PH2S\u00ae que permite o engate r\u00e1pido e a articula\u00e7\u00e3o livre com um anzol wide gap Krog\u00ae que ficar\u00e1 oculto no corpo do vinil, permitindo pescar com mais seguran\u00e7a e confian\u00e7a em zonas onde as pris\u00f5es dos anz\u00f3is s\u00e3o comuns.<\/span><\/p>\n<p><span style=\"font-size: large;color: #000000\"><strong>\u00a0<\/strong><\/span><\/p>\n","protected":false},"excerpt":{"rendered":"<p>BLISTER COM 3 CORPOS<\/p>\n","protected":false},"featured_media":3288,"comment_status":"open","ping_status":"closed","template":"","meta":[],"product_brand":[],"product_cat":[53,193],"product_tag":[],"class_list":{"0":"post-19946","1":"product","2":"type-product","3":"status-publish","4":"has-post-thumbnail","6":"product_cat-030400-amostras-vinil","7":"product_cat-030405-fiiish","9":"first","10":"instock","11":"taxable","12":"shipping-taxable","13":"purchasable","14":"product-type-variable"},"_links":{"self":[{"href":"https:\/\/idealpesca.com\/loja\/wp-json\/wp\/v2\/product\/19946","targetHints":{"allow":["GET"]}}],"collection":[{"href":"https:\/\/idealpesca.com\/loja\/wp-json\/wp\/v2\/product"}],"about":[{"href":"https:\/\/idealpesca.com\/loja\/wp-json\/wp\/v2\/types\/product"}],"replies":[{"embeddable":true,"href":"https:\/\/idealpesca.com\/loja\/wp-json\/wp\/v2\/comments?post=19946"}],"wp:featuredmedia":[{"embeddable":true,"href":"https:\/\/idealpesca.com\/loja\/wp-json\/wp\/v2\/media\/3288"}],"wp:attachment":[{"href":"https:\/\/idealpesca.com\/loja\/wp-json\/wp\/v2\/media?parent=19946"}],"wp:term":[{"taxonomy":"product_brand","embeddable":true,"href":"https:\/\/idealpesca.com\/loja\/wp-json\/wp\/v2\/product_brand?post=19946"},{"taxonomy":"product_cat","embeddable":true,"href":"https:\/\/idealpesca.com\/loja\/wp-json\/wp\/v2\/product_cat?post=19946"},{"taxonomy":"product_tag","embeddable":true,"href":"https:\/\/idealpesca.com\/loja\/wp-json\/wp\/v2\/product_tag?post=19946"}],"curies":[{"name":"wp","href":"https:\/\/api.w.org\/{rel}","templated":true}]}}