{"id":1979,"date":"2026-03-20T12:20:51","date_gmt":"2026-03-20T12:20:51","guid":{"rendered":"https:\/\/idealpesca.com\/loja\/produto\/cacao-raglou-hibrido-120-25gr\/"},"modified":"2026-03-20T23:45:00","modified_gmt":"2026-03-20T23:45:00","slug":"cacao-raglou-hibrido-120-25gr","status":"publish","type":"product","link":"https:\/\/idealpesca.com\/loja\/produto\/cacao-raglou-hibrido-120-25gr\/","title":{"rendered":"Ca\u00e7\u00e3o RAGLOU\u00ae H\u00cdBRIDO 120 25gr."},"content":{"rendered":"<p>A fam\u00edlia RAGLOU est\u00e1 se expandindo este ano com uma vers\u00e3o H\u00edbrida que combina um jig head e o corpo do RAGLOU tradicional que n\u00e3o precisa mais ser introduzido. Dispon\u00edvel em diferentes pesos, esta isca pode ser utilizada, como suas antecessoras atr\u00e1s de um Buldo, mas acima de tudo sozinha, como isca macia verticalmente ou para lan\u00e7ar e trazer de volta. \u00c9 mais eficaz em bares e locais trazidos lentamente de volta a \u00e1reas arenosas ou \u00e0s bordas de planaltos rochosos onde as galeotas e a espadilha est\u00e3o muito presentes.<\/p>\n<p>Novas cores realistas est\u00e3o surgindo nesta nova gama (AYU\/BM\/GM).<\/p>\n<p>Os RAGLOU HYBRIDs s\u00e3o equipados com VMC 9255 TI.<\/p>\n<p>\u00a0<\/p>\n<p><span style=\"color: #000000;font-size: large\"><strong>&#8211; Tamanho 12,0 cm.;<\/strong><\/span><\/p>\n<p><span style=\"color: #000000;font-size: large\"><strong>&#8211; Vem com anzol;<\/strong><\/span><\/p>\n<p><span style=\"color: #000000;font-size: large\"><strong>&#8211; Vendido em pack com 2 unidades;<\/strong><\/span><\/p>\n","protected":false},"excerpt":{"rendered":"<p>Um cl\u00e1ssico para o corrico<br \/>\nDispon\u00edvel em v\u00e1rias cores<\/p>\n","protected":false},"featured_media":5223,"comment_status":"open","ping_status":"closed","template":"","meta":[],"product_brand":[],"product_cat":[542,287,289,517],"product_tag":[],"class_list":{"0":"post-1979","1":"product","2":"type-product","3":"status-publish","4":"has-post-thumbnail","6":"product_cat-030423-ragot","7":"product_cat-030500-cacoes-pingalins-polvos-e-lulas","8":"product_cat-030505-raglou","9":"product_cat-ideal-pesca","11":"first","12":"instock","13":"taxable","14":"shipping-taxable","15":"purchasable","16":"product-type-variable"},"_links":{"self":[{"href":"https:\/\/idealpesca.com\/loja\/wp-json\/wp\/v2\/product\/1979","targetHints":{"allow":["GET"]}}],"collection":[{"href":"https:\/\/idealpesca.com\/loja\/wp-json\/wp\/v2\/product"}],"about":[{"href":"https:\/\/idealpesca.com\/loja\/wp-json\/wp\/v2\/types\/product"}],"replies":[{"embeddable":true,"href":"https:\/\/idealpesca.com\/loja\/wp-json\/wp\/v2\/comments?post=1979"}],"wp:featuredmedia":[{"embeddable":true,"href":"https:\/\/idealpesca.com\/loja\/wp-json\/wp\/v2\/media\/5223"}],"wp:attachment":[{"href":"https:\/\/idealpesca.com\/loja\/wp-json\/wp\/v2\/media?parent=1979"}],"wp:term":[{"taxonomy":"product_brand","embeddable":true,"href":"https:\/\/idealpesca.com\/loja\/wp-json\/wp\/v2\/product_brand?post=1979"},{"taxonomy":"product_cat","embeddable":true,"href":"https:\/\/idealpesca.com\/loja\/wp-json\/wp\/v2\/product_cat?post=1979"},{"taxonomy":"product_tag","embeddable":true,"href":"https:\/\/idealpesca.com\/loja\/wp-json\/wp\/v2\/product_tag?post=1979"}],"curies":[{"name":"wp","href":"https:\/\/api.w.org\/{rel}","templated":true}]}}