{"id":1968,"date":"2026-03-20T12:20:47","date_gmt":"2026-03-20T12:20:47","guid":{"rendered":"https:\/\/idealpesca.com\/loja\/produto\/cana-daiwa-caldia-sb-822-hm-hfs\/"},"modified":"2026-03-20T23:46:31","modified_gmt":"2026-03-20T23:46:31","slug":"cana-daiwa-caldia-sb-822-hm-hfs","status":"publish","type":"product","link":"https:\/\/idealpesca.com\/loja\/produto\/cana-daiwa-caldia-sb-822-hm-hfs\/","title":{"rendered":"Cana DAIWA CALDIA SB 822 HM HFS"},"content":{"rendered":"<div class=\"product-desc\">\n<table class=\"table bordered js-pswp-gallery\">\n<tr>\n<th>\u00a0<\/th>\n<th>Refer\u00eancia<\/th>\n<th>Comprimento<\/th>\n<th>Elementos<\/th>\n<th>Desmontada<\/th>\n<th>Peso<\/th>\n<th>Passadores<\/th>\n<th>Pot\u00eancia<\/th>\n<\/tr>\n<tr>\n<td><span class=\"new\">N<\/span><\/td>\n<td>CASB822HMHFSDF<\/td>\n<td>2.49m<\/td>\n<td>2<\/td>\n<td>129cm<\/td>\n<td>128g<\/td>\n<td>9<\/td>\n<td>10-35g<\/td>\n<\/tr>\n<\/table>\n<p>\u00a0<\/p>\n<p>As CALDIA renovam-se e continuam a ser a cana ideal para aliar aos conceituadas carretos com o mesmo nome. Estes blanks possantes s\u00e3o concebidos em carbono HVF e montados com a tecnologia x45 conferindo \u00e0 cana uma forte resist\u00eancia \u00e0s curvaturas e \u00e0s tor\u00e7\u00f5es, bem como o retorno \u00e0 forma inicial mais r\u00e1pido. Equipadas com passadores Fuji Concept O, as canas CALDIA cobrem toda a pesca no mar com uma gama de tamanhos de 2,13 a 3,05 e de gramagens que variam entre 5 e 120 g ao lan\u00e7ar! O porta-carreto em AIRSENSOR, os passadores fumados, os detalhes de carbono no elemento base ou ainda os catrafilamentos pretos mate elevam o design \u00e0 altura da qualidade do carbono.<\/p>\n<\/div>\n<ul>\n<li>Blank carbono HVF (High Volume Fiber) montado com a tecnologia x45<\/li>\n<li>Encaixe invertido<\/li>\n<li>Passadores Fuji O ring<\/li>\n<li>Porta-carreto Air Sensor<\/li>\n<li>Pega en mousse EVA alta densidade<\/li>\n<li>A\u00e7\u00e3o de ponta progressiva<\/li>\n<li>Fixador de linha articulado<\/li>\n<\/ul>\n","protected":false},"excerpt":{"rendered":"<p>NOVO MODELO CALDIA SEABASS<\/p>\n","protected":false},"featured_media":5207,"comment_status":"open","ping_status":"closed","template":"","meta":[],"product_brand":[],"product_cat":[545,145],"product_tag":[],"class_list":{"0":"post-1968","1":"product","2":"type-product","3":"status-publish","4":"has-post-thumbnail","6":"product_cat-010200-spinning","7":"product_cat-010203-daiwa","9":"first","10":"instock","11":"taxable","12":"shipping-taxable","13":"purchasable","14":"product-type-variable"},"_links":{"self":[{"href":"https:\/\/idealpesca.com\/loja\/wp-json\/wp\/v2\/product\/1968","targetHints":{"allow":["GET"]}}],"collection":[{"href":"https:\/\/idealpesca.com\/loja\/wp-json\/wp\/v2\/product"}],"about":[{"href":"https:\/\/idealpesca.com\/loja\/wp-json\/wp\/v2\/types\/product"}],"replies":[{"embeddable":true,"href":"https:\/\/idealpesca.com\/loja\/wp-json\/wp\/v2\/comments?post=1968"}],"wp:featuredmedia":[{"embeddable":true,"href":"https:\/\/idealpesca.com\/loja\/wp-json\/wp\/v2\/media\/5207"}],"wp:attachment":[{"href":"https:\/\/idealpesca.com\/loja\/wp-json\/wp\/v2\/media?parent=1968"}],"wp:term":[{"taxonomy":"product_brand","embeddable":true,"href":"https:\/\/idealpesca.com\/loja\/wp-json\/wp\/v2\/product_brand?post=1968"},{"taxonomy":"product_cat","embeddable":true,"href":"https:\/\/idealpesca.com\/loja\/wp-json\/wp\/v2\/product_cat?post=1968"},{"taxonomy":"product_tag","embeddable":true,"href":"https:\/\/idealpesca.com\/loja\/wp-json\/wp\/v2\/product_tag?post=1968"}],"curies":[{"name":"wp","href":"https:\/\/api.w.org\/{rel}","templated":true}]}}