{"id":1966,"date":"2026-03-20T12:20:46","date_gmt":"2026-03-20T12:20:46","guid":{"rendered":"https:\/\/idealpesca.com\/loja\/produto\/carreto-daiwa-emeraldas-e-lt-2023-3000s-h\/"},"modified":"2026-03-20T23:50:15","modified_gmt":"2026-03-20T23:50:15","slug":"carreto-daiwa-emeraldas-e-lt-2023-3000s-h","status":"publish","type":"product","link":"https:\/\/idealpesca.com\/loja\/produto\/carreto-daiwa-emeraldas-e-lt-2023-3000s-h\/","title":{"rendered":"Carreto DAIWA EMERALDAS E LT 2023 3000S-H"},"content":{"rendered":"<ul>\n<li>Drag com tecnologia ATD-L<\/li>\n<li>Rolamentos: 5 + 1 sendo 5CRBB<\/li>\n<li>Corpo, flange e rotor em Za\u00efon V<\/li>\n<li>Bobina alum\u00ednio, perfil Long Cast<\/li>\n<li>Enrolmento por espiras cruzadas<\/li>\n<li>Manivela monoblocoo alum\u00ednio desenrosc\u00e1vel<\/li>\n<li>Pega redonda EVA de alta densidade<\/li>\n<\/ul>\n<p>\u00a0<\/p>\n<p>\u00a0<\/p>\n<table class=\"table bordered js-pswp-gallery\">\n<tr>\n<th>\u00a0<\/th>\n<th>Refer\u00eancia<\/th>\n<th>Pega<\/th>\n<th>R\u00e1cio (\/1)<\/th>\n<th>VMV<\/th>\n<th>Peso<\/th>\n<th>Nylon<\/th>\n<th>Drag<\/th>\n<\/tr>\n<tr>\n<td><span class=\"new\">N<\/span><\/td>\n<td><a href=\"https:\/\/www.daiwa.pt\/uploads\/products\/reels\/2021\/10\/emeair21lt2500xh_1200x1200.jpg\"> <span class=\"inner\"> <img decoding=\"async\" src=\"image\/gif;base64,R0lGODlhAQABAIAAAMLCwgAAACH5BAAAAAAALAAAAAABAAEAAAICRAEAOw==\" alt=\"\" width=\"1\" height=\"1\" \/><\/span><\/a><br \/>\nEME E 23 LT 3000 S H\n<\/td>\n<td>\u00a0EVA<\/td>\n<td>5,6<\/td>\n<td>84cm<\/td>\n<td>215g<\/td>\n<td>150m\/0,20mm<\/td>\n<td>10kg<\/td>\n<\/tr>\n<\/table>\n","protected":false},"excerpt":{"rendered":"<p>NOVO EMERALDAS AIRDRIVE LT 2023<br \/>\nDesenvolvido especificamente para a Europa do sul, este modelo de nova conce\u00e7\u00e3o \u00e9 enriquecido com a tecnologia Airdrive Design, permitindo uma rota\u00e7\u00e3o suave e leve, reduzindo o peso do rotor, da bobina e da asa-de-cesto. Oferece uma formid\u00e1vel rela\u00e7\u00e3o qualidade-pre\u00e7o!<\/p>\n","protected":false},"featured_media":5004,"comment_status":"open","ping_status":"closed","template":"","meta":[],"product_brand":[],"product_cat":[45,74,503],"product_tag":[],"class_list":{"0":"post-1966","1":"product","2":"type-product","3":"status-publish","4":"has-post-thumbnail","6":"product_cat-020200-boia-spinning-eging","7":"product_cat-020203-daiwa","8":"product_cat-020600-eging-choco-e-lula","10":"first","11":"instock","12":"taxable","13":"shipping-taxable","14":"purchasable","15":"product-type-variable"},"_links":{"self":[{"href":"https:\/\/idealpesca.com\/loja\/wp-json\/wp\/v2\/product\/1966","targetHints":{"allow":["GET"]}}],"collection":[{"href":"https:\/\/idealpesca.com\/loja\/wp-json\/wp\/v2\/product"}],"about":[{"href":"https:\/\/idealpesca.com\/loja\/wp-json\/wp\/v2\/types\/product"}],"replies":[{"embeddable":true,"href":"https:\/\/idealpesca.com\/loja\/wp-json\/wp\/v2\/comments?post=1966"}],"wp:featuredmedia":[{"embeddable":true,"href":"https:\/\/idealpesca.com\/loja\/wp-json\/wp\/v2\/media\/5004"}],"wp:attachment":[{"href":"https:\/\/idealpesca.com\/loja\/wp-json\/wp\/v2\/media?parent=1966"}],"wp:term":[{"taxonomy":"product_brand","embeddable":true,"href":"https:\/\/idealpesca.com\/loja\/wp-json\/wp\/v2\/product_brand?post=1966"},{"taxonomy":"product_cat","embeddable":true,"href":"https:\/\/idealpesca.com\/loja\/wp-json\/wp\/v2\/product_cat?post=1966"},{"taxonomy":"product_tag","embeddable":true,"href":"https:\/\/idealpesca.com\/loja\/wp-json\/wp\/v2\/product_tag?post=1966"}],"curies":[{"name":"wp","href":"https:\/\/api.w.org\/{rel}","templated":true}]}}