{"id":1959,"date":"2026-03-20T12:20:44","date_gmt":"2026-03-20T12:20:44","guid":{"rendered":"https:\/\/idealpesca.com\/loja\/produto\/geecrack-imoripper-salt-40\/"},"modified":"2026-03-20T23:53:04","modified_gmt":"2026-03-20T23:53:04","slug":"geecrack-imoripper-salt-40","status":"publish","type":"product","link":"https:\/\/idealpesca.com\/loja\/produto\/geecrack-imoripper-salt-40\/","title":{"rendered":"GEECRACK IMORIPPER SALT 40"},"content":{"rendered":"<p>COMPRIMENTO: 4CM.;<\/p>\n<p>QUANTIDADE POR EMBALAGEM: 6 UNIDADES\u00a0<\/p>\n","protected":false},"excerpt":{"rendered":"<p>VINIL DE ALTA QUALIDADE JAPONESA<\/p>\n<p>PRE\u00c7O S\u00d3 DA EMBALAGEM DOS VINIS<br \/>\nCOMBINA COM CABE\u00c7OTES DAIWA JIG HEAD VENDIDOS \u00c0 PARTE NA CATEGORIA DE CABE\u00c7OTES<\/p>\n","protected":false},"featured_media":5205,"comment_status":"open","ping_status":"closed","template":"","meta":[],"product_brand":[],"product_cat":[53,532,194,536],"product_tag":[],"class_list":{"0":"post-1959","1":"product","2":"type-product","3":"status-publish","4":"has-post-thumbnail","6":"product_cat-030400-amostras-vinil","7":"product_cat-030420-geecrack","8":"product_cat-030900-amostras-de-agua-doce","9":"product_cat-0309024-geecrack","11":"first","12":"instock","13":"taxable","14":"shipping-taxable","15":"purchasable","16":"product-type-variable"},"_links":{"self":[{"href":"https:\/\/idealpesca.com\/loja\/wp-json\/wp\/v2\/product\/1959","targetHints":{"allow":["GET"]}}],"collection":[{"href":"https:\/\/idealpesca.com\/loja\/wp-json\/wp\/v2\/product"}],"about":[{"href":"https:\/\/idealpesca.com\/loja\/wp-json\/wp\/v2\/types\/product"}],"replies":[{"embeddable":true,"href":"https:\/\/idealpesca.com\/loja\/wp-json\/wp\/v2\/comments?post=1959"}],"wp:featuredmedia":[{"embeddable":true,"href":"https:\/\/idealpesca.com\/loja\/wp-json\/wp\/v2\/media\/5205"}],"wp:attachment":[{"href":"https:\/\/idealpesca.com\/loja\/wp-json\/wp\/v2\/media?parent=1959"}],"wp:term":[{"taxonomy":"product_brand","embeddable":true,"href":"https:\/\/idealpesca.com\/loja\/wp-json\/wp\/v2\/product_brand?post=1959"},{"taxonomy":"product_cat","embeddable":true,"href":"https:\/\/idealpesca.com\/loja\/wp-json\/wp\/v2\/product_cat?post=1959"},{"taxonomy":"product_tag","embeddable":true,"href":"https:\/\/idealpesca.com\/loja\/wp-json\/wp\/v2\/product_tag?post=1959"}],"curies":[{"name":"wp","href":"https:\/\/api.w.org\/{rel}","templated":true}]}}